{"id":5120,"date":"2019-12-16T09:13:19","date_gmt":"2019-12-16T08:13:19","guid":{"rendered":"http:\/\/marinky.amenity.cz\/our-offer\/"},"modified":"2025-10-24T10:17:51","modified_gmt":"2025-10-24T08:17:51","slug":"our-offer","status":"publish","type":"page","link":"https:\/\/marinky.amenity.cz\/en\/our-offer\/","title":{"rendered":"Our offer"},"content":{"rendered":"<div class=\"wpb-content-wrapper\"><p>[vc_row][vc_column]<div  class=\"empty-space  marg-lg-b35\"><\/div><div class=\"text-block \" ><div class=\"simple-text \"><h1 style=\"text-align: center;\"><b>MENU<\/b><\/h1>\n<h3 style=\"text-align: center;\"><b>Amenity Restaurant Blue Lipno<\/b><\/h3>\n<\/div><\/div><div class=\"text-block \" ><div class=\"simple-text \"><p style=\"text-align: center;\"><strong>Opening hours<\/strong><br \/>\nMo\u2013Sun 11 A.M.\u201310 P.M.<\/p>\n<p style=\"text-align: center;\"><strong>Reservations<\/strong><\/p>\n<p style=\"text-align: center;\"><a href=\"tel:+420380731780\">(+420) 380 731 780<\/a><\/p>\n<p style=\"text-align: center;\"><a href=\"mailto:bluelipno@amenity.cz\">bluelipno@amenity.cz<\/a><\/p>\n<\/div><\/div><div class=\"text-block \" ><div class=\"simple-text \"><h3 style=\"text-align: center;\"><b>Recommended times for visiting the restaurant<\/b><\/h3>\n<p style=\"text-align: center;\"><b>11:00 a.m. \u2013 4:00 p.m.<\/b> daily menu<\/p>\n<p style=\"text-align: center;\"><b>4:00 p.m. \u2013 5:30 p.m.<\/b> sweet treat<\/p>\n<p style=\"text-align: center;\"><b>5:30 p.m. \u2013 8:00 p.m.<\/b> evening buffet<\/p>\n<p style=\"text-align: center;\"><b>8:00 p.m. \u2013 10:00 p.m.<\/b> wine and cocktails<\/p>\n<\/div><\/div><div  class=\"empty-space  marg-lg-b35\"><\/div><div class=\"text-block \" ><div class=\"simple-text \"><p style=\"text-align: center;\">Taste is essential to us. All meals are always fresh.<br \/>\nWe focus on quality and careful handling of fresh raw ingredients, therefore meal preparation requires time.<\/p>\n<\/div><\/div><div  class=\"empty-space  marg-lg-b25\"><\/div>[vc_separator color=&#8221;custom&#8221; border_width=&#8221;2&#8243; el_width=&#8221;50&#8243; accent_color=&#8221;#c7b39a&#8221;][\/vc_column][\/vc_row][vc_row full_width=&#8221;stretch_row_content_no_spaces&#8221; content_placement=&#8221;middle&#8221;][vc_column width=&#8221;1\/3&#8243;][vc_single_image image=&#8221;18232&#8243; img_size=&#8221;595&#215;842&#8243; alignment=&#8221;center&#8221; css=&#8221;&#8221;][\/vc_column][vc_column width=&#8221;1\/3&#8243;][vc_single_image image=&#8221;18241&#8243; img_size=&#8221;595&#215;842&#8243; alignment=&#8221;center&#8221; css=&#8221;&#8221;][\/vc_column][vc_column width=&#8221;1\/3&#8243;][vc_single_image image=&#8221;18238&#8243; img_size=&#8221;595&#215;842&#8243; alignment=&#8221;center&#8221; css=&#8221;&#8221;][\/vc_column][\/vc_row][vc_row full_width=&#8221;stretch_row_content_no_spaces&#8221; content_placement=&#8221;middle&#8221;][vc_column width=&#8221;1\/3&#8243;][vc_single_image image=&#8221;18244&#8243; img_size=&#8221;595&#215;842&#8243; alignment=&#8221;center&#8221; css=&#8221;&#8221;][\/vc_column][vc_column width=&#8221;1\/3&#8243;][vc_single_image image=&#8221;18235&#8243; img_size=&#8221;595&#215;842&#8243; alignment=&#8221;center&#8221; css=&#8221;&#8221;][\/vc_column][vc_column width=&#8221;1\/3&#8243;][\/vc_column][\/vc_row][vc_row full_width=&#8221;stretch_row&#8221;][vc_column]<script>console.log(\"Fotogalerie-restaurace-EN: Please register the Slider Revolution plugin to use premium templates.\")<\/script>\n[\/vc_column][\/vc_row]<\/p>\n<\/div>","protected":false},"excerpt":{"rendered":"<p>[vc_row][vc_column][vc_separator color=&#8221;custom&#8221; border_width=&#8221;2&#8243; el_width=&#8221;50&#8243; accent_color=&#8221;#c7b39a&#8221;][\/vc_column][\/vc_row][vc_row full_width=&#8221;stretch_row_content_no_spaces&#8221; content_placement=&#8221;middle&#8221;][vc_column width=&#8221;1\/3&#8243;][vc_single_image image=&#8221;18232&#8243; img_size=&#8221;595&#215;842&#8243; alignment=&#8221;center&#8221; css=&#8221;&#8221;][\/vc_column][vc_column width=&#8221;1\/3&#8243;][vc_single_image image=&#8221;18241&#8243; img_size=&#8221;595&#215;842&#8243; alignment=&#8221;center&#8221; css=&#8221;&#8221;][\/vc_column][vc_column width=&#8221;1\/3&#8243;][vc_single_image image=&#8221;18238&#8243; img_size=&#8221;595&#215;842&#8243; alignment=&#8221;center&#8221; css=&#8221;&#8221;][\/vc_column][\/vc_row][vc_row full_width=&#8221;stretch_row_content_no_spaces&#8221; content_placement=&#8221;middle&#8221;][vc_column width=&#8221;1\/3&#8243;][vc_single_image image=&#8221;18244&#8243; img_size=&#8221;595&#215;842&#8243; alignment=&#8221;center&#8221; css=&#8221;&#8221;][\/vc_column][vc_column width=&#8221;1\/3&#8243;][vc_single_image<\/p>\n","protected":false},"author":2,"featured_media":0,"parent":0,"menu_order":0,"comment_status":"closed","ping_status":"closed","template":"","meta":{"footnotes":""},"class_list":["post-5120","page","type-page","status-publish","hentry"],"yoast_head":"<!-- This site is optimized with the Yoast SEO Premium plugin v27.3 (Yoast SEO v27.3) - https:\/\/yoast.com\/product\/yoast-seo-premium-wordpress\/ -->\n<title>Our offer - Restaurace Blue Lipno - Amenity - Lipno nad Vltavou<\/title>\n<meta name=\"description\" content=\"Chu\u0165 je pro n\u00e1s podstatn\u00e1. V\u0161echna j\u00eddla z na\u0161\u00ed kuchyn\u011b jsou v\u017edy \u010derstv\u00e1.Zam\u011b\u0159ujeme se na kvalitu a \u0161etrn\u00e9 zach\u00e1zen\u00ed s \u010derstv\u00fdmi surovinami, proto p\u0159\u00edprava pokrm\u016f vy\u017eaduje sv\u016fj \u010das.\" \/>\n<meta name=\"robots\" content=\"noindex, follow, max-snippet:-1, max-image-preview:large, max-video-preview:-1\" \/>\n<meta property=\"og:locale\" content=\"en_US\" \/>\n<meta property=\"og:type\" content=\"article\" \/>\n<meta property=\"og:title\" content=\"Our offer\" \/>\n<meta property=\"og:description\" content=\"Chu\u0165 je pro n\u00e1s podstatn\u00e1. V\u0161echna j\u00eddla z na\u0161\u00ed kuchyn\u011b jsou v\u017edy \u010derstv\u00e1.Zam\u011b\u0159ujeme se na kvalitu a \u0161etrn\u00e9 zach\u00e1zen\u00ed s \u010derstv\u00fdmi surovinami, proto p\u0159\u00edprava pokrm\u016f vy\u017eaduje sv\u016fj \u010das.\" \/>\n<meta property=\"og:url\" content=\"https:\/\/marinky.amenity.cz\/en\/our-offer\/\" \/>\n<meta property=\"og:site_name\" content=\"Amenity Marinky\" \/>\n<meta property=\"article:modified_time\" content=\"2025-10-24T08:17:51+00:00\" \/>\n<meta name=\"twitter:card\" content=\"summary_large_image\" \/>\n<meta name=\"twitter:label1\" content=\"Est. reading time\" \/>\n\t<meta name=\"twitter:data1\" content=\"1 minute\" \/>\n<script type=\"application\/ld+json\" class=\"yoast-schema-graph\">{\"@context\":\"https:\\\/\\\/schema.org\",\"@graph\":[{\"@type\":\"WebPage\",\"@id\":\"https:\\\/\\\/marinky.amenity.cz\\\/en\\\/our-offer\\\/\",\"url\":\"https:\\\/\\\/marinky.amenity.cz\\\/en\\\/our-offer\\\/\",\"name\":\"Our offer - Restaurace Blue Lipno - Amenity - Lipno nad Vltavou\",\"isPartOf\":{\"@id\":\"https:\\\/\\\/marinky.amenity.cz\\\/en\\\/cs\\\/#website\"},\"datePublished\":\"2019-12-16T08:13:19+00:00\",\"dateModified\":\"2025-10-24T08:17:51+00:00\",\"description\":\"Chu\u0165 je pro n\u00e1s podstatn\u00e1. V\u0161echna j\u00eddla z na\u0161\u00ed kuchyn\u011b jsou v\u017edy \u010derstv\u00e1.Zam\u011b\u0159ujeme se na kvalitu a \u0161etrn\u00e9 zach\u00e1zen\u00ed s \u010derstv\u00fdmi surovinami, proto p\u0159\u00edprava pokrm\u016f vy\u017eaduje sv\u016fj \u010das.\",\"breadcrumb\":{\"@id\":\"https:\\\/\\\/marinky.amenity.cz\\\/en\\\/our-offer\\\/#breadcrumb\"},\"inLanguage\":\"en-US\",\"potentialAction\":[{\"@type\":\"ReadAction\",\"target\":[\"https:\\\/\\\/marinky.amenity.cz\\\/en\\\/our-offer\\\/\"]}]},{\"@type\":\"BreadcrumbList\",\"@id\":\"https:\\\/\\\/marinky.amenity.cz\\\/en\\\/our-offer\\\/#breadcrumb\",\"itemListElement\":[{\"@type\":\"ListItem\",\"position\":1,\"name\":\"Dom\u016f\",\"item\":\"https:\\\/\\\/marinky.amenity.cz\\\/en\\\/\"},{\"@type\":\"ListItem\",\"position\":2,\"name\":\"Our offer\"}]},{\"@type\":\"WebSite\",\"@id\":\"https:\\\/\\\/marinky.amenity.cz\\\/en\\\/cs\\\/#website\",\"url\":\"https:\\\/\\\/marinky.amenity.cz\\\/en\\\/cs\\\/\",\"name\":\"Amenity Marinky\",\"description\":\"\",\"potentialAction\":[{\"@type\":\"SearchAction\",\"target\":{\"@type\":\"EntryPoint\",\"urlTemplate\":\"https:\\\/\\\/marinky.amenity.cz\\\/en\\\/cs\\\/?s={search_term_string}\"},\"query-input\":{\"@type\":\"PropertyValueSpecification\",\"valueRequired\":true,\"valueName\":\"search_term_string\"}}],\"inLanguage\":\"en-US\"}]}<\/script>\n<!-- \/ Yoast SEO Premium plugin. -->","yoast_head_json":{"title":"Our offer - Restaurace Blue Lipno - Amenity - Lipno nad Vltavou","description":"Chu\u0165 je pro n\u00e1s podstatn\u00e1. V\u0161echna j\u00eddla z na\u0161\u00ed kuchyn\u011b jsou v\u017edy \u010derstv\u00e1.Zam\u011b\u0159ujeme se na kvalitu a \u0161etrn\u00e9 zach\u00e1zen\u00ed s \u010derstv\u00fdmi surovinami, proto p\u0159\u00edprava pokrm\u016f vy\u017eaduje sv\u016fj \u010das.","robots":{"index":"noindex","follow":"follow","max-snippet":"max-snippet:-1","max-image-preview":"max-image-preview:large","max-video-preview":"max-video-preview:-1"},"og_locale":"en_US","og_type":"article","og_title":"Our offer","og_description":"Chu\u0165 je pro n\u00e1s podstatn\u00e1. V\u0161echna j\u00eddla z na\u0161\u00ed kuchyn\u011b jsou v\u017edy \u010derstv\u00e1.Zam\u011b\u0159ujeme se na kvalitu a \u0161etrn\u00e9 zach\u00e1zen\u00ed s \u010derstv\u00fdmi surovinami, proto p\u0159\u00edprava pokrm\u016f vy\u017eaduje sv\u016fj \u010das.","og_url":"https:\/\/marinky.amenity.cz\/en\/our-offer\/","og_site_name":"Amenity Marinky","article_modified_time":"2025-10-24T08:17:51+00:00","twitter_card":"summary_large_image","twitter_misc":{"Est. reading time":"1 minute"},"schema":{"@context":"https:\/\/schema.org","@graph":[{"@type":"WebPage","@id":"https:\/\/marinky.amenity.cz\/en\/our-offer\/","url":"https:\/\/marinky.amenity.cz\/en\/our-offer\/","name":"Our offer - Restaurace Blue Lipno - Amenity - Lipno nad Vltavou","isPartOf":{"@id":"https:\/\/marinky.amenity.cz\/en\/cs\/#website"},"datePublished":"2019-12-16T08:13:19+00:00","dateModified":"2025-10-24T08:17:51+00:00","description":"Chu\u0165 je pro n\u00e1s podstatn\u00e1. V\u0161echna j\u00eddla z na\u0161\u00ed kuchyn\u011b jsou v\u017edy \u010derstv\u00e1.Zam\u011b\u0159ujeme se na kvalitu a \u0161etrn\u00e9 zach\u00e1zen\u00ed s \u010derstv\u00fdmi surovinami, proto p\u0159\u00edprava pokrm\u016f vy\u017eaduje sv\u016fj \u010das.","breadcrumb":{"@id":"https:\/\/marinky.amenity.cz\/en\/our-offer\/#breadcrumb"},"inLanguage":"en-US","potentialAction":[{"@type":"ReadAction","target":["https:\/\/marinky.amenity.cz\/en\/our-offer\/"]}]},{"@type":"BreadcrumbList","@id":"https:\/\/marinky.amenity.cz\/en\/our-offer\/#breadcrumb","itemListElement":[{"@type":"ListItem","position":1,"name":"Dom\u016f","item":"https:\/\/marinky.amenity.cz\/en\/"},{"@type":"ListItem","position":2,"name":"Our offer"}]},{"@type":"WebSite","@id":"https:\/\/marinky.amenity.cz\/en\/cs\/#website","url":"https:\/\/marinky.amenity.cz\/en\/cs\/","name":"Amenity Marinky","description":"","potentialAction":[{"@type":"SearchAction","target":{"@type":"EntryPoint","urlTemplate":"https:\/\/marinky.amenity.cz\/en\/cs\/?s={search_term_string}"},"query-input":{"@type":"PropertyValueSpecification","valueRequired":true,"valueName":"search_term_string"}}],"inLanguage":"en-US"}]}},"_links":{"self":[{"href":"https:\/\/marinky.amenity.cz\/en\/wp-json\/wp\/v2\/pages\/5120","targetHints":{"allow":["GET"]}}],"collection":[{"href":"https:\/\/marinky.amenity.cz\/en\/wp-json\/wp\/v2\/pages"}],"about":[{"href":"https:\/\/marinky.amenity.cz\/en\/wp-json\/wp\/v2\/types\/page"}],"author":[{"embeddable":true,"href":"https:\/\/marinky.amenity.cz\/en\/wp-json\/wp\/v2\/users\/2"}],"replies":[{"embeddable":true,"href":"https:\/\/marinky.amenity.cz\/en\/wp-json\/wp\/v2\/comments?post=5120"}],"version-history":[{"count":23,"href":"https:\/\/marinky.amenity.cz\/en\/wp-json\/wp\/v2\/pages\/5120\/revisions"}],"predecessor-version":[{"id":18294,"href":"https:\/\/marinky.amenity.cz\/en\/wp-json\/wp\/v2\/pages\/5120\/revisions\/18294"}],"wp:attachment":[{"href":"https:\/\/marinky.amenity.cz\/en\/wp-json\/wp\/v2\/media?parent=5120"}],"curies":[{"name":"wp","href":"https:\/\/api.w.org\/{rel}","templated":true}]}}