{"id":4305,"date":"2019-10-28T14:50:27","date_gmt":"2019-10-28T13:50:27","guid":{"rendered":"http:\/\/lipno.amenityhotels.com\/special-offers\/"},"modified":"2026-03-26T09:44:55","modified_gmt":"2026-03-26T08:44:55","slug":"special-offers","status":"publish","type":"page","link":"https:\/\/marinky.amenity.cz\/en\/special-offers\/","title":{"rendered":"SPECIAL OFFERS"},"content":{"rendered":"<div class=\"wpb-content-wrapper\"><p>[vc_row full_width=&#8221;stretch_row&#8221;][vc_column]<script>console.log(\"Fotogalerie-sluzby-stranka-EN: Please register the Slider Revolution plugin to use premium templates.\")<\/script>\n[\/vc_column][\/vc_row][vc_row][vc_column]<div  class=\"empty-space  marg-lg-b35\"><\/div><div class=\"text-block \" ><div class=\"simple-text \"><h1 style=\"text-align: center;\">Special offers &amp; news<\/h1>\n<\/div><\/div><div  class=\"empty-space  marg-lg-b25\"><\/div>[vc_separator color=&#8221;custom&#8221; border_width=&#8221;2&#8243; el_width=&#8221;50&#8243; accent_color=&#8221;#c7b39a&#8221;]<div  class=\"empty-space  marg-lg-b10\"><\/div>[\/vc_column][\/vc_row][vc_row full_width=&#8221;stretch_row_content_no_spaces&#8221; bg_type=&#8221;bg_color&#8221; bg_color_value=&#8221;#293635&#8243;][vc_column]<div  class=\"empty-space  marg-lg-b35\"><\/div>[vc_raw_js]JTNDc2NyaXB0JTNFJTBBJTIwJTIwJTIwJTIwJTIwJTIwJTIwJTIwJTI4ZnVuY3Rpb24lMjAlMjh3JTJDZCUyQ3MlMkNvJTJDZiUyQ2pzJTJDZmpzJTI5JTIwJTdCJTBBJTIwJTIwJTIwJTIwJTIwJTIwJTIwJTIwJTIwJTIwJTIwJTIwdyU1QiUyN2VjbS13aWRnZXQlMjclNUQlM0RvJTNCdyU1Qm8lNUQlMjAlM0QlMjB3JTVCbyU1RCUyMCU3QyU3QyUyMGZ1bmN0aW9uJTIwJTI4JTI5JTIwJTdCJTIwJTI4dyU1Qm8lNUQucSUyMCUzRCUyMHclNUJvJTVELnElMjAlN0MlN0MlMjAlNUIlNUQlMjkucHVzaCUyOGFyZ3VtZW50cyUyOSUyMCU3RCUzQiUwQSUyMCUyMCUyMCUyMCUyMCUyMCUyMCUyMCUyMCUyMCUyMCUyMGpzJTIwJTNEJTIwZC5jcmVhdGVFbGVtZW50JTI4cyUyOSUyQyUyMGZqcyUyMCUzRCUyMGQuZ2V0RWxlbWVudHNCeVRhZ05hbWUlMjhzJTI5JTVCMCU1RCUzQiUwQSUyMCUyMCUyMCUyMCUyMCUyMCUyMCUyMCUyMCUyMCUyMCUyMGpzLmlkJTIwJTNEJTIwJTI3MTctNWE0MzQ1ZTJjZmMyMGRiOTQ2ZDg2NjJhOTc2MjEzZjIlMjclM0IlMjBqcy5kYXRhc2V0LmElMjAlM0QlMjAlMjdhbWVuaXR5cmVzb3J0cyUyNyUzQiUyMGpzLnNyYyUyMCUzRCUyMGYlM0IlMjBqcy5hc3luYyUyMCUzRCUyMDElM0IlMjBmanMucGFyZW50Tm9kZS5pbnNlcnRCZWZvcmUlMjhqcyUyQyUyMGZqcyUyOSUzQiUwQSUyMCUyMCUyMCUyMCUyMCUyMCUyMCUyMCU3RCUyOHdpbmRvdyUyQyUyMGRvY3VtZW50JTJDJTIwJTI3c2NyaXB0JTI3JTJDJTIwJTI3ZWNtd2lkZ2V0JTI3JTJDJTIwJTI3aHR0cHMlM0ElMkYlMkZkNzBzaGw3dmlkdGZ0LmNsb3VkZnJvbnQubmV0JTJGd2lkZ2V0LmpzJTI3JTI5JTI5JTNCJTBBJTIwJTIwJTIwJTIwJTNDJTJGc2NyaXB0JTNFJTBBJTIwJTIwJTIwJTIwJTIwJTIwJTIwJTIwJTIwJTIwJTIwJTIwJTNDZGl2JTIwaWQlM0QlMjJmLTE3LTVhNDM0NWUyY2ZjMjBkYjk0NmQ4NjYyYTk3NjIxM2YyJTIyJTNFJTNDJTJGZGl2JTNF[\/vc_raw_js]<div  class=\"empty-space  marg-lg-b25\"><\/div>[\/vc_column][\/vc_row][vc_row full_width=&#8221;stretch_row_content_no_spaces&#8221;][vc_column offset=&#8221;vc_hidden-sm vc_hidden-xs&#8221;]<div  class=\"hb-text-block__wrapper style1\"><div class=\"row\"><div class=\"col-md-6\"><div class=\"hb-image__block\"><img decoding=\"async\" src=\"https:\/\/marinky.amenity.cz\/wp-content\/uploads\/sites\/16\/2022\/03\/750x625_lego.jpg\" alt=\"\" \/><\/div><\/div><div class=\"col-md-6\"><div class=\"hb-text_block_content\"><div class=\"hb-text-block___inner_wrapper\"><div class=\"featured-rooms-slider__title title-color-black\">Czech RepuBRICK - Exhibition of Lego that the world has not seen!<\/div><div class=\"featured-rooms-slider__text content-color-grey\"><strong>Czech monuments, cult film scenes and crash cars have turned into giant models made of lego cubes.<\/strong><\/p>\n<p>V\u00edta, the Hlubok\u00e1 nad Vltavou chateau or, for example, the Je\u0161t\u011bd transmitter. On an area of \u200b\u200b2,000 m2, you will find more than 40 gigantic buildings, film heroes, breathtaking technical models to control, an abundance of unusual stories and great lego jokes, from which you will grab your belly.<\/div><a class=\"btn btn--md btn--normal\" href=\"http:\/\/marinky.amenity.cz\/de\/lego-ausstellung-czech-repubrick\/\" title=\"Lego Ausstellung Czech repubrick\" target=\"_self\">FIND MORE<\/a><\/div><\/div><\/div><\/div><\/div>[\/vc_column][vc_column offset=&#8221;vc_hidden-lg vc_hidden-md&#8221;]<div  class=\"hb-text-block__wrapper style1\"><div class=\"row\"><div class=\"col-md-6\"><div class=\"hb-image__block\"><img decoding=\"async\" src=\"https:\/\/marinky.amenity.cz\/wp-content\/uploads\/sites\/16\/2022\/03\/750x625_lego.jpg\" alt=\"\" \/><\/div><\/div><div class=\"col-md-6\"><div class=\"hb-text_block_content\"><div class=\"hb-text-block___inner_wrapper\"><div class=\"featured-rooms-slider__title title-color-black\">Czech RepuBRICK - Exhibition of Lego that the world has not seen!<\/div><div class=\"featured-rooms-slider__text content-color-grey\"><strong>Czech monuments, cult film scenes and crash cars have turned into giant models made of lego cubes.<\/strong><\/p>\n<p>V\u00edta, the Hlubok\u00e1 nad Vltavou chateau or, for example, the Je\u0161t\u011bd transmitter. On an area of \u200b\u200b2,000 m2, you will find more than 40 gigantic buildings, film heroes, breathtaking technical models to control, an abundance of unusual stories and great lego jokes, from which you will grab your belly.<\/div><a class=\"btn btn--md btn--normal\" href=\"http:\/\/marinky.amenity.cz\/de\/lego-ausstellung-czech-repubrick\/\" title=\"Lego Ausstellung Czech repubrick\" target=\"_self\">FIND MORE<\/a><\/div><\/div><\/div><\/div><\/div>[\/vc_column][\/vc_row][vc_row full_width=&#8221;stretch_row_content_no_spaces&#8221;][vc_column offset=&#8221;vc_hidden-sm vc_hidden-xs&#8221;]<div  class=\"hb-text-block__wrapper style2\"><div class=\"row\"><div class=\"col-md-6\"><div class=\"hb-text_block_content\"><div class=\"hb-text-block___inner_wrapper text-right\"><div class=\"featured-rooms-slider__title title-color-black\">Special Price for Guests<\/div><div class=\"featured-rooms-slider__text content-color-grey\">All of our guests received a 20% discount on admission to the wellness centre and sports facilities in Sport Arena, which is located right on the grounds of Amenity Resort Lipno.<br \/>\n* The discount does not apply to pool, massages, outdoor sports rental or bowling<\/div><a class=\"btn btn--md btn--normal\" href=\"http:\/\/marinky.amenity.cz\/en\/wellness\/\" title=\"Wellness\" target=\"_self\">FIND MORE<\/a><\/div><\/div><\/div><div class=\"col-md-6\"><div class=\"hb-image__block\"><img decoding=\"async\" src=\"https:\/\/marinky.amenity.cz\/wp-content\/uploads\/sites\/16\/2025\/10\/fitness-lipno-amenity_750x625.jpg\" alt=\"\" \/><\/div><\/div><\/div><\/div>[\/vc_column][vc_column offset=&#8221;vc_hidden-lg vc_hidden-md&#8221;]<div  class=\"hb-text-block__wrapper style1\"><div class=\"row\"><div class=\"col-md-6\"><div class=\"hb-image__block\"><img decoding=\"async\" src=\"https:\/\/marinky.amenity.cz\/wp-content\/uploads\/sites\/16\/2025\/10\/fitness-lipno-amenity_750x625.jpg\" alt=\"\" \/><\/div><\/div><div class=\"col-md-6\"><div class=\"hb-text_block_content\"><div class=\"hb-text-block___inner_wrapper\"><div class=\"featured-rooms-slider__title title-color-black\">Special Price for Guests<\/div><div class=\"featured-rooms-slider__text content-color-grey\">All of our guests received a 20% discount on admission to the wellness centre and sports facilities in Sport Arena, which is located right on the grounds of Amenity Resort Lipno.<br \/>\n* The discount does not apply to pool, massages, outdoor sports rental or bowling<\/div><a class=\"btn btn--md btn--normal\" href=\"http:\/\/marinky.amenity.cz\/en\/wellness\/\" title=\"Wellness\" target=\"_self\">FIND MORE<\/a><\/div><\/div><\/div><\/div><\/div>[\/vc_column][\/vc_row][vc_row full_width=&#8221;stretch_row_content_no_spaces&#8221;][vc_column offset=&#8221;vc_hidden-sm vc_hidden-xs&#8221;]<div  class=\"hb-text-block__wrapper style1\"><div class=\"row\"><div class=\"col-md-6\"><div class=\"hb-image__block\"><img decoding=\"async\" src=\"https:\/\/marinky.amenity.cz\/wp-content\/uploads\/sites\/16\/2022\/03\/750x625_fit.jpg\" alt=\"\" \/><\/div><\/div><div class=\"col-md-6\"><div class=\"hb-text_block_content\"><div class=\"hb-text-block___inner_wrapper\"><div class=\"featured-rooms-slider__title title-color-black\">Sport Arena \u2013 New Professional Fitness Centre<\/div><div class=\"featured-rooms-slider__text content-color-grey\">The Amenity Resort Lipno fitness centre will surprise you in many ways, but the view over the Lipno reservoir is spectacular.<br \/>\nThe 124 sqm centre has a cardio zone with top-of-the-line treadmills and stationary bikes.<\/div><a class=\"btn btn--md btn--normal\" href=\"http:\/\/marinky.amenity.cz\/en\/professional-fitness-centre\/\" title=\"professional fitness centre\" target=\"_blank\">FIND MORE<\/a><\/div><\/div><\/div><\/div><\/div>[\/vc_column][vc_column offset=&#8221;vc_hidden-lg vc_hidden-md&#8221;]<div  class=\"hb-text-block__wrapper style1\"><div class=\"row\"><div class=\"col-md-6\"><div class=\"hb-image__block\"><img decoding=\"async\" src=\"https:\/\/marinky.amenity.cz\/wp-content\/uploads\/sites\/16\/2022\/03\/750x625_fit.jpg\" alt=\"\" \/><\/div><\/div><div class=\"col-md-6\"><div class=\"hb-text_block_content\"><div class=\"hb-text-block___inner_wrapper\"><div class=\"featured-rooms-slider__title title-color-black\">Sport Arena \u2013 New Professional Fitness Centre<\/div><div class=\"featured-rooms-slider__text content-color-grey\">The Amenity Resort Lipno fitness centre will surprise you in many ways, but the view over the Lipno reservoir is spectacular.<br \/>\nThe 124 sqm centre has a cardio zone with top-of-the-line treadmills and stationary bikes.<\/div><a class=\"btn btn--md btn--normal\" href=\"http:\/\/marinky.amenity.cz\/en\/professional-fitness-centre\/\" title=\"professional fitness centre\" target=\"_blank\">FIND MORE<\/a><\/div><\/div><\/div><\/div><\/div>[\/vc_column][\/vc_row][vc_row full_width=&#8221;stretch_row_content_no_spaces&#8221;][vc_column offset=&#8221;vc_hidden-sm vc_hidden-xs&#8221;]<div  class=\"hb-text-block__wrapper style2\"><div class=\"row\"><div class=\"col-md-6\"><div class=\"hb-text_block_content\"><div class=\"hb-text-block___inner_wrapper text-right\"><div class=\"featured-rooms-slider__title title-color-black\">Accommodation gift vouchers<\/div><div class=\"featured-rooms-slider__text content-color-grey\">Give your loved ones gift vouchers for the most beautiful locations in Bohemia: Lipno, \u0160pindler\u016fv Ml\u00fdn, Orlick\u00e9 hory, Horn\u00ed V\u011bstonice or Czech Canada. Choose the value of the gift voucher, write a message and you have the perfect gift.<\/div><a class=\"btn btn--md btn--normal\" href=\"http:\/\/eshop.amenity.cz\" title=\"VOUCHER\" target=\"_blank\">BUY VOUCHER<\/a><\/div><\/div><\/div><div class=\"col-md-6\"><div class=\"hb-image__block\"><img decoding=\"async\" src=\"https:\/\/marinky.amenity.cz\/wp-content\/uploads\/sites\/16\/2022\/02\/amenity-voucher_750x625.jpg\" alt=\"\" \/><\/div><\/div><\/div><\/div>[\/vc_column][vc_column offset=&#8221;vc_hidden-lg vc_hidden-md&#8221;]<div  class=\"hb-text-block__wrapper style1\"><div class=\"row\"><div class=\"col-md-6\"><div class=\"hb-image__block\"><img decoding=\"async\" src=\"https:\/\/marinky.amenity.cz\/wp-content\/uploads\/sites\/16\/2022\/02\/amenity-voucher_750x625.jpg\" alt=\"\" \/><\/div><\/div><div class=\"col-md-6\"><div class=\"hb-text_block_content\"><div class=\"hb-text-block___inner_wrapper\"><div class=\"featured-rooms-slider__title title-color-black\">Accommodation gift vouchers<\/div><div class=\"featured-rooms-slider__text content-color-grey\">Give your loved ones gift vouchers for the most beautiful locations in Bohemia: Lipno, \u0160pindler\u016fv Ml\u00fdn, Orlick\u00e9 hory, Horn\u00ed V\u011bstonice or Czech Canada. Choose the value of the gift voucher, write a message and you have the perfect gift.<\/div><a class=\"btn btn--md btn--normal\" href=\"http:\/\/eshop.amenity.cz\" title=\"VOUCHER\" target=\"_blank\">BUY VOUCHER<\/a><\/div><\/div><\/div><\/div><\/div>[\/vc_column][\/vc_row]<\/p>\n<\/div>","protected":false},"excerpt":{"rendered":"<p>[vc_row full_width=&#8221;stretch_row&#8221;][vc_column][\/vc_column][\/vc_row][vc_row][vc_column][vc_separator color=&#8221;custom&#8221; border_width=&#8221;2&#8243; el_width=&#8221;50&#8243; accent_color=&#8221;#c7b39a&#8221;][\/vc_column][\/vc_row][vc_row full_width=&#8221;stretch_row_content_no_spaces&#8221; bg_type=&#8221;bg_color&#8221; bg_color_value=&#8221;#293635&#8243;][vc_column][vc_raw_js]JTNDc2NyaXB0JTNFJTBBJTIwJTIwJTIwJTIwJTIwJTIwJTIwJTIwJTI4ZnVuY3Rpb24lMjAlMjh3JTJDZCUyQ3MlMkNvJTJDZiUyQ2pzJTJDZmpzJTI5JTIwJTdCJTBBJTIwJTIwJTIwJTIwJTIwJTIwJTIwJTIwJTIwJTIwJTIwJTIwdyU1QiUyN2VjbS13aWRnZXQlMjclNUQlM0RvJTNCdyU1Qm8lNUQlMjAlM0QlMjB3JTVCbyU1RCUyMCU3QyU3QyUyMGZ1bmN0aW9uJTIwJTI4JTI5JTIwJTdCJTIwJTI4dyU1Qm8lNUQucSUyMCUzRCUyMHclNUJvJTVELnElMjAlN0MlN0MlMjAlNUIlNUQlMjkucHVzaCUyOGFyZ3VtZW50cyUyOSUyMCU3RCUzQiUwQSUyMCUyMCUyMCUyMCUyMCUyMCUyMCUyMCUyMCUyMCUyMCUyMGpzJTIwJTNEJTIwZC5jcmVhdGVFbGVtZW50JTI4cyUyOSUyQyUyMGZqcyUyMCUzRCUyMGQuZ2V0RWxlbWVudHNCeVRhZ05hbWUlMjhzJTI5JTVCMCU1RCUzQiUwQSUyMCUyMCUyMCUyMCUyMCUyMCUyMCUyMCUyMCUyMCUyMCUyMGpzLmlkJTIwJTNEJTIwJTI3MTctNWE0MzQ1ZTJjZmMyMGRiOTQ2ZDg2NjJhOTc2MjEzZjIlMjclM0IlMjBqcy5kYXRhc2V0LmElMjAlM0QlMjAlMjdhbWVuaXR5cmVzb3J0cyUyNyUzQiUyMGpzLnNyYyUyMCUzRCUyMGYlM0IlMjBqcy5hc3luYyUyMCUzRCUyMDElM0IlMjBmanMucGFyZW50Tm9kZS5pbnNlcnRCZWZvcmUlMjhqcyUyQyUyMGZqcyUyOSUzQiUwQSUyMCUyMCUyMCUyMCUyMCUyMCUyMCUyMCU3RCUyOHdpbmRvdyUyQyUyMGRvY3VtZW50JTJDJTIwJTI3c2NyaXB0JTI3JTJDJTIwJTI3ZWNtd2lkZ2V0JTI3JTJDJTIwJTI3aHR0cHMlM0ElMkYlMkZkNzBzaGw3dmlkdGZ0LmNsb3VkZnJvbnQubmV0JTJGd2lkZ2V0LmpzJTI3JTI5JTI5JTNCJTBBJTIwJTIwJTIwJTIwJTNDJTJGc2NyaXB0JTNFJTBBJTIwJTIwJTIwJTIwJTIwJTIwJTIwJTIwJTIwJTIwJTIwJTIwJTNDZGl2JTIwaWQlM0QlMjJmLTE3LTVhNDM0NWUyY2ZjMjBkYjk0NmQ4NjYyYTk3NjIxM2YyJTIyJTNFJTNDJTJGZGl2JTNF[\/vc_raw_js][\/vc_column][\/vc_row][vc_row full_width=&#8221;stretch_row_content_no_spaces&#8221;][vc_column offset=&#8221;vc_hidden-sm vc_hidden-xs&#8221;][\/vc_column][vc_column offset=&#8221;vc_hidden-lg vc_hidden-md&#8221;][\/vc_column][\/vc_row][vc_row full_width=&#8221;stretch_row_content_no_spaces&#8221;][vc_column offset=&#8221;vc_hidden-sm vc_hidden-xs&#8221;][\/vc_column][vc_column offset=&#8221;vc_hidden-lg vc_hidden-md&#8221;][\/vc_column][\/vc_row][vc_row full_width=&#8221;stretch_row_content_no_spaces&#8221;][vc_column offset=&#8221;vc_hidden-sm vc_hidden-xs&#8221;][\/vc_column][vc_column offset=&#8221;vc_hidden-lg vc_hidden-md&#8221;][\/vc_column][\/vc_row][vc_row full_width=&#8221;stretch_row_content_no_spaces&#8221;][vc_column offset=&#8221;vc_hidden-sm vc_hidden-xs&#8221;][\/vc_column][vc_column offset=&#8221;vc_hidden-lg vc_hidden-md&#8221;][\/vc_column][\/vc_row]<\/p>\n","protected":false},"author":2,"featured_media":11495,"parent":0,"menu_order":0,"comment_status":"closed","ping_status":"closed","template":"","meta":{"footnotes":""},"class_list":["post-4305","page","type-page","status-publish","has-post-thumbnail","hentry"],"yoast_head":"<!-- This site is optimized with the Yoast SEO Premium plugin v27.3 (Yoast SEO v27.3) - https:\/\/yoast.com\/product\/yoast-seo-premium-wordpress\/ -->\n<title>SPECIAL OFFERS - Amenity Hotel &amp; Resort Lipno - Lipno nad Vltavou<\/title>\n<meta name=\"description\" content=\"Find out all about the current special offers and events at Amenity Hotel &amp; Resort Lipno. Lipno nad Vltavou. South Bohemia. Czechia.\" \/>\n<meta name=\"robots\" content=\"noindex, follow, max-snippet:-1, max-image-preview:large, max-video-preview:-1\" \/>\n<meta property=\"og:locale\" content=\"en_US\" \/>\n<meta property=\"og:type\" content=\"article\" \/>\n<meta property=\"og:title\" content=\"SPECIAL OFFERS\" \/>\n<meta property=\"og:description\" content=\"Find out all about the current special offers and events at Amenity Hotel &amp; Resort Lipno. Lipno nad Vltavou. South Bohemia. Czechia.\" \/>\n<meta property=\"og:url\" content=\"https:\/\/marinky.amenity.cz\/en\/special-offers\/\" \/>\n<meta property=\"og:site_name\" content=\"Amenity Marinky\" \/>\n<meta property=\"article:modified_time\" content=\"2026-03-26T08:44:55+00:00\" \/>\n<meta property=\"og:image\" content=\"https:\/\/marinky.amenity.cz\/wp-content\/uploads\/sites\/16\/2022\/09\/750x625-mapa.jpg\" \/>\n\t<meta property=\"og:image:width\" content=\"750\" \/>\n\t<meta property=\"og:image:height\" content=\"625\" \/>\n\t<meta property=\"og:image:type\" content=\"image\/jpeg\" \/>\n<meta name=\"twitter:card\" content=\"summary_large_image\" \/>\n<meta name=\"twitter:label1\" content=\"Est. reading time\" \/>\n\t<meta name=\"twitter:data1\" content=\"8 minutes\" \/>\n<script type=\"application\/ld+json\" class=\"yoast-schema-graph\">{\"@context\":\"https:\\\/\\\/schema.org\",\"@graph\":[{\"@type\":\"WebPage\",\"@id\":\"https:\\\/\\\/marinky.amenity.cz\\\/en\\\/special-offers\\\/\",\"url\":\"https:\\\/\\\/marinky.amenity.cz\\\/en\\\/special-offers\\\/\",\"name\":\"SPECIAL OFFERS - Amenity Hotel & Resort Lipno - Lipno nad Vltavou\",\"isPartOf\":{\"@id\":\"https:\\\/\\\/marinky.amenity.cz\\\/en\\\/cs\\\/#website\"},\"primaryImageOfPage\":{\"@id\":\"https:\\\/\\\/marinky.amenity.cz\\\/en\\\/special-offers\\\/#primaryimage\"},\"image\":{\"@id\":\"https:\\\/\\\/marinky.amenity.cz\\\/en\\\/special-offers\\\/#primaryimage\"},\"thumbnailUrl\":\"https:\\\/\\\/marinky.amenity.cz\\\/wp-content\\\/uploads\\\/sites\\\/16\\\/2022\\\/09\\\/750x625-mapa.jpg\",\"datePublished\":\"2019-10-28T13:50:27+00:00\",\"dateModified\":\"2026-03-26T08:44:55+00:00\",\"description\":\"Find out all about the current special offers and events at Amenity Hotel & Resort Lipno. Lipno nad Vltavou. South Bohemia. Czechia.\",\"breadcrumb\":{\"@id\":\"https:\\\/\\\/marinky.amenity.cz\\\/en\\\/special-offers\\\/#breadcrumb\"},\"inLanguage\":\"en-US\",\"potentialAction\":[{\"@type\":\"ReadAction\",\"target\":[\"https:\\\/\\\/marinky.amenity.cz\\\/en\\\/special-offers\\\/\"]}]},{\"@type\":\"ImageObject\",\"inLanguage\":\"en-US\",\"@id\":\"https:\\\/\\\/marinky.amenity.cz\\\/en\\\/special-offers\\\/#primaryimage\",\"url\":\"https:\\\/\\\/marinky.amenity.cz\\\/wp-content\\\/uploads\\\/sites\\\/16\\\/2022\\\/09\\\/750x625-mapa.jpg\",\"contentUrl\":\"https:\\\/\\\/marinky.amenity.cz\\\/wp-content\\\/uploads\\\/sites\\\/16\\\/2022\\\/09\\\/750x625-mapa.jpg\",\"width\":750,\"height\":625},{\"@type\":\"BreadcrumbList\",\"@id\":\"https:\\\/\\\/marinky.amenity.cz\\\/en\\\/special-offers\\\/#breadcrumb\",\"itemListElement\":[{\"@type\":\"ListItem\",\"position\":1,\"name\":\"Dom\u016f\",\"item\":\"https:\\\/\\\/marinky.amenity.cz\\\/en\\\/\"},{\"@type\":\"ListItem\",\"position\":2,\"name\":\"SPECIAL OFFERS\"}]},{\"@type\":\"WebSite\",\"@id\":\"https:\\\/\\\/marinky.amenity.cz\\\/en\\\/cs\\\/#website\",\"url\":\"https:\\\/\\\/marinky.amenity.cz\\\/en\\\/cs\\\/\",\"name\":\"Amenity Marinky\",\"description\":\"\",\"potentialAction\":[{\"@type\":\"SearchAction\",\"target\":{\"@type\":\"EntryPoint\",\"urlTemplate\":\"https:\\\/\\\/marinky.amenity.cz\\\/en\\\/cs\\\/?s={search_term_string}\"},\"query-input\":{\"@type\":\"PropertyValueSpecification\",\"valueRequired\":true,\"valueName\":\"search_term_string\"}}],\"inLanguage\":\"en-US\"}]}<\/script>\n<!-- \/ Yoast SEO Premium plugin. -->","yoast_head_json":{"title":"SPECIAL OFFERS - Amenity Hotel & Resort Lipno - Lipno nad Vltavou","description":"Find out all about the current special offers and events at Amenity Hotel & Resort Lipno. Lipno nad Vltavou. South Bohemia. Czechia.","robots":{"index":"noindex","follow":"follow","max-snippet":"max-snippet:-1","max-image-preview":"max-image-preview:large","max-video-preview":"max-video-preview:-1"},"og_locale":"en_US","og_type":"article","og_title":"SPECIAL OFFERS","og_description":"Find out all about the current special offers and events at Amenity Hotel & Resort Lipno. Lipno nad Vltavou. South Bohemia. Czechia.","og_url":"https:\/\/marinky.amenity.cz\/en\/special-offers\/","og_site_name":"Amenity Marinky","article_modified_time":"2026-03-26T08:44:55+00:00","og_image":[{"width":750,"height":625,"url":"https:\/\/marinky.amenity.cz\/wp-content\/uploads\/sites\/16\/2022\/09\/750x625-mapa.jpg","type":"image\/jpeg"}],"twitter_card":"summary_large_image","twitter_misc":{"Est. reading time":"8 minutes"},"schema":{"@context":"https:\/\/schema.org","@graph":[{"@type":"WebPage","@id":"https:\/\/marinky.amenity.cz\/en\/special-offers\/","url":"https:\/\/marinky.amenity.cz\/en\/special-offers\/","name":"SPECIAL OFFERS - Amenity Hotel & Resort Lipno - Lipno nad Vltavou","isPartOf":{"@id":"https:\/\/marinky.amenity.cz\/en\/cs\/#website"},"primaryImageOfPage":{"@id":"https:\/\/marinky.amenity.cz\/en\/special-offers\/#primaryimage"},"image":{"@id":"https:\/\/marinky.amenity.cz\/en\/special-offers\/#primaryimage"},"thumbnailUrl":"https:\/\/marinky.amenity.cz\/wp-content\/uploads\/sites\/16\/2022\/09\/750x625-mapa.jpg","datePublished":"2019-10-28T13:50:27+00:00","dateModified":"2026-03-26T08:44:55+00:00","description":"Find out all about the current special offers and events at Amenity Hotel & Resort Lipno. Lipno nad Vltavou. South Bohemia. Czechia.","breadcrumb":{"@id":"https:\/\/marinky.amenity.cz\/en\/special-offers\/#breadcrumb"},"inLanguage":"en-US","potentialAction":[{"@type":"ReadAction","target":["https:\/\/marinky.amenity.cz\/en\/special-offers\/"]}]},{"@type":"ImageObject","inLanguage":"en-US","@id":"https:\/\/marinky.amenity.cz\/en\/special-offers\/#primaryimage","url":"https:\/\/marinky.amenity.cz\/wp-content\/uploads\/sites\/16\/2022\/09\/750x625-mapa.jpg","contentUrl":"https:\/\/marinky.amenity.cz\/wp-content\/uploads\/sites\/16\/2022\/09\/750x625-mapa.jpg","width":750,"height":625},{"@type":"BreadcrumbList","@id":"https:\/\/marinky.amenity.cz\/en\/special-offers\/#breadcrumb","itemListElement":[{"@type":"ListItem","position":1,"name":"Dom\u016f","item":"https:\/\/marinky.amenity.cz\/en\/"},{"@type":"ListItem","position":2,"name":"SPECIAL OFFERS"}]},{"@type":"WebSite","@id":"https:\/\/marinky.amenity.cz\/en\/cs\/#website","url":"https:\/\/marinky.amenity.cz\/en\/cs\/","name":"Amenity Marinky","description":"","potentialAction":[{"@type":"SearchAction","target":{"@type":"EntryPoint","urlTemplate":"https:\/\/marinky.amenity.cz\/en\/cs\/?s={search_term_string}"},"query-input":{"@type":"PropertyValueSpecification","valueRequired":true,"valueName":"search_term_string"}}],"inLanguage":"en-US"}]}},"_links":{"self":[{"href":"https:\/\/marinky.amenity.cz\/en\/wp-json\/wp\/v2\/pages\/4305","targetHints":{"allow":["GET"]}}],"collection":[{"href":"https:\/\/marinky.amenity.cz\/en\/wp-json\/wp\/v2\/pages"}],"about":[{"href":"https:\/\/marinky.amenity.cz\/en\/wp-json\/wp\/v2\/types\/page"}],"author":[{"embeddable":true,"href":"https:\/\/marinky.amenity.cz\/en\/wp-json\/wp\/v2\/users\/2"}],"replies":[{"embeddable":true,"href":"https:\/\/marinky.amenity.cz\/en\/wp-json\/wp\/v2\/comments?post=4305"}],"version-history":[{"count":15,"href":"https:\/\/marinky.amenity.cz\/en\/wp-json\/wp\/v2\/pages\/4305\/revisions"}],"predecessor-version":[{"id":18769,"href":"https:\/\/marinky.amenity.cz\/en\/wp-json\/wp\/v2\/pages\/4305\/revisions\/18769"}],"wp:featuredmedia":[{"embeddable":true,"href":"https:\/\/marinky.amenity.cz\/en\/wp-json\/wp\/v2\/media\/11495"}],"wp:attachment":[{"href":"https:\/\/marinky.amenity.cz\/en\/wp-json\/wp\/v2\/media?parent=4305"}],"curies":[{"name":"wp","href":"https:\/\/api.w.org\/{rel}","templated":true}]}}