{"id":5128,"date":"2019-12-16T09:33:01","date_gmt":"2019-12-16T08:33:01","guid":{"rendered":"http:\/\/marinky.amenity.cz\/menu\/"},"modified":"2025-10-24T10:18:06","modified_gmt":"2025-10-24T08:18:06","slug":"menu","status":"publish","type":"page","link":"https:\/\/marinky.amenity.cz\/de\/menu\/","title":{"rendered":"Men\u00fc"},"content":{"rendered":"<div class=\"wpb-content-wrapper\"><p>[vc_row][vc_column]<div  class=\"empty-space  marg-lg-b35\"><\/div><div class=\"text-block \" ><div class=\"simple-text \"><h1 style=\"text-align: center;\"><b>MENU<\/b><\/h1>\n<h3 style=\"text-align: center;\">Amenity Restaurant Blue Lipno<\/h3>\n<\/div><\/div><div class=\"text-block \" ><div class=\"simple-text \"><h3 style=\"text-align: center;\"><b>Empfohlene Zeiten f\u00fcr einen Besuch im Restaurant<\/b><\/h3>\n<p style=\"text-align: center;\"><b>11:00 \u2013 16:00<\/b> Tagesangebot<\/p>\n<p style=\"text-align: center;\"><b>16:00 \u2013 17:30<\/b> S\u00fc\u00dfes<\/p>\n<p style=\"text-align: center;\"><b>17:30 \u2013 20:00<\/b> Abendbuffet<\/p>\n<p style=\"text-align: center;\"><b>20:00 \u2013 22:00<\/b> Wein und Cocktails<\/p>\n<\/div><\/div><div  class=\"empty-space  marg-lg-b35\"><\/div><div class=\"text-block \" ><div class=\"simple-text \"><p style=\"text-align: center;\">Geschmack ist f\u00fcr uns essenziell. Alle Gerichte aus unserer K\u00fcche sind immer frisch, wir legen gro\u00dfen Wert auf Qualit\u00e4t und sorgsamen Umgang mit frischen Zutaten, daher braucht die Zubereitung der Speisen Zeit.<\/p>\n<\/div><\/div><div  class=\"empty-space  marg-lg-b25\"><\/div>[vc_separator color=&#8221;custom&#8221; border_width=&#8221;2&#8243; el_width=&#8221;50&#8243; accent_color=&#8221;#c7b39a&#8221;][\/vc_column][\/vc_row][vc_row full_width=&#8221;stretch_row_content_no_spaces&#8221; content_placement=&#8221;middle&#8221;][vc_column width=&#8221;1\/3&#8243;][vc_single_image image=&#8221;18233&#8243; img_size=&#8221;595&#215;842&#8243; alignment=&#8221;center&#8221; css=&#8221;&#8221;][\/vc_column][vc_column width=&#8221;1\/3&#8243;][vc_single_image image=&#8221;18242&#8243; img_size=&#8221;595&#215;842&#8243; alignment=&#8221;center&#8221; css=&#8221;&#8221;][\/vc_column][vc_column width=&#8221;1\/3&#8243;][vc_single_image image=&#8221;18239&#8243; img_size=&#8221;595&#215;842&#8243; alignment=&#8221;center&#8221; css=&#8221;&#8221;][\/vc_column][\/vc_row][vc_row full_width=&#8221;stretch_row_content_no_spaces&#8221; content_placement=&#8221;middle&#8221;][vc_column width=&#8221;1\/3&#8243;][vc_single_image image=&#8221;18245&#8243; img_size=&#8221;595&#215;842&#8243; alignment=&#8221;center&#8221; css=&#8221;&#8221;][\/vc_column][vc_column width=&#8221;1\/3&#8243;][vc_single_image image=&#8221;18236&#8243; img_size=&#8221;595&#215;842&#8243; alignment=&#8221;center&#8221; css=&#8221;&#8221;][\/vc_column][vc_column width=&#8221;1\/3&#8243;][\/vc_column][\/vc_row][vc_row][vc_column]<script>console.log(\"Fotogalerie-restaurace-EN: Please register the Slider Revolution plugin to use premium templates.\")<\/script>\n[\/vc_column][\/vc_row]<\/p>\n<\/div>","protected":false},"excerpt":{"rendered":"<p>[vc_row][vc_column][vc_separator color=&#8221;custom&#8221; border_width=&#8221;2&#8243; el_width=&#8221;50&#8243; accent_color=&#8221;#c7b39a&#8221;][\/vc_column][\/vc_row][vc_row full_width=&#8221;stretch_row_content_no_spaces&#8221; content_placement=&#8221;middle&#8221;][vc_column width=&#8221;1\/3&#8243;][vc_single_image image=&#8221;18233&#8243; img_size=&#8221;595&#215;842&#8243; alignment=&#8221;center&#8221; css=&#8221;&#8221;][\/vc_column][vc_column width=&#8221;1\/3&#8243;][vc_single_image image=&#8221;18242&#8243; img_size=&#8221;595&#215;842&#8243; alignment=&#8221;center&#8221; css=&#8221;&#8221;][\/vc_column][vc_column width=&#8221;1\/3&#8243;][vc_single_image image=&#8221;18239&#8243; img_size=&#8221;595&#215;842&#8243; alignment=&#8221;center&#8221; css=&#8221;&#8221;][\/vc_column][\/vc_row][vc_row full_width=&#8221;stretch_row_content_no_spaces&#8221; content_placement=&#8221;middle&#8221;][vc_column width=&#8221;1\/3&#8243;][vc_single_image image=&#8221;18245&#8243; img_size=&#8221;595&#215;842&#8243; alignment=&#8221;center&#8221; css=&#8221;&#8221;][\/vc_column][vc_column width=&#8221;1\/3&#8243;][vc_single_image<\/p>\n","protected":false},"author":2,"featured_media":0,"parent":0,"menu_order":0,"comment_status":"closed","ping_status":"closed","template":"","meta":{"footnotes":""},"class_list":["post-5128","page","type-page","status-publish","hentry"],"yoast_head":"<!-- This site is optimized with the Yoast SEO Premium plugin v27.3 (Yoast SEO v27.3) - https:\/\/yoast.com\/product\/yoast-seo-premium-wordpress\/ -->\n<title>Men\u00fc | Restaurant Blue Lipno - Amenity Resort Lipno - Lipno nad Vltavou<\/title>\n<meta name=\"description\" content=\"Geschmack ist f\u00fcr uns essenziell. Alle Gerichte aus unserer K\u00fcche sind immer frisch, wir legen gro\u00dfen Wert auf Qualit\u00e4t und sorgsamen Umgang mit frischen Zutaten, daher braucht die Zubereitung der Speisen Zeit.\" \/>\n<meta name=\"robots\" content=\"noindex, follow, max-snippet:-1, max-image-preview:large, max-video-preview:-1\" \/>\n<meta property=\"og:locale\" content=\"de_DE\" \/>\n<meta property=\"og:type\" content=\"article\" \/>\n<meta property=\"og:title\" content=\"Men\u00fc\" \/>\n<meta property=\"og:description\" content=\"Geschmack ist f\u00fcr uns essenziell. Alle Gerichte aus unserer K\u00fcche sind immer frisch, wir legen gro\u00dfen Wert auf Qualit\u00e4t und sorgsamen Umgang mit frischen Zutaten, daher braucht die Zubereitung der Speisen Zeit.\" \/>\n<meta property=\"og:url\" content=\"https:\/\/marinky.amenity.cz\/de\/menu\/\" \/>\n<meta property=\"og:site_name\" content=\"Amenity Marinky\" \/>\n<meta property=\"article:modified_time\" content=\"2025-10-24T08:18:06+00:00\" \/>\n<meta name=\"twitter:card\" content=\"summary_large_image\" \/>\n<meta name=\"twitter:label1\" content=\"Gesch\u00e4tzte Lesezeit\" \/>\n\t<meta name=\"twitter:data1\" content=\"1\u00a0Minute\" \/>\n<script type=\"application\/ld+json\" class=\"yoast-schema-graph\">{\"@context\":\"https:\\\/\\\/schema.org\",\"@graph\":[{\"@type\":\"WebPage\",\"@id\":\"https:\\\/\\\/marinky.amenity.cz\\\/de\\\/menu\\\/\",\"url\":\"https:\\\/\\\/marinky.amenity.cz\\\/de\\\/menu\\\/\",\"name\":\"Men\u00fc | Restaurant Blue Lipno - Amenity Resort Lipno - Lipno nad Vltavou\",\"isPartOf\":{\"@id\":\"https:\\\/\\\/marinky.amenity.cz\\\/de\\\/cs\\\/#website\"},\"datePublished\":\"2019-12-16T08:33:01+00:00\",\"dateModified\":\"2025-10-24T08:18:06+00:00\",\"description\":\"Geschmack ist f\u00fcr uns essenziell. Alle Gerichte aus unserer K\u00fcche sind immer frisch, wir legen gro\u00dfen Wert auf Qualit\u00e4t und sorgsamen Umgang mit frischen Zutaten, daher braucht die Zubereitung der Speisen Zeit.\",\"breadcrumb\":{\"@id\":\"https:\\\/\\\/marinky.amenity.cz\\\/de\\\/menu\\\/#breadcrumb\"},\"inLanguage\":\"de\",\"potentialAction\":[{\"@type\":\"ReadAction\",\"target\":[\"https:\\\/\\\/marinky.amenity.cz\\\/de\\\/menu\\\/\"]}]},{\"@type\":\"BreadcrumbList\",\"@id\":\"https:\\\/\\\/marinky.amenity.cz\\\/de\\\/menu\\\/#breadcrumb\",\"itemListElement\":[{\"@type\":\"ListItem\",\"position\":1,\"name\":\"Dom\u016f\",\"item\":\"https:\\\/\\\/marinky.amenity.cz\\\/de\\\/\"},{\"@type\":\"ListItem\",\"position\":2,\"name\":\"Men\u00fc\"}]},{\"@type\":\"WebSite\",\"@id\":\"https:\\\/\\\/marinky.amenity.cz\\\/de\\\/cs\\\/#website\",\"url\":\"https:\\\/\\\/marinky.amenity.cz\\\/de\\\/cs\\\/\",\"name\":\"Amenity Marinky\",\"description\":\"\",\"potentialAction\":[{\"@type\":\"SearchAction\",\"target\":{\"@type\":\"EntryPoint\",\"urlTemplate\":\"https:\\\/\\\/marinky.amenity.cz\\\/de\\\/cs\\\/?s={search_term_string}\"},\"query-input\":{\"@type\":\"PropertyValueSpecification\",\"valueRequired\":true,\"valueName\":\"search_term_string\"}}],\"inLanguage\":\"de\"}]}<\/script>\n<!-- \/ Yoast SEO Premium plugin. -->","yoast_head_json":{"title":"Men\u00fc | Restaurant Blue Lipno - Amenity Resort Lipno - Lipno nad Vltavou","description":"Geschmack ist f\u00fcr uns essenziell. Alle Gerichte aus unserer K\u00fcche sind immer frisch, wir legen gro\u00dfen Wert auf Qualit\u00e4t und sorgsamen Umgang mit frischen Zutaten, daher braucht die Zubereitung der Speisen Zeit.","robots":{"index":"noindex","follow":"follow","max-snippet":"max-snippet:-1","max-image-preview":"max-image-preview:large","max-video-preview":"max-video-preview:-1"},"og_locale":"de_DE","og_type":"article","og_title":"Men\u00fc","og_description":"Geschmack ist f\u00fcr uns essenziell. Alle Gerichte aus unserer K\u00fcche sind immer frisch, wir legen gro\u00dfen Wert auf Qualit\u00e4t und sorgsamen Umgang mit frischen Zutaten, daher braucht die Zubereitung der Speisen Zeit.","og_url":"https:\/\/marinky.amenity.cz\/de\/menu\/","og_site_name":"Amenity Marinky","article_modified_time":"2025-10-24T08:18:06+00:00","twitter_card":"summary_large_image","twitter_misc":{"Gesch\u00e4tzte Lesezeit":"1\u00a0Minute"},"schema":{"@context":"https:\/\/schema.org","@graph":[{"@type":"WebPage","@id":"https:\/\/marinky.amenity.cz\/de\/menu\/","url":"https:\/\/marinky.amenity.cz\/de\/menu\/","name":"Men\u00fc | Restaurant Blue Lipno - Amenity Resort Lipno - Lipno nad Vltavou","isPartOf":{"@id":"https:\/\/marinky.amenity.cz\/de\/cs\/#website"},"datePublished":"2019-12-16T08:33:01+00:00","dateModified":"2025-10-24T08:18:06+00:00","description":"Geschmack ist f\u00fcr uns essenziell. Alle Gerichte aus unserer K\u00fcche sind immer frisch, wir legen gro\u00dfen Wert auf Qualit\u00e4t und sorgsamen Umgang mit frischen Zutaten, daher braucht die Zubereitung der Speisen Zeit.","breadcrumb":{"@id":"https:\/\/marinky.amenity.cz\/de\/menu\/#breadcrumb"},"inLanguage":"de","potentialAction":[{"@type":"ReadAction","target":["https:\/\/marinky.amenity.cz\/de\/menu\/"]}]},{"@type":"BreadcrumbList","@id":"https:\/\/marinky.amenity.cz\/de\/menu\/#breadcrumb","itemListElement":[{"@type":"ListItem","position":1,"name":"Dom\u016f","item":"https:\/\/marinky.amenity.cz\/de\/"},{"@type":"ListItem","position":2,"name":"Men\u00fc"}]},{"@type":"WebSite","@id":"https:\/\/marinky.amenity.cz\/de\/cs\/#website","url":"https:\/\/marinky.amenity.cz\/de\/cs\/","name":"Amenity Marinky","description":"","potentialAction":[{"@type":"SearchAction","target":{"@type":"EntryPoint","urlTemplate":"https:\/\/marinky.amenity.cz\/de\/cs\/?s={search_term_string}"},"query-input":{"@type":"PropertyValueSpecification","valueRequired":true,"valueName":"search_term_string"}}],"inLanguage":"de"}]}},"_links":{"self":[{"href":"https:\/\/marinky.amenity.cz\/de\/wp-json\/wp\/v2\/pages\/5128","targetHints":{"allow":["GET"]}}],"collection":[{"href":"https:\/\/marinky.amenity.cz\/de\/wp-json\/wp\/v2\/pages"}],"about":[{"href":"https:\/\/marinky.amenity.cz\/de\/wp-json\/wp\/v2\/types\/page"}],"author":[{"embeddable":true,"href":"https:\/\/marinky.amenity.cz\/de\/wp-json\/wp\/v2\/users\/2"}],"replies":[{"embeddable":true,"href":"https:\/\/marinky.amenity.cz\/de\/wp-json\/wp\/v2\/comments?post=5128"}],"version-history":[{"count":22,"href":"https:\/\/marinky.amenity.cz\/de\/wp-json\/wp\/v2\/pages\/5128\/revisions"}],"predecessor-version":[{"id":18295,"href":"https:\/\/marinky.amenity.cz\/de\/wp-json\/wp\/v2\/pages\/5128\/revisions\/18295"}],"wp:attachment":[{"href":"https:\/\/marinky.amenity.cz\/de\/wp-json\/wp\/v2\/media?parent=5128"}],"curies":[{"name":"wp","href":"https:\/\/api.w.org\/{rel}","templated":true}]}}