{"id":4769,"date":"2019-11-25T09:56:47","date_gmt":"2019-11-25T08:56:47","guid":{"rendered":"http:\/\/marinky.amenity.cz\/?page_id=4769"},"modified":"2024-10-30T14:39:55","modified_gmt":"2024-10-30T13:39:55","slug":"winterlaub-am-lipno-see","status":"publish","type":"page","link":"https:\/\/marinky.amenity.cz\/de\/winterlaub-am-lipno-see\/","title":{"rendered":"Winterurlaub am Lipno-See"},"content":{"rendered":"<div class=\"wpb-content-wrapper\"><p>[vc_row full_width=&#8221;stretch_row_content_no_spaces&#8221; content_placement=&#8221;middle&#8221;][vc_column]<div  class=\"empty-space  marg-lg-b20\"><\/div>[\/vc_column][\/vc_row][vc_row full_width=&#8221;stretch_row_content_no_spaces&#8221; content_placement=&#8221;middle&#8221; bg_type=&#8221;bg_color&#8221; css=&#8221;.vc_custom_1726656012534{background-color: #7f5b23 !important;}&#8221; bg_color_value=&#8221;#7f5b23&#8243;][vc_column]<div  class=\"empty-space  marg-lg-b5\"><\/div>[\/vc_column][\/vc_row][vc_row full_width=&#8221;stretch_row_content_no_spaces&#8221; content_placement=&#8221;middle&#8221;][vc_column]<div  class=\"empty-space  marg-lg-b20\"><\/div>[\/vc_column][\/vc_row][vc_row full_width=&#8221;stretch_row_content_no_spaces&#8221; content_placement=&#8221;middle&#8221;][vc_column]<div class=\" ubtn-ctn-center \"><a class=\"ubtn-link ult-adjust-bottom-margin ubtn-center ubtn-large \" href=\"https:\/\/www.secure-hotel-booking.com\/Amenity-Hotel-Resort-Lipno\/J7PX\/en-US?hotelId=23011\" title=\"Booking engine\" ><button type=\"button\" id=\"ubtn-4461\"  class=\"ubtn ult-adjust-bottom-margin ult-responsive ubtn-large ubtn-fade-bg  ulta-grow  ubtn-sep-icon ubtn-sep-icon-top-push  ubtn-center   tooltip-69ea1bb4053fe ubtn-tooltip bottom\" data-toggle=\"tooltip\" data-placement=\"bottom\" title=\"Prices and availability\" data-hover=\"#ffffff\" data-border-color=\"\" data-bg=\"#7f5b23\" data-hover-bg=\"#293635\" data-border-hover=\"\" data-shadow-hover=\"\" data-shadow-click=\"none\" data-shadow=\"\" data-shd-shadow=\"\"  data-ultimate-target='#ubtn-4461'  data-responsive-json-new='{\"font-size\":\"\",\"line-height\":\"\"}'  style=\"font-weight:normal;border:none;background: #7f5b23;color: #ffffff;\"><span class=\"ubtn-data ubtn-icon\"><i class=\"Defaults-calendar\" style=\"font-size:32px;color:#ffffff;\"><\/i><\/span><span class=\"ubtn-hover\" style=\"background-color:#293635\"><\/span><span class=\"ubtn-data ubtn-text \" >BOOK<\/span><\/button><\/a><\/div>[\/vc_column][\/vc_row][vc_row full_width=&#8221;stretch_row_content_no_spaces&#8221; content_placement=&#8221;middle&#8221;][vc_column]<div  class=\"empty-space  marg-lg-b10\"><\/div>[\/vc_column][\/vc_row][vc_row full_width=&#8221;stretch_row_content_no_spaces&#8221; content_placement=&#8221;middle&#8221; bg_type=&#8221;bg_color&#8221; css=&#8221;.vc_custom_1726656012534{background-color: #7f5b23 !important;}&#8221; bg_color_value=&#8221;#7f5b23&#8243;][vc_column]<div  class=\"empty-space  marg-lg-b5\"><\/div>[\/vc_column][\/vc_row][vc_row full_width=&#8221;stretch_row_content_no_spaces&#8221; content_placement=&#8221;middle&#8221;][vc_column]<div  class=\"empty-space  marg-lg-b20\"><\/div>[\/vc_column][\/vc_row][vc_row][vc_column]<div class=\"text-block \" ><div class=\"simple-text \"><\/div><\/div>[\/vc_column][\/vc_row][vc_row][vc_column][\/vc_column][\/vc_row][vc_row][vc_column]<div  class=\"empty-space  marg-lg-b35\"><\/div>[vc_separator color=&#8221;custom&#8221; border_width=&#8221;2&#8243; el_width=&#8221;50&#8243; accent_color=&#8221;#c7b39a&#8221;]<div  class=\"main-heading\"><span class=\"subtitle\"><\/span><h2 class=\"title\">Winterurlaub am Lipno-See<\/h2><\/div><div  class=\"empty-space  marg-lg-b25\"><\/div>[vc_separator color=&#8221;custom&#8221; border_width=&#8221;2&#8243; el_width=&#8221;50&#8243; accent_color=&#8221;#c7b39a&#8221;]<div  class=\"empty-space  marg-lg-b10\"><\/div>[\/vc_column][\/vc_row][vc_row][vc_column][vc_single_image image=&#8221;4892&#8243; img_size=&#8221;75&#215;75&#8243; alignment=&#8221;center&#8221;]<div class=\"text-block \" ><div class=\"simple-text \"><h2 style=\"text-align: center;\">Ein perfekter Ort f\u00fcr Familien mit Kindern<\/h2>\n<hr \/>\n<p>Lipno ist eine der Regionen, die die Wintermonate keineswegs im Winterschlaf verbringen. Im Gegenteil. Im Winter kann man hier Skifahren, Langlaufen, auf dem zugefrorenen See Eislaufen und bei zahlreichen Indoor-Aktivit\u00e4ten Spa\u00df haben. Sie finden hier zwar keine Alpengipfel, aber dank einer H\u00f6he von 725 Metern \u00fcber dem Meeresspiegel und des B\u00f6hmerwald Vorgebirges, ist es ein idealer Ort zum Freizeitskifahren und f\u00fcr Familien mit Kindern. Dar\u00fcber hinaus ist es nur ein Katzensprung nach \u00d6sterreich. Und beim schlechten Wetter m\u00fcssen Sie sich keiner langen Weile bef\u00fcrchten. Die Zahl der Indoor-Aktivit\u00e4ten und Entspannungsm\u00f6glichkeiten ist nahezu unbegrenzt.<\/p>\n<\/div><\/div><div  class=\"empty-space  marg-lg-b35\"><\/div>[vc_single_image image=&#8221;4897&#8243; img_size=&#8221;full&#8221; alignment=&#8221;center&#8221;]<div  class=\"empty-space  marg-lg-b25\"><\/div>[vc_single_image image=&#8221;4889&#8243; img_size=&#8221;75&#215;75&#8243; alignment=&#8221;center&#8221;]<div class=\"text-block \" ><div class=\"simple-text \"><h2 style=\"text-align: center;\">Wo kann man Ski fahren<\/h2>\n<hr \/>\n<p>Das n\u00e4chstgelegene Skigebiet ist das <span style=\"color: #0089c4;\"><a style=\"color: #0089c4;\" href=\"https:\/\/www.lipno.info\/de\/skigebiet.html\" target=\"_blank\" rel=\"noopener noreferrer\">Skigebiet Lipno<\/a>,<\/span> das Freizeitskifahren f\u00fcr Erwachsene und kleine Kinder bietet. F\u00fcr die kleinsten gibt es <span style=\"color: #0089c4;\"><a style=\"color: #0089c4;\" href=\"https:\/\/www.lipno.info\/de\/skigebiet\/fur-kinder.html\" target=\"_blank\" rel=\"noopener noreferrer\">Fox Park<\/a><\/span>, wo Sie eine Strecke mit einer L\u00e4nge von 120 Metern, drei mobilen Teppichen und M\u00e4rchenslaloms finden. Am Abend ist ein Teil der Skipiste f\u00fcr Rodeln und Bobfahren bei k\u00fcnstlicher Beleuchtung reserviert, am Samstag finden regelm\u00e4\u00dfig Nachmittagswettk\u00e4mpfe statt und am Sonntag gibt es dann die beliebte Begr\u00fc\u00dfung der G\u00e4ste.<\/p>\n<p>Etwas weiter entfernt liegt <span style=\"color: #0089c4;\">S<a style=\"color: #0089c4;\" href=\"https:\/\/www.parkfrymburk.cz\/en\/home-winter\" target=\"_blank\" rel=\"noopener noreferrer\">kipark Frymburk<\/a><\/span>, der etwas kleiner und damit famili\u00e4rer ist. Die Hauptattraktion des Komplexes ist der Kinderpark M\u00e9\u010fa Kub\u00edk mit zwei mobilen Teppichen, einer Skischule und lustigen Attraktionen. Wenn Ihre Kinder gerne Langlauf betreiben, befindet sich direkt am Ende des Skilifts der Eingang zu den Langlaufloipen, die zum Baumwipfelpfad f\u00fchren. Ein solches Ziel wird sie auf jeden Fall motivieren!<\/p>\n<p>Der \u00f6sterreichische <span style=\"color: #0089c4;\"><a style=\"color: #0089c4;\" href=\"https:\/\/skisport.com\/Hochficht\/de\" target=\"_blank\" rel=\"noopener noreferrer\">Hochficht<\/a><\/span> ist 50 Kilometer von Lipno entfernt und auf Kinder hat man sich hier richtig spezialisiert. Der neue Fichtl Kids Park befindet sich neben einem Restaurant mit Kinderecke und ist bequem vom Hauptparkplatz aus zu erreichen. Dar\u00fcber hinaus verf\u00fcgt der Park \u00fcber einen 185 Meter langen \u00fcberdachten Zauberteppich, der sowohl f\u00fcr Kinder als auch f\u00fcr Ski-Anf\u00e4nger komfortabel ist. Mehr erfahrene Skifahrer werden auf den h\u00fcgeligen Pisten ihren Spa\u00df haben, wo auf sie w\u00e4hrend der Fahrt durch den Wald, eine Reihe von \u00dcberraschungen wartet.<\/p>\n<p>Ein weiteres \u00f6sterreichisches Ski-Areal <a href=\"https:\/\/www.sternstein.at\/\">Sternstein<\/a> ist nur 30 Minuten von unserem Resort mit dem Auto entfernt. In der wundersch\u00f6nen Umgebung der \u00f6sterreichischen Natur finden Sie eine gro\u00dfe Auswahl an Skipisten, verschiedene Arten von Skiliften und f\u00fcr Langlauf-Fans die notwendigen Langlaufloipen. W\u00e4hrend der ganzen Saison k\u00f6nnen Sie beim Kauf des Skipasses von Montag bis Donnerstag auch die Aktion 1+1 gratis nutzen. Sie liegen einfach den Grenzgenial Reisef\u00fchrer vor, oder laden die Enjoy Lipno App herunter, wo Sie den Rabatt-Coupon finden.<\/p>\n<\/div><\/div><div  class=\"empty-space  marg-lg-b35\"><\/div>[vc_single_image image=&#8221;4900&#8243; img_size=&#8221;full&#8221; alignment=&#8221;center&#8221;]<div  class=\"empty-space  marg-lg-b25\"><\/div>[vc_single_image image=&#8221;4876&#8243; img_size=&#8221;75&#215;75&#8243; alignment=&#8221;center&#8221;]<div class=\"text-block \" ><div class=\"simple-text \"><h2 style=\"text-align: center;\">Wo kann man Adrenalin tanken<\/h2>\n<hr \/>\n<p>Lieben Ihre Kinder Roller? Dann werden sie von Schlittschuh-Rollern begeistert sein. Sie k\u00f6nnen sich auf der Skate-Strecke auf dem See austoben. Die Fl\u00e4che kann man direkt vom unseren Resort leicht erreichen. Seien Sie aber vorsichtig \u2013 auf den Rollern ist man schneller als mit Schlittschuhen, so dass Sie Ihr Kind nach der ersten Kurve leicht aus den Augen verlieren k\u00f6nnen.<br \/>\nDer Schlittschuh-Roller hat aber noch einen weiteren Vorteil \u2013 wenn auf dem Eis etwas Schnee liegt oder die Strecke nicht gepflegt wurde, kann man die Schlitten mit Gummi bedecken und voil\u00e1, man hat einen Schnee-Roller, der ganz einfach auf dem Schnee f\u00e4hrt. Zum Verleihen gibt es die Roller in Frymburk oder in Lipno nad Vltavou.<\/p>\n<\/div><\/div><div  class=\"empty-space  marg-lg-b35\"><\/div>[vc_single_image image=&#8221;4906&#8243; img_size=&#8221;full&#8221; alignment=&#8221;center&#8221;]<div  class=\"empty-space  marg-lg-b25\"><\/div>[vc_single_image image=&#8221;4883&#8243; img_size=&#8221;75&#215;75&#8243; alignment=&#8221;center&#8221;]<div class=\"text-block \" ><div class=\"simple-text \"><h2 style=\"text-align: center;\">Wohin zum Wasser<\/h2>\n<hr \/>\n<p>Unser Hotel verf\u00fcgt \u00fcber einen 20 Meter langen, beheizten Pool mit Salzwasser, das den menschlichen K\u00f6rper maximal schont und wohltuend auf die menschliche Haut wirkt. Als Gast des Hotels und des Deluxe Hauses haben Sie kostenfreien Zugang bis 13:00 Uhr.<\/p>\n<p>Aber wenn Ihre Kinder Wasserspa\u00df nicht verzichten, bringen Sie sie zur Aquaworld nach Lipno nad Vltavou. Sie k\u00f6nnen sich an einem Wasserpilz, einer Rutsche und einem Gegenstrompool erfreuen oder im Whirlpool entspannen.<\/p>\n<\/div><\/div><div  class=\"empty-space  marg-lg-b35\"><\/div>[vc_single_image image=&#8221;4903&#8243; img_size=&#8221;full&#8221; alignment=&#8221;center&#8221;]<div  class=\"empty-space  marg-lg-b25\"><\/div>[vc_single_image image=&#8221;4886&#8243; img_size=&#8221;75&#215;75&#8243; alignment=&#8221;center&#8221;]<div class=\"text-block \" ><div class=\"simple-text \"><h2 style=\"text-align: center;\">Beim schlechten Wetter<\/h2>\n<hr \/>\n<p>Zu unserem Resort geh\u00f6rt eine bedachte <a href=\"http:\/\/marinky.amenity.cz\/de\/sport-arena\/\" target=\"_blank\" rel=\"noopener noreferrer\"><span style=\"color: #0089c4;\">Sport Arena<\/span><\/a>, die voll von Aktivit\u00e4ten ist, von Fitness und Tennis, \u00fcber Golf bis zur Kletterwand. Wenn Sie sich jedoch nach Entspannung sehnen, k\u00f6nnen Sie unseren Wellness-Bereich besuchen, das zu den gr\u00f6\u00dften in Lipno z\u00e4hlt. Regionale und internationale Gerichte kosten, oder Bowling spielen k\u00f6nnen Sie im Restaurant Blue Lipno.<\/p>\n<\/div><\/div><div  class=\"empty-space  marg-lg-b35\"><\/div>[vc_single_image image=&#8221;4909&#8243; img_size=&#8221;full&#8221; alignment=&#8221;center&#8221;]<div  class=\"empty-space  marg-lg-b25\"><\/div>[vc_separator color=&#8221;custom&#8221; border_width=&#8221;2&#8243; el_width=&#8221;50&#8243; accent_color=&#8221;#c7b39a&#8221;]<div class=\"text-block \" ><div class=\"simple-text \"><p style=\"text-align: center;\">Schon lange ist Lipno nicht nur ein Sommer-Aufenthalts-Ort. Nur schwer findet man so einen Ort, wo so viele Aktivit\u00e4ten zu Verf\u00fcgung stehen, wie hier.<br \/>\n<strong>Buchen Sie Ihren Aufenthalt noch heute, und Sie k\u00f6nnen sich \u00fcber einen Fr\u00fchbucherrabatt freuen.<\/strong><\/p>\n<\/div><\/div><div  class=\"empty-space  marg-lg-b25\"><\/div>[\/vc_column][\/vc_row]<\/p>\n<\/div>","protected":false},"excerpt":{"rendered":"<p>[vc_row full_width=&#8221;stretch_row_content_no_spaces&#8221; content_placement=&#8221;middle&#8221;][vc_column][\/vc_column][\/vc_row][vc_row full_width=&#8221;stretch_row_content_no_spaces&#8221; content_placement=&#8221;middle&#8221; bg_type=&#8221;bg_color&#8221; css=&#8221;.vc_custom_1726656012534{background-color: #7f5b23 !important;}&#8221; bg_color_value=&#8221;#7f5b23&#8243;][vc_column][\/vc_column][\/vc_row][vc_row full_width=&#8221;stretch_row_content_no_spaces&#8221; content_placement=&#8221;middle&#8221;][vc_column][\/vc_column][\/vc_row][vc_row full_width=&#8221;stretch_row_content_no_spaces&#8221; content_placement=&#8221;middle&#8221;][vc_column][\/vc_column][\/vc_row][vc_row full_width=&#8221;stretch_row_content_no_spaces&#8221; content_placement=&#8221;middle&#8221;][vc_column][\/vc_column][\/vc_row][vc_row full_width=&#8221;stretch_row_content_no_spaces&#8221; content_placement=&#8221;middle&#8221; bg_type=&#8221;bg_color&#8221; css=&#8221;.vc_custom_1726656012534{background-color: #7f5b23 !important;}&#8221; bg_color_value=&#8221;#7f5b23&#8243;][vc_column][\/vc_column][\/vc_row][vc_row full_width=&#8221;stretch_row_content_no_spaces&#8221; content_placement=&#8221;middle&#8221;][vc_column][\/vc_column][\/vc_row][vc_row][vc_column][\/vc_column][\/vc_row][vc_row][vc_column][\/vc_column][\/vc_row][vc_row][vc_column][vc_separator color=&#8221;custom&#8221; border_width=&#8221;2&#8243; el_width=&#8221;50&#8243; accent_color=&#8221;#c7b39a&#8221;][vc_separator color=&#8221;custom&#8221;<\/p>\n","protected":false},"author":3,"featured_media":0,"parent":0,"menu_order":0,"comment_status":"closed","ping_status":"closed","template":"","meta":{"footnotes":""},"class_list":["post-4769","page","type-page","status-publish","hentry"],"yoast_head":"<!-- This site is optimized with the Yoast SEO Premium plugin v27.3 (Yoast SEO v27.3) - https:\/\/yoast.com\/product\/yoast-seo-premium-wordpress\/ -->\n<title>Winterurlaub am Lipno-See - Amenity resort Lipno<\/title>\n<meta name=\"description\" content=\"Lipno pat\u0159\u00ed k region\u016fm, kter\u00e9 rozhodn\u011b neus\u00ednaj\u00ed zimn\u00edm sp\u00e1nkem. V zim\u011b se tu \u017eije ly\u017eov\u00e1n\u00edm, b\u011b\u017ekov\u00e1n\u00edm, bruslen\u00edm a spoustou indoor aktivit.\" \/>\n<meta name=\"robots\" content=\"noindex, follow, max-snippet:-1, max-image-preview:large, max-video-preview:-1\" \/>\n<meta property=\"og:locale\" content=\"de_DE\" \/>\n<meta property=\"og:type\" content=\"article\" \/>\n<meta property=\"og:title\" content=\"Winterurlaub am Lipno-See\" \/>\n<meta property=\"og:description\" content=\"Lipno pat\u0159\u00ed k region\u016fm, kter\u00e9 rozhodn\u011b neus\u00ednaj\u00ed zimn\u00edm sp\u00e1nkem. V zim\u011b se tu \u017eije ly\u017eov\u00e1n\u00edm, b\u011b\u017ekov\u00e1n\u00edm, bruslen\u00edm a spoustou indoor aktivit.\" \/>\n<meta property=\"og:url\" content=\"https:\/\/marinky.amenity.cz\/de\/winterlaub-am-lipno-see\/\" \/>\n<meta property=\"og:site_name\" content=\"Amenity Marinky\" \/>\n<meta property=\"article:modified_time\" content=\"2024-10-30T13:39:55+00:00\" \/>\n<meta name=\"twitter:card\" content=\"summary_large_image\" \/>\n<meta name=\"twitter:label1\" content=\"Gesch\u00e4tzte Lesezeit\" \/>\n\t<meta name=\"twitter:data1\" content=\"7\u00a0Minuten\" \/>\n<script type=\"application\/ld+json\" class=\"yoast-schema-graph\">{\"@context\":\"https:\\\/\\\/schema.org\",\"@graph\":[{\"@type\":\"WebPage\",\"@id\":\"https:\\\/\\\/marinky.amenity.cz\\\/de\\\/winterlaub-am-lipno-see\\\/\",\"url\":\"https:\\\/\\\/marinky.amenity.cz\\\/de\\\/winterlaub-am-lipno-see\\\/\",\"name\":\"Winterurlaub am Lipno-See - Amenity resort Lipno\",\"isPartOf\":{\"@id\":\"https:\\\/\\\/marinky.amenity.cz\\\/de\\\/cs\\\/#website\"},\"datePublished\":\"2019-11-25T08:56:47+00:00\",\"dateModified\":\"2024-10-30T13:39:55+00:00\",\"description\":\"Lipno pat\u0159\u00ed k region\u016fm, kter\u00e9 rozhodn\u011b neus\u00ednaj\u00ed zimn\u00edm sp\u00e1nkem. V zim\u011b se tu \u017eije ly\u017eov\u00e1n\u00edm, b\u011b\u017ekov\u00e1n\u00edm, bruslen\u00edm a spoustou indoor aktivit.\",\"breadcrumb\":{\"@id\":\"https:\\\/\\\/marinky.amenity.cz\\\/de\\\/winterlaub-am-lipno-see\\\/#breadcrumb\"},\"inLanguage\":\"de\",\"potentialAction\":[{\"@type\":\"ReadAction\",\"target\":[\"https:\\\/\\\/marinky.amenity.cz\\\/de\\\/winterlaub-am-lipno-see\\\/\"]}]},{\"@type\":\"BreadcrumbList\",\"@id\":\"https:\\\/\\\/marinky.amenity.cz\\\/de\\\/winterlaub-am-lipno-see\\\/#breadcrumb\",\"itemListElement\":[{\"@type\":\"ListItem\",\"position\":1,\"name\":\"Dom\u016f\",\"item\":\"https:\\\/\\\/marinky.amenity.cz\\\/de\\\/\"},{\"@type\":\"ListItem\",\"position\":2,\"name\":\"Winterurlaub am Lipno-See\"}]},{\"@type\":\"WebSite\",\"@id\":\"https:\\\/\\\/marinky.amenity.cz\\\/de\\\/cs\\\/#website\",\"url\":\"https:\\\/\\\/marinky.amenity.cz\\\/de\\\/cs\\\/\",\"name\":\"Amenity Marinky\",\"description\":\"\",\"potentialAction\":[{\"@type\":\"SearchAction\",\"target\":{\"@type\":\"EntryPoint\",\"urlTemplate\":\"https:\\\/\\\/marinky.amenity.cz\\\/de\\\/cs\\\/?s={search_term_string}\"},\"query-input\":{\"@type\":\"PropertyValueSpecification\",\"valueRequired\":true,\"valueName\":\"search_term_string\"}}],\"inLanguage\":\"de\"}]}<\/script>\n<!-- \/ Yoast SEO Premium plugin. -->","yoast_head_json":{"title":"Winterurlaub am Lipno-See - Amenity resort Lipno","description":"Lipno pat\u0159\u00ed k region\u016fm, kter\u00e9 rozhodn\u011b neus\u00ednaj\u00ed zimn\u00edm sp\u00e1nkem. V zim\u011b se tu \u017eije ly\u017eov\u00e1n\u00edm, b\u011b\u017ekov\u00e1n\u00edm, bruslen\u00edm a spoustou indoor aktivit.","robots":{"index":"noindex","follow":"follow","max-snippet":"max-snippet:-1","max-image-preview":"max-image-preview:large","max-video-preview":"max-video-preview:-1"},"og_locale":"de_DE","og_type":"article","og_title":"Winterurlaub am Lipno-See","og_description":"Lipno pat\u0159\u00ed k region\u016fm, kter\u00e9 rozhodn\u011b neus\u00ednaj\u00ed zimn\u00edm sp\u00e1nkem. V zim\u011b se tu \u017eije ly\u017eov\u00e1n\u00edm, b\u011b\u017ekov\u00e1n\u00edm, bruslen\u00edm a spoustou indoor aktivit.","og_url":"https:\/\/marinky.amenity.cz\/de\/winterlaub-am-lipno-see\/","og_site_name":"Amenity Marinky","article_modified_time":"2024-10-30T13:39:55+00:00","twitter_card":"summary_large_image","twitter_misc":{"Gesch\u00e4tzte Lesezeit":"7\u00a0Minuten"},"schema":{"@context":"https:\/\/schema.org","@graph":[{"@type":"WebPage","@id":"https:\/\/marinky.amenity.cz\/de\/winterlaub-am-lipno-see\/","url":"https:\/\/marinky.amenity.cz\/de\/winterlaub-am-lipno-see\/","name":"Winterurlaub am Lipno-See - Amenity resort Lipno","isPartOf":{"@id":"https:\/\/marinky.amenity.cz\/de\/cs\/#website"},"datePublished":"2019-11-25T08:56:47+00:00","dateModified":"2024-10-30T13:39:55+00:00","description":"Lipno pat\u0159\u00ed k region\u016fm, kter\u00e9 rozhodn\u011b neus\u00ednaj\u00ed zimn\u00edm sp\u00e1nkem. V zim\u011b se tu \u017eije ly\u017eov\u00e1n\u00edm, b\u011b\u017ekov\u00e1n\u00edm, bruslen\u00edm a spoustou indoor aktivit.","breadcrumb":{"@id":"https:\/\/marinky.amenity.cz\/de\/winterlaub-am-lipno-see\/#breadcrumb"},"inLanguage":"de","potentialAction":[{"@type":"ReadAction","target":["https:\/\/marinky.amenity.cz\/de\/winterlaub-am-lipno-see\/"]}]},{"@type":"BreadcrumbList","@id":"https:\/\/marinky.amenity.cz\/de\/winterlaub-am-lipno-see\/#breadcrumb","itemListElement":[{"@type":"ListItem","position":1,"name":"Dom\u016f","item":"https:\/\/marinky.amenity.cz\/de\/"},{"@type":"ListItem","position":2,"name":"Winterurlaub am Lipno-See"}]},{"@type":"WebSite","@id":"https:\/\/marinky.amenity.cz\/de\/cs\/#website","url":"https:\/\/marinky.amenity.cz\/de\/cs\/","name":"Amenity Marinky","description":"","potentialAction":[{"@type":"SearchAction","target":{"@type":"EntryPoint","urlTemplate":"https:\/\/marinky.amenity.cz\/de\/cs\/?s={search_term_string}"},"query-input":{"@type":"PropertyValueSpecification","valueRequired":true,"valueName":"search_term_string"}}],"inLanguage":"de"}]}},"_links":{"self":[{"href":"https:\/\/marinky.amenity.cz\/de\/wp-json\/wp\/v2\/pages\/4769","targetHints":{"allow":["GET"]}}],"collection":[{"href":"https:\/\/marinky.amenity.cz\/de\/wp-json\/wp\/v2\/pages"}],"about":[{"href":"https:\/\/marinky.amenity.cz\/de\/wp-json\/wp\/v2\/types\/page"}],"author":[{"embeddable":true,"href":"https:\/\/marinky.amenity.cz\/de\/wp-json\/wp\/v2\/users\/3"}],"replies":[{"embeddable":true,"href":"https:\/\/marinky.amenity.cz\/de\/wp-json\/wp\/v2\/comments?post=4769"}],"version-history":[{"count":2,"href":"https:\/\/marinky.amenity.cz\/de\/wp-json\/wp\/v2\/pages\/4769\/revisions"}],"predecessor-version":[{"id":16111,"href":"https:\/\/marinky.amenity.cz\/de\/wp-json\/wp\/v2\/pages\/4769\/revisions\/16111"}],"wp:attachment":[{"href":"https:\/\/marinky.amenity.cz\/de\/wp-json\/wp\/v2\/media?parent=4769"}],"curies":[{"name":"wp","href":"https:\/\/api.w.org\/{rel}","templated":true}]}}