{"id":4310,"date":"2019-10-28T14:50:49","date_gmt":"2019-10-28T13:50:49","guid":{"rendered":"http:\/\/lipno.amenityhotels.com\/specialni-nabidky\/"},"modified":"2026-03-26T09:45:34","modified_gmt":"2026-03-26T08:45:34","slug":"sonderangebote","status":"publish","type":"page","link":"https:\/\/marinky.amenity.cz\/de\/sonderangebote\/","title":{"rendered":"Spezialangebote"},"content":{"rendered":"<div class=\"wpb-content-wrapper\"><p>[vc_row full_width=&#8221;stretch_row&#8221;][vc_column]<script>console.log(\"Fotogalerie-sluzby-stranka-DE: Please register the Slider Revolution plugin to use premium templates.\")<\/script>\n[\/vc_column][\/vc_row][vc_row][vc_column]<div  class=\"empty-space  marg-lg-b35\"><\/div><div class=\"text-block \" ><div class=\"simple-text \"><p style=\"text-align: center;\"><strong>Amenity Hotel &amp; Resort Lipno<\/strong><\/p>\n<h1 style=\"text-align: center;\">Spezialangebote<\/h1>\n<\/div><\/div><div  class=\"empty-space  marg-lg-b25\"><\/div>[vc_separator color=&#8221;custom&#8221; border_width=&#8221;2&#8243; el_width=&#8221;50&#8243; accent_color=&#8221;#c7b39a&#8221;]<div  class=\"empty-space  marg-lg-b10\"><\/div>[\/vc_column][\/vc_row][vc_row full_width=&#8221;stretch_row_content_no_spaces&#8221; bg_type=&#8221;bg_color&#8221; bg_color_value=&#8221;#293635&#8243;][vc_column]<div  class=\"empty-space  marg-lg-b35\"><\/div>[vc_raw_js]JTNDc2NyaXB0JTNFJTBBJTIwJTIwJTIwJTIwJTIwJTIwJTIwJTIwJTI4ZnVuY3Rpb24lMjAlMjh3JTJDZCUyQ3MlMkNvJTJDZiUyQ2pzJTJDZmpzJTI5JTIwJTdCJTBBJTIwJTIwJTIwJTIwJTIwJTIwJTIwJTIwJTIwJTIwJTIwJTIwdyU1QiUyN2VjbS13aWRnZXQlMjclNUQlM0RvJTNCdyU1Qm8lNUQlMjAlM0QlMjB3JTVCbyU1RCUyMCU3QyU3QyUyMGZ1bmN0aW9uJTIwJTI4JTI5JTIwJTdCJTIwJTI4dyU1Qm8lNUQucSUyMCUzRCUyMHclNUJvJTVELnElMjAlN0MlN0MlMjAlNUIlNUQlMjkucHVzaCUyOGFyZ3VtZW50cyUyOSUyMCU3RCUzQiUwQSUyMCUyMCUyMCUyMCUyMCUyMCUyMCUyMCUyMCUyMCUyMCUyMGpzJTIwJTNEJTIwZC5jcmVhdGVFbGVtZW50JTI4cyUyOSUyQyUyMGZqcyUyMCUzRCUyMGQuZ2V0RWxlbWVudHNCeVRhZ05hbWUlMjhzJTI5JTVCMCU1RCUzQiUwQSUyMCUyMCUyMCUyMCUyMCUyMCUyMCUyMCUyMCUyMCUyMCUyMGpzLmlkJTIwJTNEJTIwJTI3MTgtZWViOTZlY2Q4ZWVmYzE1ZjIxOTgyNDZlNzI4NTEwZjElMjclM0IlMjBqcy5kYXRhc2V0LmElMjAlM0QlMjAlMjdhbWVuaXR5cmVzb3J0cyUyNyUzQiUyMGpzLnNyYyUyMCUzRCUyMGYlM0IlMjBqcy5hc3luYyUyMCUzRCUyMDElM0IlMjBmanMucGFyZW50Tm9kZS5pbnNlcnRCZWZvcmUlMjhqcyUyQyUyMGZqcyUyOSUzQiUwQSUyMCUyMCUyMCUyMCUyMCUyMCUyMCUyMCU3RCUyOHdpbmRvdyUyQyUyMGRvY3VtZW50JTJDJTIwJTI3c2NyaXB0JTI3JTJDJTIwJTI3ZWNtd2lkZ2V0JTI3JTJDJTIwJTI3aHR0cHMlM0ElMkYlMkZkNzBzaGw3dmlkdGZ0LmNsb3VkZnJvbnQubmV0JTJGd2lkZ2V0LmpzJTI3JTI5JTI5JTNCJTBBJTIwJTIwJTIwJTIwJTNDJTJGc2NyaXB0JTNFJTBBJTIwJTIwJTIwJTIwJTIwJTIwJTIwJTIwJTIwJTIwJTIwJTIwJTNDZGl2JTIwaWQlM0QlMjJmLTE4LWVlYjk2ZWNkOGVlZmMxNWYyMTk4MjQ2ZTcyODUxMGYxJTIyJTNFJTNDJTJGZGl2JTNF[\/vc_raw_js]<div  class=\"empty-space  marg-lg-b25\"><\/div>[\/vc_column][\/vc_row][vc_row full_width=&#8221;stretch_row_content_no_spaces&#8221;][vc_column offset=&#8221;vc_hidden-sm vc_hidden-xs&#8221;]<div  class=\"hb-text-block__wrapper style1\"><div class=\"row\"><div class=\"col-md-6\"><div class=\"hb-image__block\"><img decoding=\"async\" src=\"https:\/\/marinky.amenity.cz\/wp-content\/uploads\/sites\/16\/2022\/03\/750x625_lego.jpg\" alt=\"\" \/><\/div><\/div><div class=\"col-md-6\"><div class=\"hb-text_block_content\"><div class=\"hb-text-block___inner_wrapper\"><div class=\"featured-rooms-slider__title title-color-black\">Czech RepuBRICK - Ausstellung von Legos, die die Welt noch nicht gesehen hat!<\/div><div class=\"featured-rooms-slider__text content-color-grey\"><strong>Tschechische Denkm\u00e4ler, Kultfilmszenen und Unfallautos sind zu riesigen Modellen aus Legow\u00fcrfeln geworden.<\/strong><\/p>\n<p>V\u00edta, das Schloss Hlubok\u00e1 nad Vltavou oder zum Beispiel der Sender Je\u0161t\u011bd. Auf einer Fl\u00e4che von 2.000 m2 finden Sie mehr als 40 gigantische Geb\u00e4ude, Filmhelden, atemberaubende technische Modelle zum Steuern, eine F\u00fclle von ungew\u00f6hnlichen Geschichten und tollen Legowitzen, von denen Sie sich den Bauch schnappen werden.<\/p>\n<p><strong>Erfahren Sie mehr auf der Website von Czech RepuBrick.<\/strong><\/div><a class=\"btn btn--md btn--normal\" href=\"http:\/\/marinky.amenity.cz\/de\/lego-ausstellung-czech-repubrick\/\" title=\"Lego Ausstellung Czech repubrick\" target=\"_self\">DETAIL<\/a><\/div><\/div><\/div><\/div><\/div>[\/vc_column][vc_column offset=&#8221;vc_hidden-lg vc_hidden-md&#8221;]<div  class=\"hb-text-block__wrapper style1\"><div class=\"row\"><div class=\"col-md-6\"><div class=\"hb-image__block\"><img decoding=\"async\" src=\"https:\/\/marinky.amenity.cz\/wp-content\/uploads\/sites\/16\/2022\/03\/750x625_lego.jpg\" alt=\"\" \/><\/div><\/div><div class=\"col-md-6\"><div class=\"hb-text_block_content\"><div class=\"hb-text-block___inner_wrapper\"><div class=\"featured-rooms-slider__title title-color-black\">Czech RepuBRICK - Ausstellung von Legos, die die Welt noch nicht gesehen hat!<\/div><div class=\"featured-rooms-slider__text content-color-grey\"><strong>Tschechische Denkm\u00e4ler, Kultfilmszenen und Unfallautos sind zu riesigen Modellen aus Legow\u00fcrfeln geworden.<\/strong><\/p>\n<p>V\u00edta, das Schloss Hlubok\u00e1 nad Vltavou oder zum Beispiel der Sender Je\u0161t\u011bd. Auf einer Fl\u00e4che von 2.000 m2 finden Sie mehr als 40 gigantische Geb\u00e4ude, Filmhelden, atemberaubende technische Modelle zum Steuern, eine F\u00fclle von ungew\u00f6hnlichen Geschichten und tollen Legowitzen, von denen Sie sich den Bauch schnappen werden.<\/p>\n<p><strong>Erfahren Sie mehr auf der Website von Czech RepuBrick.<\/strong><\/div><a class=\"btn btn--md btn--normal\" href=\"http:\/\/marinky.amenity.cz\/de\/lego-ausstellung-czech-repubrick\/\" title=\"Lego Ausstellung Czech repubrick\" target=\"_self\">DETAIL<\/a><\/div><\/div><\/div><\/div><\/div>[\/vc_column][\/vc_row][vc_row full_width=&#8221;stretch_row_content_no_spaces&#8221;][vc_column offset=&#8221;vc_hidden-sm vc_hidden-xs&#8221;]<div  class=\"hb-text-block__wrapper style2\"><div class=\"row\"><div class=\"col-md-6\"><div class=\"hb-text_block_content\"><div class=\"hb-text-block___inner_wrapper text-right\"><div class=\"featured-rooms-slider__title title-color-black\">Sport Arena \u2013 Neues professionelles Fitnesscenter<\/div><div class=\"featured-rooms-slider__text content-color-grey\">Fitness im Amenity Hotel &amp; Resort Lipno wird nicht nur mit einem einzigartigen Blick auf den Lipno-Damm \u00fcberraschen. Auf einer Fl\u00e4che von 124 m2 finden Sie eine Cardio-Zone mit Top-Laufb\u00e4ndern und Fahrr\u00e4dern.<\/div><a class=\"btn btn--md btn--normal\" href=\"http:\/\/marinky.amenity.cz\/de\/professionelles-fitnesscentre\/\" title=\"Sport Arena Lipno\" target=\"_self\">DETAIL<\/a><\/div><\/div><\/div><div class=\"col-md-6\"><div class=\"hb-image__block\"><img decoding=\"async\" src=\"https:\/\/marinky.amenity.cz\/wp-content\/uploads\/sites\/16\/2022\/03\/750x625_fit.jpg\" alt=\"\" \/><\/div><\/div><\/div><\/div>[\/vc_column][vc_column offset=&#8221;vc_hidden-lg vc_hidden-md&#8221;]<div  class=\"hb-text-block__wrapper style1\"><div class=\"row\"><div class=\"col-md-6\"><div class=\"hb-image__block\"><img decoding=\"async\" src=\"https:\/\/marinky.amenity.cz\/wp-content\/uploads\/sites\/16\/2022\/03\/750x625_fit.jpg\" alt=\"\" \/><\/div><\/div><div class=\"col-md-6\"><div class=\"hb-text_block_content\"><div class=\"hb-text-block___inner_wrapper\"><div class=\"featured-rooms-slider__title title-color-black\">Sport Arena \u2013 Neues professionelles Fitnesscenter<\/div><div class=\"featured-rooms-slider__text content-color-grey\">Fitness im Amenity Hotel &amp; Resort Lipno wird nicht nur mit einem einzigartigen Blick auf den Lipno-Damm \u00fcberraschen. Auf einer Fl\u00e4che von 124 m2 finden Sie eine Cardio-Zone mit Top-Laufb\u00e4ndern und Fahrr\u00e4dern.<\/div><a class=\"btn btn--md btn--normal\" href=\"http:\/\/marinky.amenity.cz\/de\/professionelles-fitnesscentre\/\" title=\"Sport Arena Lipno\" target=\"_self\">DETAIL<\/a><\/div><\/div><\/div><\/div><\/div>[\/vc_column][\/vc_row][vc_row full_width=&#8221;stretch_row_content_no_spaces&#8221;][vc_column offset=&#8221;vc_hidden-sm vc_hidden-xs&#8221;]<div  class=\"hb-text-block__wrapper style1\"><div class=\"row\"><div class=\"col-md-6\"><div class=\"hb-image__block\"><img decoding=\"async\" src=\"https:\/\/marinky.amenity.cz\/wp-content\/uploads\/sites\/16\/2025\/10\/fitness-lipno-amenity_750x625.jpg\" alt=\"\" \/><\/div><\/div><div class=\"col-md-6\"><div class=\"hb-text_block_content\"><div class=\"hb-text-block___inner_wrapper\"><div class=\"featured-rooms-slider__title title-color-black\">Rabatt f\u00fcr Hotelg\u00e4ste<\/div><div class=\"featured-rooms-slider__text content-color-grey\">Alle untergebrachten G\u00e4ste erhalten 20% Rabatt auf den Eintritt in den Wellness-Bereich und Sporteinrichtungen der Sport Arena, die sich direkt im Amenity Resort Lipno befindet.<br \/>\n* Der Rabatt gilt nicht f\u00fcr Pool, Massagen, Outdoor-Verleih und Bowling.<\/div><a class=\"btn btn--md btn--normal\" href=\"http:\/\/marinky.amenity.cz\/de\/wellness-lipno\/\" title=\"Wellness\" target=\"_self\">DETAIL<\/a><\/div><\/div><\/div><\/div><\/div>[\/vc_column][vc_column offset=&#8221;vc_hidden-lg vc_hidden-md&#8221;]<div  class=\"hb-text-block__wrapper style1\"><div class=\"row\"><div class=\"col-md-6\"><div class=\"hb-image__block\"><img decoding=\"async\" src=\"https:\/\/marinky.amenity.cz\/wp-content\/uploads\/sites\/16\/2025\/10\/fitness-lipno-amenity_750x625.jpg\" alt=\"\" \/><\/div><\/div><div class=\"col-md-6\"><div class=\"hb-text_block_content\"><div class=\"hb-text-block___inner_wrapper\"><div class=\"featured-rooms-slider__title title-color-black\">Rabatt f\u00fcr Hotelg\u00e4ste<\/div><div class=\"featured-rooms-slider__text content-color-grey\">Alle untergebrachten G\u00e4ste erhalten 20% Rabatt auf den Eintritt in den Wellness-Bereich und Sporteinrichtungen der Sport Arena, die sich direkt im Amenity Resort Lipno befindet.<br \/>\n* Der Rabatt gilt nicht f\u00fcr Pool, Massagen, Outdoor-Verleih und Bowling.<\/div><a class=\"btn btn--md btn--normal\" href=\"http:\/\/marinky.amenity.cz\/de\/wellness-lipno\/\" title=\"Wellness\" target=\"_self\">DETAIL<\/a><\/div><\/div><\/div><\/div><\/div>[\/vc_column][\/vc_row][vc_row full_width=&#8221;stretch_row_content_no_spaces&#8221;][vc_column offset=&#8221;vc_hidden-sm vc_hidden-xs&#8221;]<div  class=\"hb-text-block__wrapper style2\"><div class=\"row\"><div class=\"col-md-6\"><div class=\"hb-text_block_content\"><div class=\"hb-text-block___inner_wrapper text-right\"><div class=\"featured-rooms-slider__title title-color-black\">Gutscheine f\u00fcr Aufenthalte<\/div><div class=\"featured-rooms-slider__text content-color-grey\">Schenken Sie Ihren Liebsten Aufenthaltsgutscheine f\u00fcr die sch\u00f6nsten Orte in B\u00f6hmen: Lipno, \u0160pindler\u016fv Ml\u00fdn, Horn\u00ed V\u011bstonice oder \u010cesk\u00e1 Kanada. Sie selbst w\u00e4hlen den Gutscheinwert, schreiben Sie nur eine Widmung und ein perfektes Geschenk ist fertig.<\/div><a class=\"btn btn--md btn--normal\" href=\"http:\/\/eshop.amenity.cz\/\" title=\"button\" target=\"_self\">GUTSCHEIN KAUFEN<\/a><\/div><\/div><\/div><div class=\"col-md-6\"><div class=\"hb-image__block\"><img decoding=\"async\" src=\"https:\/\/marinky.amenity.cz\/wp-content\/uploads\/sites\/16\/2022\/02\/amenity-voucher_750x625.jpg\" alt=\"\" \/><\/div><\/div><\/div><\/div>[\/vc_column][vc_column offset=&#8221;vc_hidden-lg vc_hidden-md&#8221;]<div  class=\"hb-text-block__wrapper style1\"><div class=\"row\"><div class=\"col-md-6\"><div class=\"hb-image__block\"><img decoding=\"async\" src=\"https:\/\/marinky.amenity.cz\/wp-content\/uploads\/sites\/16\/2022\/02\/amenity-voucher_750x625.jpg\" alt=\"\" \/><\/div><\/div><div class=\"col-md-6\"><div class=\"hb-text_block_content\"><div class=\"hb-text-block___inner_wrapper\"><div class=\"featured-rooms-slider__title title-color-black\">Gutscheine f\u00fcr Aufenthalte<\/div><div class=\"featured-rooms-slider__text content-color-grey\">Schenken Sie Ihren Liebsten Aufenthaltsgutscheine f\u00fcr die sch\u00f6nsten Orte in B\u00f6hmen: Lipno, \u0160pindler\u016fv Ml\u00fdn, Horn\u00ed V\u011bstonice oder \u010cesk\u00e1 Kanada. Sie selbst w\u00e4hlen den Gutscheinwert, schreiben Sie nur eine Widmung und ein perfektes Geschenk ist fertig.<\/div><a class=\"btn btn--md btn--normal\" href=\"http:\/\/eshop.amenity.cz\/\" title=\"button\" target=\"_self\">GUTSCHEIN KAUFEN<\/a><\/div><\/div><\/div><\/div><\/div>[\/vc_column][\/vc_row]<\/p>\n<\/div>","protected":false},"excerpt":{"rendered":"<p>[vc_row full_width=&#8221;stretch_row&#8221;][vc_column][\/vc_column][\/vc_row][vc_row][vc_column][vc_separator color=&#8221;custom&#8221; border_width=&#8221;2&#8243; el_width=&#8221;50&#8243; accent_color=&#8221;#c7b39a&#8221;][\/vc_column][\/vc_row][vc_row full_width=&#8221;stretch_row_content_no_spaces&#8221; bg_type=&#8221;bg_color&#8221; bg_color_value=&#8221;#293635&#8243;][vc_column][vc_raw_js]JTNDc2NyaXB0JTNFJTBBJTIwJTIwJTIwJTIwJTIwJTIwJTIwJTIwJTI4ZnVuY3Rpb24lMjAlMjh3JTJDZCUyQ3MlMkNvJTJDZiUyQ2pzJTJDZmpzJTI5JTIwJTdCJTBBJTIwJTIwJTIwJTIwJTIwJTIwJTIwJTIwJTIwJTIwJTIwJTIwdyU1QiUyN2VjbS13aWRnZXQlMjclNUQlM0RvJTNCdyU1Qm8lNUQlMjAlM0QlMjB3JTVCbyU1RCUyMCU3QyU3QyUyMGZ1bmN0aW9uJTIwJTI4JTI5JTIwJTdCJTIwJTI4dyU1Qm8lNUQucSUyMCUzRCUyMHclNUJvJTVELnElMjAlN0MlN0MlMjAlNUIlNUQlMjkucHVzaCUyOGFyZ3VtZW50cyUyOSUyMCU3RCUzQiUwQSUyMCUyMCUyMCUyMCUyMCUyMCUyMCUyMCUyMCUyMCUyMCUyMGpzJTIwJTNEJTIwZC5jcmVhdGVFbGVtZW50JTI4cyUyOSUyQyUyMGZqcyUyMCUzRCUyMGQuZ2V0RWxlbWVudHNCeVRhZ05hbWUlMjhzJTI5JTVCMCU1RCUzQiUwQSUyMCUyMCUyMCUyMCUyMCUyMCUyMCUyMCUyMCUyMCUyMCUyMGpzLmlkJTIwJTNEJTIwJTI3MTgtZWViOTZlY2Q4ZWVmYzE1ZjIxOTgyNDZlNzI4NTEwZjElMjclM0IlMjBqcy5kYXRhc2V0LmElMjAlM0QlMjAlMjdhbWVuaXR5cmVzb3J0cyUyNyUzQiUyMGpzLnNyYyUyMCUzRCUyMGYlM0IlMjBqcy5hc3luYyUyMCUzRCUyMDElM0IlMjBmanMucGFyZW50Tm9kZS5pbnNlcnRCZWZvcmUlMjhqcyUyQyUyMGZqcyUyOSUzQiUwQSUyMCUyMCUyMCUyMCUyMCUyMCUyMCUyMCU3RCUyOHdpbmRvdyUyQyUyMGRvY3VtZW50JTJDJTIwJTI3c2NyaXB0JTI3JTJDJTIwJTI3ZWNtd2lkZ2V0JTI3JTJDJTIwJTI3aHR0cHMlM0ElMkYlMkZkNzBzaGw3dmlkdGZ0LmNsb3VkZnJvbnQubmV0JTJGd2lkZ2V0LmpzJTI3JTI5JTI5JTNCJTBBJTIwJTIwJTIwJTIwJTNDJTJGc2NyaXB0JTNFJTBBJTIwJTIwJTIwJTIwJTIwJTIwJTIwJTIwJTIwJTIwJTIwJTIwJTNDZGl2JTIwaWQlM0QlMjJmLTE4LWVlYjk2ZWNkOGVlZmMxNWYyMTk4MjQ2ZTcyODUxMGYxJTIyJTNFJTNDJTJGZGl2JTNF[\/vc_raw_js][\/vc_column][\/vc_row][vc_row full_width=&#8221;stretch_row_content_no_spaces&#8221;][vc_column offset=&#8221;vc_hidden-sm vc_hidden-xs&#8221;][\/vc_column][vc_column offset=&#8221;vc_hidden-lg vc_hidden-md&#8221;][\/vc_column][\/vc_row][vc_row full_width=&#8221;stretch_row_content_no_spaces&#8221;][vc_column offset=&#8221;vc_hidden-sm vc_hidden-xs&#8221;][\/vc_column][vc_column offset=&#8221;vc_hidden-lg vc_hidden-md&#8221;][\/vc_column][\/vc_row][vc_row full_width=&#8221;stretch_row_content_no_spaces&#8221;][vc_column offset=&#8221;vc_hidden-sm vc_hidden-xs&#8221;][\/vc_column][vc_column offset=&#8221;vc_hidden-lg vc_hidden-md&#8221;][\/vc_column][\/vc_row][vc_row full_width=&#8221;stretch_row_content_no_spaces&#8221;][vc_column offset=&#8221;vc_hidden-sm vc_hidden-xs&#8221;][\/vc_column][vc_column offset=&#8221;vc_hidden-lg vc_hidden-md&#8221;][\/vc_column][\/vc_row]<\/p>\n","protected":false},"author":2,"featured_media":11496,"parent":0,"menu_order":0,"comment_status":"closed","ping_status":"closed","template":"","meta":{"footnotes":""},"class_list":["post-4310","page","type-page","status-publish","has-post-thumbnail","hentry"],"yoast_head":"<!-- This site is optimized with the Yoast SEO Premium plugin v27.3 (Yoast SEO v27.3) - https:\/\/yoast.com\/product\/yoast-seo-premium-wordpress\/ -->\n<title>Spezialangebote - Amenity Hotel &amp; Resort Lipno - Lipno nad Vltavou<\/title>\n<meta name=\"description\" content=\"Informieren Sie sich \u00fcber aktuelle Sonderangebote und Veranstaltungen im Amenity Hotel &amp; Resort Lipno. Lipno nad Vltavou.\" \/>\n<meta name=\"robots\" content=\"noindex, follow, max-snippet:-1, max-image-preview:large, max-video-preview:-1\" \/>\n<meta property=\"og:locale\" content=\"de_DE\" \/>\n<meta property=\"og:type\" content=\"article\" \/>\n<meta property=\"og:title\" content=\"Spezialangebote\" \/>\n<meta property=\"og:description\" content=\"Informieren Sie sich \u00fcber aktuelle Sonderangebote und Veranstaltungen im Amenity Hotel &amp; Resort Lipno. Lipno nad Vltavou.\" \/>\n<meta property=\"og:url\" content=\"https:\/\/marinky.amenity.cz\/de\/sonderangebote\/\" \/>\n<meta property=\"og:site_name\" content=\"Amenity Marinky\" \/>\n<meta property=\"article:modified_time\" content=\"2026-03-26T08:45:34+00:00\" \/>\n<meta property=\"og:image\" content=\"https:\/\/marinky.amenity.cz\/wp-content\/uploads\/sites\/16\/2022\/09\/750x625-mapa.jpg\" \/>\n\t<meta property=\"og:image:width\" content=\"750\" \/>\n\t<meta property=\"og:image:height\" content=\"625\" \/>\n\t<meta property=\"og:image:type\" content=\"image\/jpeg\" \/>\n<meta name=\"twitter:card\" content=\"summary_large_image\" \/>\n<meta name=\"twitter:label1\" content=\"Gesch\u00e4tzte Lesezeit\" \/>\n\t<meta name=\"twitter:data1\" content=\"8\u00a0Minuten\" \/>\n<script type=\"application\/ld+json\" class=\"yoast-schema-graph\">{\"@context\":\"https:\\\/\\\/schema.org\",\"@graph\":[{\"@type\":\"WebPage\",\"@id\":\"https:\\\/\\\/marinky.amenity.cz\\\/de\\\/sonderangebote\\\/\",\"url\":\"https:\\\/\\\/marinky.amenity.cz\\\/de\\\/sonderangebote\\\/\",\"name\":\"Spezialangebote - Amenity Hotel & Resort Lipno - Lipno nad Vltavou\",\"isPartOf\":{\"@id\":\"https:\\\/\\\/marinky.amenity.cz\\\/de\\\/cs\\\/#website\"},\"primaryImageOfPage\":{\"@id\":\"https:\\\/\\\/marinky.amenity.cz\\\/de\\\/sonderangebote\\\/#primaryimage\"},\"image\":{\"@id\":\"https:\\\/\\\/marinky.amenity.cz\\\/de\\\/sonderangebote\\\/#primaryimage\"},\"thumbnailUrl\":\"https:\\\/\\\/marinky.amenity.cz\\\/wp-content\\\/uploads\\\/sites\\\/16\\\/2022\\\/09\\\/750x625-mapa.jpg\",\"datePublished\":\"2019-10-28T13:50:49+00:00\",\"dateModified\":\"2026-03-26T08:45:34+00:00\",\"description\":\"Informieren Sie sich \u00fcber aktuelle Sonderangebote und Veranstaltungen im Amenity Hotel & Resort Lipno. Lipno nad Vltavou.\",\"breadcrumb\":{\"@id\":\"https:\\\/\\\/marinky.amenity.cz\\\/de\\\/sonderangebote\\\/#breadcrumb\"},\"inLanguage\":\"de\",\"potentialAction\":[{\"@type\":\"ReadAction\",\"target\":[\"https:\\\/\\\/marinky.amenity.cz\\\/de\\\/sonderangebote\\\/\"]}]},{\"@type\":\"ImageObject\",\"inLanguage\":\"de\",\"@id\":\"https:\\\/\\\/marinky.amenity.cz\\\/de\\\/sonderangebote\\\/#primaryimage\",\"url\":\"https:\\\/\\\/marinky.amenity.cz\\\/wp-content\\\/uploads\\\/sites\\\/16\\\/2022\\\/09\\\/750x625-mapa.jpg\",\"contentUrl\":\"https:\\\/\\\/marinky.amenity.cz\\\/wp-content\\\/uploads\\\/sites\\\/16\\\/2022\\\/09\\\/750x625-mapa.jpg\",\"width\":750,\"height\":625},{\"@type\":\"BreadcrumbList\",\"@id\":\"https:\\\/\\\/marinky.amenity.cz\\\/de\\\/sonderangebote\\\/#breadcrumb\",\"itemListElement\":[{\"@type\":\"ListItem\",\"position\":1,\"name\":\"Dom\u016f\",\"item\":\"https:\\\/\\\/marinky.amenity.cz\\\/de\\\/\"},{\"@type\":\"ListItem\",\"position\":2,\"name\":\"Spezialangebote\"}]},{\"@type\":\"WebSite\",\"@id\":\"https:\\\/\\\/marinky.amenity.cz\\\/de\\\/cs\\\/#website\",\"url\":\"https:\\\/\\\/marinky.amenity.cz\\\/de\\\/cs\\\/\",\"name\":\"Amenity Marinky\",\"description\":\"\",\"potentialAction\":[{\"@type\":\"SearchAction\",\"target\":{\"@type\":\"EntryPoint\",\"urlTemplate\":\"https:\\\/\\\/marinky.amenity.cz\\\/de\\\/cs\\\/?s={search_term_string}\"},\"query-input\":{\"@type\":\"PropertyValueSpecification\",\"valueRequired\":true,\"valueName\":\"search_term_string\"}}],\"inLanguage\":\"de\"}]}<\/script>\n<!-- \/ Yoast SEO Premium plugin. -->","yoast_head_json":{"title":"Spezialangebote - Amenity Hotel & Resort Lipno - Lipno nad Vltavou","description":"Informieren Sie sich \u00fcber aktuelle Sonderangebote und Veranstaltungen im Amenity Hotel & Resort Lipno. Lipno nad Vltavou.","robots":{"index":"noindex","follow":"follow","max-snippet":"max-snippet:-1","max-image-preview":"max-image-preview:large","max-video-preview":"max-video-preview:-1"},"og_locale":"de_DE","og_type":"article","og_title":"Spezialangebote","og_description":"Informieren Sie sich \u00fcber aktuelle Sonderangebote und Veranstaltungen im Amenity Hotel & Resort Lipno. Lipno nad Vltavou.","og_url":"https:\/\/marinky.amenity.cz\/de\/sonderangebote\/","og_site_name":"Amenity Marinky","article_modified_time":"2026-03-26T08:45:34+00:00","og_image":[{"width":750,"height":625,"url":"https:\/\/marinky.amenity.cz\/wp-content\/uploads\/sites\/16\/2022\/09\/750x625-mapa.jpg","type":"image\/jpeg"}],"twitter_card":"summary_large_image","twitter_misc":{"Gesch\u00e4tzte Lesezeit":"8\u00a0Minuten"},"schema":{"@context":"https:\/\/schema.org","@graph":[{"@type":"WebPage","@id":"https:\/\/marinky.amenity.cz\/de\/sonderangebote\/","url":"https:\/\/marinky.amenity.cz\/de\/sonderangebote\/","name":"Spezialangebote - Amenity Hotel & Resort Lipno - Lipno nad Vltavou","isPartOf":{"@id":"https:\/\/marinky.amenity.cz\/de\/cs\/#website"},"primaryImageOfPage":{"@id":"https:\/\/marinky.amenity.cz\/de\/sonderangebote\/#primaryimage"},"image":{"@id":"https:\/\/marinky.amenity.cz\/de\/sonderangebote\/#primaryimage"},"thumbnailUrl":"https:\/\/marinky.amenity.cz\/wp-content\/uploads\/sites\/16\/2022\/09\/750x625-mapa.jpg","datePublished":"2019-10-28T13:50:49+00:00","dateModified":"2026-03-26T08:45:34+00:00","description":"Informieren Sie sich \u00fcber aktuelle Sonderangebote und Veranstaltungen im Amenity Hotel & Resort Lipno. Lipno nad Vltavou.","breadcrumb":{"@id":"https:\/\/marinky.amenity.cz\/de\/sonderangebote\/#breadcrumb"},"inLanguage":"de","potentialAction":[{"@type":"ReadAction","target":["https:\/\/marinky.amenity.cz\/de\/sonderangebote\/"]}]},{"@type":"ImageObject","inLanguage":"de","@id":"https:\/\/marinky.amenity.cz\/de\/sonderangebote\/#primaryimage","url":"https:\/\/marinky.amenity.cz\/wp-content\/uploads\/sites\/16\/2022\/09\/750x625-mapa.jpg","contentUrl":"https:\/\/marinky.amenity.cz\/wp-content\/uploads\/sites\/16\/2022\/09\/750x625-mapa.jpg","width":750,"height":625},{"@type":"BreadcrumbList","@id":"https:\/\/marinky.amenity.cz\/de\/sonderangebote\/#breadcrumb","itemListElement":[{"@type":"ListItem","position":1,"name":"Dom\u016f","item":"https:\/\/marinky.amenity.cz\/de\/"},{"@type":"ListItem","position":2,"name":"Spezialangebote"}]},{"@type":"WebSite","@id":"https:\/\/marinky.amenity.cz\/de\/cs\/#website","url":"https:\/\/marinky.amenity.cz\/de\/cs\/","name":"Amenity Marinky","description":"","potentialAction":[{"@type":"SearchAction","target":{"@type":"EntryPoint","urlTemplate":"https:\/\/marinky.amenity.cz\/de\/cs\/?s={search_term_string}"},"query-input":{"@type":"PropertyValueSpecification","valueRequired":true,"valueName":"search_term_string"}}],"inLanguage":"de"}]}},"_links":{"self":[{"href":"https:\/\/marinky.amenity.cz\/de\/wp-json\/wp\/v2\/pages\/4310","targetHints":{"allow":["GET"]}}],"collection":[{"href":"https:\/\/marinky.amenity.cz\/de\/wp-json\/wp\/v2\/pages"}],"about":[{"href":"https:\/\/marinky.amenity.cz\/de\/wp-json\/wp\/v2\/types\/page"}],"author":[{"embeddable":true,"href":"https:\/\/marinky.amenity.cz\/de\/wp-json\/wp\/v2\/users\/2"}],"replies":[{"embeddable":true,"href":"https:\/\/marinky.amenity.cz\/de\/wp-json\/wp\/v2\/comments?post=4310"}],"version-history":[{"count":16,"href":"https:\/\/marinky.amenity.cz\/de\/wp-json\/wp\/v2\/pages\/4310\/revisions"}],"predecessor-version":[{"id":18770,"href":"https:\/\/marinky.amenity.cz\/de\/wp-json\/wp\/v2\/pages\/4310\/revisions\/18770"}],"wp:featuredmedia":[{"embeddable":true,"href":"https:\/\/marinky.amenity.cz\/de\/wp-json\/wp\/v2\/media\/11496"}],"wp:attachment":[{"href":"https:\/\/marinky.amenity.cz\/de\/wp-json\/wp\/v2\/media?parent=4310"}],"curies":[{"name":"wp","href":"https:\/\/api.w.org\/{rel}","templated":true}]}}