{"id":4294,"date":"2019-10-28T14:28:58","date_gmt":"2019-10-28T13:28:58","guid":{"rendered":"http:\/\/lipno.amenityhotels.com\/wellness\/"},"modified":"2025-12-02T15:33:18","modified_gmt":"2025-12-02T14:33:18","slug":"wellness-lipno","status":"publish","type":"page","link":"https:\/\/marinky.amenity.cz\/de\/wellness-lipno\/","title":{"rendered":"Wellness"},"content":{"rendered":"<div class=\"wpb-content-wrapper\"><p>[vc_row full_width=&#8221;stretch_row&#8221;][vc_column]<script>console.log(\"Fotogalerie-wellness-stranka-DE: Please register the Slider Revolution plugin to use premium templates.\")<\/script>\n[\/vc_column][\/vc_row][vc_row][vc_column width=&#8221;1\/6&#8243;][\/vc_column][vc_column width=&#8221;4\/6&#8243;]<div  class=\"empty-space  marg-lg-b35\"><\/div>[vc_separator color=&#8221;custom&#8221; border_width=&#8221;2&#8243; el_width=&#8221;50&#8243; accent_color=&#8221;#c7b39a&#8221;]<div class=\"text-block \" ><div class=\"simple-text \"><h1 style=\"text-align: center;\">Wellness &amp; Pool<\/h1>\n<p style=\"text-align: center;\">Entspannen Sie im gr\u00f6\u00dften Wellness-Bereich in Lipno mit herrlichem Blick auf den Lipno-Staudamm. Whirlpools, eine finnische Sauna, Kr\u00e4uterdampfbad, eine Kneipppanlage und andere gro\u00dfartige Sachen stehen zu Ihrer Verf\u00fcgung. Sie k\u00f6nnen auch aus den vielen angebotenen Massagen w\u00e4hlen.<\/p>\n<p style=\"text-align: center;\">Hotelg\u00e4ste k\u00f6nnen auch den hoteleigenen Swimmingpool mit Salzwasser nutzen, der f\u00fcr den menschlichen Organismus maximal freundlich ist.<\/p>\n<p style=\"text-align: center;\"><strong>\u00d6ffnungszeiten des Wellness: Die-Son: 10:00\u201320:00<\/strong><\/p>\n<\/div><\/div><div  class=\"empty-space  marg-lg-b25\"><\/div>[vc_separator color=&#8221;custom&#8221; border_width=&#8221;2&#8243; el_width=&#8221;50&#8243; accent_color=&#8221;#c7b39a&#8221;]<div  class=\"empty-space  marg-lg-b10\"><\/div>[\/vc_column][vc_column width=&#8221;1\/6&#8243;][\/vc_column][\/vc_row][vc_row full_width=&#8221;stretch_row_content_no_spaces&#8221;][vc_column offset=&#8221;vc_hidden-sm vc_hidden-xs&#8221;]<div  class=\"hb-text-block__wrapper style2\"><div class=\"row\"><div class=\"col-md-6\"><div class=\"hb-text_block_content\"><div class=\"hb-text-block___inner_wrapper text-right\"><div class=\"featured-rooms-slider__title title-color-black\">PREISLISTE DER DIENSTLEISTUNGEN<\/div><div class=\"featured-rooms-slider__text content-color-grey\"><b>Preisliste f\u00fcr Wellness, Aktivit\u00e4ten und weitere Dienstleistungen<\/b><\/div><a class=\"btn btn--md btn--normal\" href=\"http:\/\/marinky.amenity.cz\/wp-content\/uploads\/sites\/3\/2025\/12\/Cenik_sluzeb_Lipno_10-2025_DE.pdf\" title=\"button\" target=\"_blank\">PREISLISTE DER DIENSTLEISTUNGEN<\/a><\/div><\/div><\/div><div class=\"col-md-6\"><div class=\"hb-image__block\"><img decoding=\"async\" src=\"https:\/\/marinky.amenity.cz\/wp-content\/uploads\/sites\/16\/2019\/10\/wellness-750x625_9.jpg\" alt=\"\" \/><\/div><\/div><\/div><\/div>[\/vc_column][vc_column offset=&#8221;vc_hidden-lg vc_hidden-md&#8221;]<div  class=\"hb-text-block__wrapper style1\"><div class=\"row\"><div class=\"col-md-6\"><div class=\"hb-image__block\"><img decoding=\"async\" src=\"https:\/\/marinky.amenity.cz\/wp-content\/uploads\/sites\/16\/2019\/10\/wellness-750x625_9.jpg\" alt=\"\" \/><\/div><\/div><div class=\"col-md-6\"><div class=\"hb-text_block_content\"><div class=\"hb-text-block___inner_wrapper\"><div class=\"featured-rooms-slider__title title-color-black\">PREISLISTE DER DIENSTLEISTUNGEN<\/div><div class=\"featured-rooms-slider__text content-color-grey\"><b>Preisliste f\u00fcr Wellness, Aktivit\u00e4ten und weitere Dienstleistungen<\/b><\/div><a class=\"btn btn--md btn--normal\" href=\"http:\/\/marinky.amenity.cz\/wp-content\/uploads\/sites\/3\/2025\/09\/Cenik_sluzeb_Lipno_9-2025_DE-2.pdf\" title=\"button\" target=\"_blank\">PREISLISTE DER DIENSTLEISTUNGEN<\/a><\/div><\/div><\/div><\/div><\/div>[\/vc_column][\/vc_row][vc_row full_width=&#8221;stretch_row_content_no_spaces&#8221;][vc_column]<div  class=\"hb-text-block__wrapper style1\"><div class=\"row\"><div class=\"col-md-6\"><div class=\"hb-image__block\"><img decoding=\"async\" src=\"https:\/\/marinky.amenity.cz\/wp-content\/uploads\/sites\/16\/2019\/10\/wellness-750x625_9.jpg\" alt=\"\" \/><\/div><\/div><div class=\"col-md-6\"><div class=\"hb-text_block_content\"><div class=\"hb-text-block___inner_wrapper\"><div class=\"featured-rooms-slider__title title-color-black\">Salzwasserpool<\/div><div class=\"featured-rooms-slider__text content-color-grey\">Zum Amenity Hotel Lipno geh\u00f6rt auch ein 20 m langer, beheizter Innenpool mit Salzwasser, das besonders schonend f\u00fcr den menschlichen Organismus ist und eine wohltuende Wirkung auf die Haut hat. Der Zugang zum Pool ist nur f\u00fcr G\u00e4ste des Amenity Hotel &amp; Resort Lipno m\u00f6glich.<\/p>\n<p><b><strong>Preis bis 19 Uhr \u2013 F\u00fcr Hotelg\u00e4ste kostenlos.<\/strong><\/b><\/p>\n<p><b>Preis nach 19 Uhr \u2013<\/b> <b>200 CZK\/Stunde \u2013 F\u00fcr Hotelg\u00e4ste<\/b><\/p>\n<p><b>Hinweis:<\/b> Der Zugang zum Pool ist nur Kindern \u00fcber 1 Jahr gestattet. Der Pool ist nicht Teil des Wellnessbereichs, sondern befindet sich im Hotelgeb\u00e4ude.<\/p>\n<p><b><strong>\u00d6ffnungszeiten:<\/strong><\/b><\/p>\n<p>Mo\u2013So: 7:00\u201321:00<\/div><\/div><\/div><\/div><\/div><\/div>[\/vc_column][\/vc_row][vc_row full_width=&#8221;stretch_row_content_no_spaces&#8221;][vc_column offset=&#8221;vc_hidden-sm vc_hidden-xs&#8221;]<div  class=\"hb-text-block__wrapper style2\"><div class=\"row\"><div class=\"col-md-6\"><div class=\"hb-text_block_content\"><div class=\"hb-text-block___inner_wrapper text-right\"><div class=\"featured-rooms-slider__title title-color-black\">Whirlpools<\/div><div class=\"featured-rooms-slider__text content-color-grey\"><strong><span style=\"color: #c7b39a\">Im Eintrittspreis f\u00fcr Wellness inbegriffen<\/span><\/strong><\/p>\n<p>Mikroskopische Blasen, Hydromassaged\u00fcsen und eine angenehme Wassertemperatur erfrischen und entspannen die Muskeln. Entspannen Sie sich in einem der drei Whirlpools.<\/div><\/div><\/div><\/div><div class=\"col-md-6\"><div class=\"hb-image__block\"><img decoding=\"async\" src=\"https:\/\/marinky.amenity.cz\/wp-content\/uploads\/sites\/16\/2019\/07\/wellness-750x625_.jpg\" alt=\"\" \/><\/div><\/div><\/div><\/div>[\/vc_column][vc_column offset=&#8221;vc_hidden-lg vc_hidden-md&#8221;]<div  class=\"hb-text-block__wrapper style1\"><div class=\"row\"><div class=\"col-md-6\"><div class=\"hb-image__block\"><img decoding=\"async\" src=\"https:\/\/marinky.amenity.cz\/wp-content\/uploads\/sites\/16\/2019\/07\/wellness-750x625_.jpg\" alt=\"\" \/><\/div><\/div><div class=\"col-md-6\"><div class=\"hb-text_block_content\"><div class=\"hb-text-block___inner_wrapper\"><div class=\"featured-rooms-slider__title title-color-black\">Whirlpools<\/div><div class=\"featured-rooms-slider__text content-color-grey\"><strong><span style=\"color: #c7b39a\">Im Eintrittspreis f\u00fcr Wellness inbegriffen<\/span><\/strong><\/p>\n<p>Mikroskopische Blasen, Hydromassaged\u00fcsen und eine angenehme Wassertemperatur erfrischen und entspannen die Muskeln. Entspannen Sie sich in einem der drei Whirlpools.<\/div><\/div><\/div><\/div><\/div><\/div>[\/vc_column][\/vc_row][vc_row full_width=&#8221;stretch_row_content_no_spaces&#8221;][vc_column]<div  class=\"hb-text-block__wrapper style1\"><div class=\"row\"><div class=\"col-md-6\"><div class=\"hb-image__block\"><img decoding=\"async\" src=\"https:\/\/marinky.amenity.cz\/wp-content\/uploads\/sites\/16\/2019\/07\/wellness-750x625_2.jpg\" alt=\"\" \/><\/div><\/div><div class=\"col-md-6\"><div class=\"hb-text_block_content\"><div class=\"hb-text-block___inner_wrapper\"><div class=\"featured-rooms-slider__title title-color-black\">Kr\u00e4uter-Sauna<\/div><div class=\"featured-rooms-slider__text content-color-grey\"><span style=\"color: #c7b39a\"><strong>Im Eintrittspreis f\u00fcr Wellness inbegriffen<br \/>\n<\/strong><\/span><\/p>\n<p>In der Kr\u00e4utersauna herrschen niedrigere Temperaturen, in der Regel um die 70\u00b0C und feuchtes Klima, das durch st\u00e4ndiges Begie\u00dfen der hei\u00dfen Steine mit Kr\u00e4uterwasser erreicht wird.<\/div><\/div><\/div><\/div><\/div><\/div>[\/vc_column][\/vc_row][vc_row full_width=&#8221;stretch_row_content_no_spaces&#8221;][vc_column offset=&#8221;vc_hidden-sm vc_hidden-xs&#8221;]<div  class=\"hb-text-block__wrapper style2\"><div class=\"row\"><div class=\"col-md-6\"><div class=\"hb-text_block_content\"><div class=\"hb-text-block___inner_wrapper text-right\"><div class=\"featured-rooms-slider__title title-color-black\">Finnische Sauna<\/div><div class=\"featured-rooms-slider__text content-color-grey\"><span style=\"color: #c7b39a\"><strong>Im Eintrittspreis f\u00fcr Wellness inbegriffen<br \/>\n<\/strong><\/span><\/p>\n<p>Finnische Trockensauna ist ein Raum aus Holz mit Luftheizung und Lufttemperatur zwischen 60 \u2013 100 \u00b0C. Luftfeuchtigkeit ist in der Regel sehr niedrig, der K\u00f6rper wird erw\u00e4rmt und gibt Endorphine frei.<\/div><\/div><\/div><\/div><div class=\"col-md-6\"><div class=\"hb-image__block\"><img decoding=\"async\" src=\"https:\/\/marinky.amenity.cz\/wp-content\/uploads\/sites\/16\/2019\/07\/wellness-750x625_3.jpg\" alt=\"\" \/><\/div><\/div><\/div><\/div>[\/vc_column][vc_column offset=&#8221;vc_hidden-lg vc_hidden-md&#8221;]<div  class=\"hb-text-block__wrapper style1\"><div class=\"row\"><div class=\"col-md-6\"><div class=\"hb-image__block\"><img decoding=\"async\" src=\"https:\/\/marinky.amenity.cz\/wp-content\/uploads\/sites\/16\/2019\/07\/wellness-750x625_3.jpg\" alt=\"\" \/><\/div><\/div><div class=\"col-md-6\"><div class=\"hb-text_block_content\"><div class=\"hb-text-block___inner_wrapper\"><div class=\"featured-rooms-slider__title title-color-black\">Finnische Sauna<\/div><div class=\"featured-rooms-slider__text content-color-grey\"><span style=\"color: #c7b39a\"><strong>Im Eintrittspreis f\u00fcr Wellness inbegriffen<br \/>\n<\/strong><\/span><\/p>\n<p>Finnische Trockensauna ist ein Raum aus Holz mit Luftheizung und Lufttemperatur zwischen 60 \u2013 100 \u00b0C. Luftfeuchtigkeit ist in der Regel sehr niedrig, der K\u00f6rper wird erw\u00e4rmt und gibt Endorphine frei.<\/div><\/div><\/div><\/div><\/div><\/div>[\/vc_column][\/vc_row][vc_row full_width=&#8221;stretch_row_content_no_spaces&#8221;][vc_column]<div  class=\"hb-text-block__wrapper style1\"><div class=\"row\"><div class=\"col-md-6\"><div class=\"hb-image__block\"><img decoding=\"async\" src=\"https:\/\/marinky.amenity.cz\/wp-content\/uploads\/sites\/16\/2019\/07\/wellness-750x625_4.jpg\" alt=\"\" \/><\/div><\/div><div class=\"col-md-6\"><div class=\"hb-text_block_content\"><div class=\"hb-text-block___inner_wrapper\"><div class=\"featured-rooms-slider__title title-color-black\">Dampfbad<\/div><div class=\"featured-rooms-slider__text content-color-grey\"><span style=\"color: #c7b39a\"><strong>Im Eintrittspreis f\u00fcr Wellness inbegriffen<\/strong><\/span><\/p>\n<p>Das Dampfbad unterscheidet sich von der Sauna durch eine bis zu 100% \u00a0warme Luftfeuchtigkeit von 40 bis \u00a050 \u00b0C.<\/div><\/div><\/div><\/div><\/div><\/div>[\/vc_column][\/vc_row][vc_row full_width=&#8221;stretch_row_content_no_spaces&#8221;][vc_column offset=&#8221;vc_hidden-sm vc_hidden-xs&#8221;]<div  class=\"hb-text-block__wrapper style2\"><div class=\"row\"><div class=\"col-md-6\"><div class=\"hb-text_block_content\"><div class=\"hb-text-block___inner_wrapper text-right\"><div class=\"featured-rooms-slider__title title-color-black\">Kneippanlage<\/div><div class=\"featured-rooms-slider__text content-color-grey\"><span style=\"color: #c7b39a\"><strong>Im Eintrittspreis f\u00fcr Wellness inbegriffen<\/strong><\/span><\/p>\n<p>Die angenehme Erw\u00e4rmung der F\u00fc\u00dfe im Warmwasser wird durch Abk\u00fchlen in eisigem Wasser abgewechselt, w\u00e4hrend Ihre F\u00fc\u00dfe mit Kieselsteinen massiert werden. Nach einigen Wiederholungen bereit sich einr Hitzwelle durch die Beine au sund durchdringt den gesamten K\u00f6rper.<\/div><\/div><\/div><\/div><div class=\"col-md-6\"><div class=\"hb-image__block\"><img decoding=\"async\" src=\"https:\/\/marinky.amenity.cz\/wp-content\/uploads\/sites\/16\/2019\/07\/wellness-750x625_5.jpg\" alt=\"\" \/><\/div><\/div><\/div><\/div>[\/vc_column][vc_column offset=&#8221;vc_hidden-lg vc_hidden-md&#8221;]<div  class=\"hb-text-block__wrapper style1\"><div class=\"row\"><div class=\"col-md-6\"><div class=\"hb-image__block\"><img decoding=\"async\" src=\"https:\/\/marinky.amenity.cz\/wp-content\/uploads\/sites\/16\/2019\/07\/wellness-750x625_5.jpg\" alt=\"\" \/><\/div><\/div><div class=\"col-md-6\"><div class=\"hb-text_block_content\"><div class=\"hb-text-block___inner_wrapper\"><div class=\"featured-rooms-slider__title title-color-black\">Kneippanlage<\/div><div class=\"featured-rooms-slider__text content-color-grey\"><span style=\"color: #c7b39a\"><strong>Im Eintrittspreis f\u00fcr Wellness inbegriffen<\/strong><\/span><\/p>\n<p>Die angenehme Erw\u00e4rmung der F\u00fc\u00dfe im Warmwasser wird durch Abk\u00fchlen in eisigem Wasser abgewechselt, w\u00e4hrend Ihre F\u00fc\u00dfe mit Kieselsteinen massiert werden. Nach einigen Wiederholungen bereit sich einr Hitzwelle durch die Beine au sund durchdringt den gesamten K\u00f6rper.<\/div><\/div><\/div><\/div><\/div><\/div>[\/vc_column][\/vc_row][vc_row full_width=&#8221;stretch_row_content_no_spaces&#8221;][vc_column offset=&#8221;vc_hidden-sm vc_hidden-xs&#8221;]<div  class=\"hb-text-block__wrapper style1\"><div class=\"row\"><div class=\"col-md-6\"><div class=\"hb-image__block\"><img decoding=\"async\" src=\"https:\/\/marinky.amenity.cz\/wp-content\/uploads\/sites\/16\/2019\/07\/wellness-750x625_7.jpg\" alt=\"\" \/><\/div><\/div><div class=\"col-md-6\"><div class=\"hb-text_block_content\"><div class=\"hb-text-block___inner_wrapper\"><div class=\"featured-rooms-slider__title title-color-black\">Massagen<\/div><div class=\"featured-rooms-slider__text content-color-grey\">Begeben Sie sich in die H\u00e4nde eines erfahrenen Profis, entspannen Sie sich und lassen Sie sich bei einer der angebotenen Massagen verw\u00f6hnen.<\/p>\n<p>Die Massage muss mindestens 24 Stunden im Voraus gebucht werden. Aufgrund gelegentlicher \u00dcberf\u00fcllung empfehlen wir, Massagen 14 Tage im Voraus zu buchen. Vielen Dank f\u00fcr Ihr Verst\u00e4ndnis.<\/div><a class=\"btn btn--md btn--normal\" href=\"http:\/\/marinky.amenity.cz\/wp-content\/uploads\/sites\/3\/2025\/09\/Cenik_sluzeb_masaze-Lipno_9-2025_DE-2.pdf\" title=\"button\" target=\"_blank\">PREISLISTE<\/a><\/div><\/div><\/div><\/div><\/div>[\/vc_column][vc_column offset=&#8221;vc_hidden-lg vc_hidden-md&#8221;]<div  class=\"hb-text-block__wrapper style1\"><div class=\"row\"><div class=\"col-md-6\"><div class=\"hb-image__block\"><img decoding=\"async\" src=\"https:\/\/marinky.amenity.cz\/wp-content\/uploads\/sites\/16\/2019\/07\/wellness-750x625_7.jpg\" alt=\"\" \/><\/div><\/div><div class=\"col-md-6\"><div class=\"hb-text_block_content\"><div class=\"hb-text-block___inner_wrapper\"><div class=\"featured-rooms-slider__title title-color-black\">Massagen<\/div><div class=\"featured-rooms-slider__text content-color-grey\">Begeben Sie sich in die H\u00e4nde eines erfahrenen Profis, entspannen Sie sich und lassen Sie sich bei einer der angebotenen Massagen verw\u00f6hnen.<\/p>\n<p>Die Massage muss mindestens 24 Stunden im Voraus gebucht werden. Aufgrund gelegentlicher \u00dcberf\u00fcllung empfehlen wir, Massagen 14 Tage im Voraus zu buchen. Vielen Dank f\u00fcr Ihr Verst\u00e4ndnis.<\/div><a class=\"btn btn--md btn--normal\" href=\"http:\/\/marinky.amenity.cz\/wp-content\/uploads\/sites\/3\/2025\/09\/Cenik_sluzeb_masaze-Lipno_9-2025_DE-2.pdf\" title=\"button\" target=\"_blank\">PREISLISTE<\/a><\/div><\/div><\/div><\/div><\/div>[\/vc_column][\/vc_row][vc_row full_width=&#8221;stretch_row_content_no_spaces&#8221; disable_element=&#8221;yes&#8221;][vc_column]<div  class=\"hb-text-block__wrapper style1\"><div class=\"row\"><div class=\"col-md-6\"><div class=\"hb-image__block\"><img decoding=\"async\" src=\"https:\/\/marinky.amenity.cz\/wp-content\/uploads\/sites\/16\/2019\/07\/wellness-750x625_6.jpg\" alt=\"\" \/><\/div><\/div><div class=\"col-md-6\"><div class=\"hb-text_block_content\"><div class=\"hb-text-block___inner_wrapper\"><div class=\"featured-rooms-slider__title title-color-black\">Sonnenwiese<\/div><div class=\"featured-rooms-slider__text content-color-grey\">Die Sonne gibt uns positive Stimmung, baut Stress ab und wirkt positive auf unsere Leistung. Wenn das Wetter schlecht ist, steht Ihnen im Wellness-Bereich die Sonnenwiese zur Verf\u00fcgung, die das gesamte Lichtspektrum bietet. Sie tr\u00e4gt zur Entspannung und Ruhe bei.<\/p>\n<p><strong>Preis \u2013 CZK 30 \/ 20 Min.<\/strong><\/p>\n<p><strong>\u00a0<\/strong><\/div><\/div><\/div><\/div><\/div><\/div>[\/vc_column][\/vc_row]<\/p>\n<\/div>","protected":false},"excerpt":{"rendered":"<p>[vc_row full_width=&#8221;stretch_row&#8221;][vc_column][\/vc_column][\/vc_row][vc_row][vc_column width=&#8221;1\/6&#8243;][\/vc_column][vc_column width=&#8221;4\/6&#8243;][vc_separator color=&#8221;custom&#8221; border_width=&#8221;2&#8243; el_width=&#8221;50&#8243; accent_color=&#8221;#c7b39a&#8221;][vc_separator color=&#8221;custom&#8221; border_width=&#8221;2&#8243; el_width=&#8221;50&#8243; accent_color=&#8221;#c7b39a&#8221;][\/vc_column][vc_column width=&#8221;1\/6&#8243;][\/vc_column][\/vc_row][vc_row full_width=&#8221;stretch_row_content_no_spaces&#8221;][vc_column offset=&#8221;vc_hidden-sm vc_hidden-xs&#8221;][\/vc_column][vc_column offset=&#8221;vc_hidden-lg vc_hidden-md&#8221;][\/vc_column][\/vc_row][vc_row full_width=&#8221;stretch_row_content_no_spaces&#8221;][vc_column][\/vc_column][\/vc_row][vc_row full_width=&#8221;stretch_row_content_no_spaces&#8221;][vc_column offset=&#8221;vc_hidden-sm vc_hidden-xs&#8221;][\/vc_column][vc_column offset=&#8221;vc_hidden-lg vc_hidden-md&#8221;][\/vc_column][\/vc_row][vc_row full_width=&#8221;stretch_row_content_no_spaces&#8221;][vc_column][\/vc_column][\/vc_row][vc_row full_width=&#8221;stretch_row_content_no_spaces&#8221;][vc_column offset=&#8221;vc_hidden-sm vc_hidden-xs&#8221;][\/vc_column][vc_column offset=&#8221;vc_hidden-lg vc_hidden-md&#8221;][\/vc_column][\/vc_row][vc_row<\/p>\n","protected":false},"author":2,"featured_media":10950,"parent":0,"menu_order":0,"comment_status":"closed","ping_status":"closed","template":"","meta":{"footnotes":""},"class_list":["post-4294","page","type-page","status-publish","has-post-thumbnail","hentry"],"yoast_head":"<!-- This site is optimized with the Yoast SEO Premium plugin v27.3 (Yoast SEO v27.3) - https:\/\/yoast.com\/product\/yoast-seo-premium-wordpress\/ -->\n<title>Wellness Lipno - Wellness Amenity Hotel &amp; Resort Lipno nad Vltavou<\/title>\n<meta name=\"description\" content=\"Wellness Lipno. Entspannen Sie im gr\u00f6\u00dften Wellnesscenter in Lipno, dass einen wundersch\u00f6nen Blick auf den Lipno Stausee bietet.\" \/>\n<meta name=\"robots\" content=\"noindex, follow, max-snippet:-1, max-image-preview:large, max-video-preview:-1\" \/>\n<meta property=\"og:locale\" content=\"de_DE\" \/>\n<meta property=\"og:type\" content=\"article\" \/>\n<meta property=\"og:title\" content=\"Wellness\" \/>\n<meta property=\"og:description\" content=\"Wellness Lipno. Entspannen Sie im gr\u00f6\u00dften Wellnesscenter in Lipno, dass einen wundersch\u00f6nen Blick auf den Lipno Stausee bietet.\" \/>\n<meta property=\"og:url\" content=\"https:\/\/marinky.amenity.cz\/de\/wellness-lipno\/\" \/>\n<meta property=\"og:site_name\" content=\"Amenity Marinky\" \/>\n<meta property=\"article:modified_time\" content=\"2025-12-02T14:33:18+00:00\" \/>\n<meta property=\"og:image\" content=\"https:\/\/marinky.amenity.cz\/wp-content\/uploads\/sites\/16\/2022\/04\/1600x630_welllipno_.jpg\" \/>\n\t<meta property=\"og:image:width\" content=\"1600\" \/>\n\t<meta property=\"og:image:height\" content=\"630\" \/>\n\t<meta property=\"og:image:type\" content=\"image\/jpeg\" \/>\n<meta name=\"twitter:card\" content=\"summary_large_image\" \/>\n<meta name=\"twitter:label1\" content=\"Gesch\u00e4tzte Lesezeit\" \/>\n\t<meta name=\"twitter:data1\" content=\"6\u00a0Minuten\" \/>\n<script type=\"application\/ld+json\" class=\"yoast-schema-graph\">{\"@context\":\"https:\\\/\\\/schema.org\",\"@graph\":[{\"@type\":\"WebPage\",\"@id\":\"https:\\\/\\\/marinky.amenity.cz\\\/de\\\/wellness-lipno\\\/\",\"url\":\"https:\\\/\\\/marinky.amenity.cz\\\/de\\\/wellness-lipno\\\/\",\"name\":\"Wellness Lipno - Wellness Amenity Hotel & Resort Lipno nad Vltavou\",\"isPartOf\":{\"@id\":\"https:\\\/\\\/marinky.amenity.cz\\\/de\\\/cs\\\/#website\"},\"primaryImageOfPage\":{\"@id\":\"https:\\\/\\\/marinky.amenity.cz\\\/de\\\/wellness-lipno\\\/#primaryimage\"},\"image\":{\"@id\":\"https:\\\/\\\/marinky.amenity.cz\\\/de\\\/wellness-lipno\\\/#primaryimage\"},\"thumbnailUrl\":\"https:\\\/\\\/marinky.amenity.cz\\\/wp-content\\\/uploads\\\/sites\\\/16\\\/2022\\\/04\\\/1600x630_welllipno_.jpg\",\"datePublished\":\"2019-10-28T13:28:58+00:00\",\"dateModified\":\"2025-12-02T14:33:18+00:00\",\"description\":\"Wellness Lipno. Entspannen Sie im gr\u00f6\u00dften Wellnesscenter in Lipno, dass einen wundersch\u00f6nen Blick auf den Lipno Stausee bietet.\",\"breadcrumb\":{\"@id\":\"https:\\\/\\\/marinky.amenity.cz\\\/de\\\/wellness-lipno\\\/#breadcrumb\"},\"inLanguage\":\"de\",\"potentialAction\":[{\"@type\":\"ReadAction\",\"target\":[\"https:\\\/\\\/marinky.amenity.cz\\\/de\\\/wellness-lipno\\\/\"]}]},{\"@type\":\"ImageObject\",\"inLanguage\":\"de\",\"@id\":\"https:\\\/\\\/marinky.amenity.cz\\\/de\\\/wellness-lipno\\\/#primaryimage\",\"url\":\"https:\\\/\\\/marinky.amenity.cz\\\/wp-content\\\/uploads\\\/sites\\\/16\\\/2022\\\/04\\\/1600x630_welllipno_.jpg\",\"contentUrl\":\"https:\\\/\\\/marinky.amenity.cz\\\/wp-content\\\/uploads\\\/sites\\\/16\\\/2022\\\/04\\\/1600x630_welllipno_.jpg\",\"width\":1600,\"height\":630},{\"@type\":\"BreadcrumbList\",\"@id\":\"https:\\\/\\\/marinky.amenity.cz\\\/de\\\/wellness-lipno\\\/#breadcrumb\",\"itemListElement\":[{\"@type\":\"ListItem\",\"position\":1,\"name\":\"Dom\u016f\",\"item\":\"https:\\\/\\\/marinky.amenity.cz\\\/de\\\/\"},{\"@type\":\"ListItem\",\"position\":2,\"name\":\"Wellness\"}]},{\"@type\":\"WebSite\",\"@id\":\"https:\\\/\\\/marinky.amenity.cz\\\/de\\\/cs\\\/#website\",\"url\":\"https:\\\/\\\/marinky.amenity.cz\\\/de\\\/cs\\\/\",\"name\":\"Amenity Marinky\",\"description\":\"\",\"potentialAction\":[{\"@type\":\"SearchAction\",\"target\":{\"@type\":\"EntryPoint\",\"urlTemplate\":\"https:\\\/\\\/marinky.amenity.cz\\\/de\\\/cs\\\/?s={search_term_string}\"},\"query-input\":{\"@type\":\"PropertyValueSpecification\",\"valueRequired\":true,\"valueName\":\"search_term_string\"}}],\"inLanguage\":\"de\"}]}<\/script>\n<!-- \/ Yoast SEO Premium plugin. -->","yoast_head_json":{"title":"Wellness Lipno - Wellness Amenity Hotel & Resort Lipno nad Vltavou","description":"Wellness Lipno. Entspannen Sie im gr\u00f6\u00dften Wellnesscenter in Lipno, dass einen wundersch\u00f6nen Blick auf den Lipno Stausee bietet.","robots":{"index":"noindex","follow":"follow","max-snippet":"max-snippet:-1","max-image-preview":"max-image-preview:large","max-video-preview":"max-video-preview:-1"},"og_locale":"de_DE","og_type":"article","og_title":"Wellness","og_description":"Wellness Lipno. Entspannen Sie im gr\u00f6\u00dften Wellnesscenter in Lipno, dass einen wundersch\u00f6nen Blick auf den Lipno Stausee bietet.","og_url":"https:\/\/marinky.amenity.cz\/de\/wellness-lipno\/","og_site_name":"Amenity Marinky","article_modified_time":"2025-12-02T14:33:18+00:00","og_image":[{"width":1600,"height":630,"url":"https:\/\/marinky.amenity.cz\/wp-content\/uploads\/sites\/16\/2022\/04\/1600x630_welllipno_.jpg","type":"image\/jpeg"}],"twitter_card":"summary_large_image","twitter_misc":{"Gesch\u00e4tzte Lesezeit":"6\u00a0Minuten"},"schema":{"@context":"https:\/\/schema.org","@graph":[{"@type":"WebPage","@id":"https:\/\/marinky.amenity.cz\/de\/wellness-lipno\/","url":"https:\/\/marinky.amenity.cz\/de\/wellness-lipno\/","name":"Wellness Lipno - Wellness Amenity Hotel & Resort Lipno nad Vltavou","isPartOf":{"@id":"https:\/\/marinky.amenity.cz\/de\/cs\/#website"},"primaryImageOfPage":{"@id":"https:\/\/marinky.amenity.cz\/de\/wellness-lipno\/#primaryimage"},"image":{"@id":"https:\/\/marinky.amenity.cz\/de\/wellness-lipno\/#primaryimage"},"thumbnailUrl":"https:\/\/marinky.amenity.cz\/wp-content\/uploads\/sites\/16\/2022\/04\/1600x630_welllipno_.jpg","datePublished":"2019-10-28T13:28:58+00:00","dateModified":"2025-12-02T14:33:18+00:00","description":"Wellness Lipno. Entspannen Sie im gr\u00f6\u00dften Wellnesscenter in Lipno, dass einen wundersch\u00f6nen Blick auf den Lipno Stausee bietet.","breadcrumb":{"@id":"https:\/\/marinky.amenity.cz\/de\/wellness-lipno\/#breadcrumb"},"inLanguage":"de","potentialAction":[{"@type":"ReadAction","target":["https:\/\/marinky.amenity.cz\/de\/wellness-lipno\/"]}]},{"@type":"ImageObject","inLanguage":"de","@id":"https:\/\/marinky.amenity.cz\/de\/wellness-lipno\/#primaryimage","url":"https:\/\/marinky.amenity.cz\/wp-content\/uploads\/sites\/16\/2022\/04\/1600x630_welllipno_.jpg","contentUrl":"https:\/\/marinky.amenity.cz\/wp-content\/uploads\/sites\/16\/2022\/04\/1600x630_welllipno_.jpg","width":1600,"height":630},{"@type":"BreadcrumbList","@id":"https:\/\/marinky.amenity.cz\/de\/wellness-lipno\/#breadcrumb","itemListElement":[{"@type":"ListItem","position":1,"name":"Dom\u016f","item":"https:\/\/marinky.amenity.cz\/de\/"},{"@type":"ListItem","position":2,"name":"Wellness"}]},{"@type":"WebSite","@id":"https:\/\/marinky.amenity.cz\/de\/cs\/#website","url":"https:\/\/marinky.amenity.cz\/de\/cs\/","name":"Amenity Marinky","description":"","potentialAction":[{"@type":"SearchAction","target":{"@type":"EntryPoint","urlTemplate":"https:\/\/marinky.amenity.cz\/de\/cs\/?s={search_term_string}"},"query-input":{"@type":"PropertyValueSpecification","valueRequired":true,"valueName":"search_term_string"}}],"inLanguage":"de"}]}},"_links":{"self":[{"href":"https:\/\/marinky.amenity.cz\/de\/wp-json\/wp\/v2\/pages\/4294","targetHints":{"allow":["GET"]}}],"collection":[{"href":"https:\/\/marinky.amenity.cz\/de\/wp-json\/wp\/v2\/pages"}],"about":[{"href":"https:\/\/marinky.amenity.cz\/de\/wp-json\/wp\/v2\/types\/page"}],"author":[{"embeddable":true,"href":"https:\/\/marinky.amenity.cz\/de\/wp-json\/wp\/v2\/users\/2"}],"replies":[{"embeddable":true,"href":"https:\/\/marinky.amenity.cz\/de\/wp-json\/wp\/v2\/comments?post=4294"}],"version-history":[{"count":10,"href":"https:\/\/marinky.amenity.cz\/de\/wp-json\/wp\/v2\/pages\/4294\/revisions"}],"predecessor-version":[{"id":18366,"href":"https:\/\/marinky.amenity.cz\/de\/wp-json\/wp\/v2\/pages\/4294\/revisions\/18366"}],"wp:featuredmedia":[{"embeddable":true,"href":"https:\/\/marinky.amenity.cz\/de\/wp-json\/wp\/v2\/media\/10950"}],"wp:attachment":[{"href":"https:\/\/marinky.amenity.cz\/de\/wp-json\/wp\/v2\/media?parent=4294"}],"curies":[{"name":"wp","href":"https:\/\/api.w.org\/{rel}","templated":true}]}}