{"id":4257,"date":"2019-10-28T14:21:09","date_gmt":"2019-10-28T13:21:09","guid":{"rendered":"http:\/\/lipno.amenityhotels.com\/kontakt\/"},"modified":"2024-11-01T12:35:44","modified_gmt":"2024-11-01T11:35:44","slug":"kontakt","status":"publish","type":"page","link":"https:\/\/marinky.amenity.cz\/de\/kontakt\/","title":{"rendered":"KONTAKT"},"content":{"rendered":"<div class=\"wpb-content-wrapper\"><p>[vc_row full_width=&#8221;stretch_row&#8221;][vc_column]<script>console.log(\"Fotogalerie-sluzby-stranka-DE: Please register the Slider Revolution plugin to use premium templates.\")<\/script>\n[\/vc_column][\/vc_row][vc_row full_width=&#8221;stretch_row_content_no_spaces&#8221; css=&#8221;.vc_custom_1680703698521{background-color: #293635 !important;}&#8221;][vc_column]<div  class=\"empty-space  marg-lg-b10\"><\/div>[\/vc_column][\/vc_row][vc_row full_width=&#8221;stretch_row_content_no_spaces&#8221; css=&#8221;.vc_custom_1680703705546{background-color: #293635 !important;}&#8221;][vc_column width=&#8221;1\/5&#8243; css=&#8221;.vc_custom_1566768630642{padding-left: 100px !important;}&#8221;]<div class=\"text-block \" ><div class=\"simple-text \"><p><img loading=\"lazy\" decoding=\"async\" class=\"alignnone size-full wp-image-3760\" src=\"http:\/\/marinky.amenity.cz\/wp-content\/uploads\/sites\/16\/2019\/08\/logo-Amenity-25x25.png\" alt=\"\" width=\"25\" height=\"25\" \/> \u00a0<a class=\"lista\" href=\"http:\/\/spindl.amenity.cz\/de\"><strong>\u0160PINDLER\u016eV ML\u00ddN<\/strong><\/a><\/p>\n<\/div><\/div>[\/vc_column][vc_column width=&#8221;1\/5&#8243; css=&#8221;.vc_custom_1566768637811{padding-left: 100px !important;}&#8221;]<div class=\"text-block \" ><div class=\"simple-text \"><p><img loading=\"lazy\" decoding=\"async\" class=\"alignnone size-full wp-image-3760\" src=\"http:\/\/marinky.amenity.cz\/wp-content\/uploads\/sites\/16\/2019\/08\/logo-Amenity-25x25.png\" alt=\"\" width=\"25\" height=\"25\" \/> \u00a0<a class=\"lista\" href=\"http:\/\/kanada.amenity.cz\/de\"><strong>\u010cESK\u00c1 KANADA<\/strong><\/a><\/p>\n<\/div><\/div>[\/vc_column][vc_column width=&#8221;1\/5&#8243; css=&#8221;.vc_custom_1566768647974{padding-left: 100px !important;}&#8221;]<div class=\"text-block \" ><div class=\"simple-text \"><p><img loading=\"lazy\" decoding=\"async\" class=\"alignnone size-full wp-image-3760\" src=\"http:\/\/marinky.amenity.cz\/wp-content\/uploads\/sites\/16\/2019\/08\/logo-Amenity-25x25.png\" alt=\"\" width=\"25\" height=\"25\" \/> \u00a0<a class=\"lista\" href=\"http:\/\/orlickehory.amenity.cz\/de\"><strong>ORLICK\u00c9 HORY<\/strong><\/a><\/p>\n<\/div><\/div>[\/vc_column][vc_column width=&#8221;1\/5&#8243; css=&#8221;.vc_custom_1566768653962{padding-left: 100px !important;}&#8221;]<div class=\"text-block \" ><div class=\"simple-text \"><p><img loading=\"lazy\" decoding=\"async\" class=\"alignnone size-full wp-image-3760\" src=\"http:\/\/marinky.amenity.cz\/wp-content\/uploads\/sites\/16\/2019\/08\/logo-Amenity-25x25.png\" alt=\"\" width=\"25\" height=\"25\" \/> \u00a0<a class=\"lista\" href=\"http:\/\/hornivestonice.amenity.cz\/\"><strong>HORN\u00cd V\u011aSTONICE<\/strong><\/a><\/p>\n<\/div><\/div>[\/vc_column][vc_column width=&#8221;1\/5&#8243; css=&#8221;.vc_custom_1649059867211{padding-left: 100px !important;}&#8221;]<div class=\"text-block \" ><div class=\"simple-text \"><p><img loading=\"lazy\" decoding=\"async\" class=\"alignnone size-full wp-image-3760\" src=\"http:\/\/marinky.amenity.cz\/wp-content\/uploads\/sites\/16\/2019\/08\/logo-Amenity-25x25.png\" alt=\"\" width=\"25\" height=\"25\" \/> \u00a0<a class=\"lista\" href=\"https:\/\/amenity.cz\/de\"><strong>AMENITY RESORTS<\/strong><\/a><\/p>\n<\/div><\/div>[\/vc_column][\/vc_row][vc_row gap=&#8221;25&#8243; content_placement=&#8221;middle&#8221;][vc_column width=&#8221;1\/2&#8243;]<div  class=\"empty-space  marg-lg-b25\"><\/div><div  class=\"main-heading\"><span class=\"subtitle\">Amenity Hotel &amp; Resort Lipno<\/span><h2 class=\"title\">Kontakt<\/h2><\/div><div class=\"text-block \" ><div class=\"simple-text \"><p style=\"text-align: center;\">M\u00f6chten Sie uns etwas fragen oder ben\u00f6tigen Sie Hilfe bei der Buchung? Rufen Sie uns an oder schreiben Sie uns, wir helfen Ihnen gerne weiter.<\/p>\n<p style=\"text-align: center;\">Wir freuen uns auf Ihren Besuch.<\/p>\n<\/div><\/div><div  class=\"empty-space  marg-lg-b25\"><\/div>[\/vc_column][vc_column width=&#8221;1\/2&#8243;]<div  class=\"empty-space  marg-lg-b25\"><\/div>\n<div tabindex=\"0\" id=\"interactive-banner-1-wrap-2259\" class=\"ult-banner-block ult-adjust-bottom-margin ult-bb-more  banner-style01 \"   style=\"\">\n\t<img decoding=\"async\" src=\"https:\/\/marinky.amenity.cz\/wp-content\/uploads\/sites\/16\/2024\/03\/533x300_check-in-info.jpg\" alt=\"null\">\n\t<h4  data-ultimate-target='#interactive-banner-1-wrap-2259 .bb-top-title '  data-responsive-json-new='{\"font-size\":\"\",\"line-height\":\"\"}'  class=\"title-center bb-top-title ult-responsive\" style=\"font-weight:normal;background:#48492c;color:#ffffff;\">Allgemeine Informationen \u00fcber das Resort<\/h4>\n\t<div class=\"mask opaque-background\" style=\"background:rgba(36,36,36,0.61);\">\n\t\t<div  data-ultimate-target='#interactive-banner-1-wrap-2259 .bb-description'  data-responsive-json-new='{\"font-size\":\"\",\"line-height\":\"\"}'  class=\"bb-description ult-responsive\" style=\"font-weight:normal;color:#ffffff;\">Zusammenfassung wichtiger Informationen f\u00fcr G\u00e4ste<\/div>\n\t\t<a class=\"bb-link\" href=\"https:\/\/marinky.amenity.cz\/de\/check-in-informationen-fuer-gaeste\/\"  style=\"background:#7f5b23;color:#ffffff;\">DETAIL<\/a>\n\t<\/div>\n<\/div><div  class=\"empty-space  marg-lg-b25\"><\/div>[\/vc_column][\/vc_row][vc_row][vc_column][vc_separator color=&#8221;custom&#8221; border_width=&#8221;2&#8243; el_width=&#8221;50&#8243; accent_color=&#8221;#c7b39a&#8221;]<div  class=\"empty-space  marg-lg-b10\"><\/div>[\/vc_column][\/vc_row][vc_row full_width=&#8221;stretch_row_content_no_spaces&#8221;][vc_column]<div  class=\"hb-text-block__wrapper style1\"><div class=\"row\"><div class=\"col-md-6\"><div class=\"hb-image__block\"><img decoding=\"async\" src=\"https:\/\/marinky.amenity.cz\/wp-content\/uploads\/sites\/16\/2019\/08\/recepce-750x625.jpg\" alt=\"\" \/><\/div><\/div><div class=\"col-md-6\"><div class=\"hb-text_block_content\"><div class=\"hb-text-block___inner_wrapper\"><div class=\"featured-rooms-slider__title title-color-black\"><\/div><div class=\"featured-rooms-slider__text content-color-grey\"><\/p>\n<p style=\"text-align: left\"><strong>Amenity Hotel &amp; Resort Lipno<\/strong><\/p>\n<p style=\"text-align: left\">Lipno nad Vltavou 999<br \/>\n382 78 Lipno nad Vltavou<\/p>\n<hr \/>\n<p style=\"text-align: left\"><strong>Unterkunft und Nachfrage<\/strong><\/p>\n<p style=\"text-align: left\"><img loading=\"lazy\" decoding=\"async\" class=\"alignnone size-full wp-image-3772\" src=\"http:\/\/marinky.amenity.cz\/wp-content\/uploads\/sites\/16\/2019\/08\/e-mail.png\" alt=\"\" width=\"25\" height=\"25\" srcset=\"https:\/\/marinky.amenity.cz\/wp-content\/uploads\/sites\/16\/2019\/08\/e-mail.png 201w, https:\/\/marinky.amenity.cz\/wp-content\/uploads\/sites\/16\/2019\/08\/e-mail-150x150.png 150w, https:\/\/marinky.amenity.cz\/wp-content\/uploads\/sites\/16\/2019\/08\/e-mail-61x60.png 61w\" sizes=\"auto, (max-width: 25px) 100vw, 25px\" \/> lipno@amenity.cz<br \/>\n<img loading=\"lazy\" decoding=\"async\" class=\"alignnone size-full wp-image-3772\" src=\"http:\/\/marinky.amenity.cz\/wp-content\/uploads\/sites\/16\/2019\/08\/telefon.png\" alt=\"\" width=\"25\" height=\"25\" \/> (+420) 380 731 777 | (+420) 602 733 702<\/p>\n<hr \/>\n<p style=\"text-align: left\"><strong>Rechnungsinformationen:<\/strong><\/p>\n<p style=\"text-align: left\">Amenity Resorts s.r.o.<br \/>\nRatajova 1113\/8, 148 00 Praha 4 \u2013 Kunratice<br \/>\nI\u010c 27650626<br \/>\nDI\u010c CZ27650626<\/p>\n<p><\/div><\/div><\/div><\/div><\/div><\/div>[\/vc_column][\/vc_row][vc_row full_width=&#8221;stretch_row_content_no_spaces&#8221;][vc_column offset=&#8221;vc_hidden-sm vc_hidden-xs&#8221;]<div  class=\"hb-text-block__wrapper style2\"><div class=\"row\"><div class=\"col-md-6\"><div class=\"hb-text_block_content\"><div class=\"hb-text-block___inner_wrapper text-right\"><div class=\"featured-rooms-slider__title title-color-black\"><\/div><div class=\"featured-rooms-slider__text content-color-grey\"><\/p>\n<p style=\"text-align: right\"><strong>Sport Arena Lipno<\/strong><\/p>\n<p style=\"text-align: right\"><img loading=\"lazy\" decoding=\"async\" class=\"alignnone size-full wp-image-3772\" src=\"http:\/\/marinky.amenity.cz\/wp-content\/uploads\/sites\/16\/2019\/08\/e-mail.png\" alt=\"\" width=\"25\" height=\"25\" srcset=\"https:\/\/marinky.amenity.cz\/wp-content\/uploads\/sites\/16\/2019\/08\/e-mail.png 201w, https:\/\/marinky.amenity.cz\/wp-content\/uploads\/sites\/16\/2019\/08\/e-mail-150x150.png 150w, https:\/\/marinky.amenity.cz\/wp-content\/uploads\/sites\/16\/2019\/08\/e-mail-61x60.png 61w\" sizes=\"auto, (max-width: 25px) 100vw, 25px\" \/> sportarena@amenity.cz<br \/>\n(+420) 725 991 991<\/p>\n<p><\/div><\/div><\/div><\/div><div class=\"col-md-6\"><div class=\"hb-image__block\"><img decoding=\"async\" src=\"https:\/\/marinky.amenity.cz\/wp-content\/uploads\/sites\/16\/2023\/06\/amenity-resort-lipno-nad-vltavou_ubytovani_hotel_750x625_3.jpg\" alt=\"\" \/><\/div><\/div><\/div><\/div>[\/vc_column][vc_column offset=&#8221;vc_hidden-lg vc_hidden-md&#8221;]<div  class=\"hb-text-block__wrapper style1\"><div class=\"row\"><div class=\"col-md-6\"><div class=\"hb-image__block\"><img decoding=\"async\" src=\"https:\/\/marinky.amenity.cz\/wp-content\/uploads\/sites\/16\/2023\/06\/amenity-resort-lipno-nad-vltavou_ubytovani_hotel_750x625_3.jpg\" alt=\"\" \/><\/div><\/div><div class=\"col-md-6\"><div class=\"hb-text_block_content\"><div class=\"hb-text-block___inner_wrapper\"><div class=\"featured-rooms-slider__title title-color-black\"><\/div><div class=\"featured-rooms-slider__text content-color-grey\"><\/p>\n<p style=\"text-align: left\"><strong>Sport Arena Lipno<\/strong><\/p>\n<p style=\"text-align: left\"><img loading=\"lazy\" decoding=\"async\" class=\"alignnone size-full wp-image-3772\" src=\"http:\/\/marinky.amenity.cz\/wp-content\/uploads\/sites\/16\/2019\/08\/e-mail.png\" alt=\"\" width=\"25\" height=\"25\" srcset=\"https:\/\/marinky.amenity.cz\/wp-content\/uploads\/sites\/16\/2019\/08\/e-mail.png 201w, https:\/\/marinky.amenity.cz\/wp-content\/uploads\/sites\/16\/2019\/08\/e-mail-150x150.png 150w, https:\/\/marinky.amenity.cz\/wp-content\/uploads\/sites\/16\/2019\/08\/e-mail-61x60.png 61w\" sizes=\"auto, (max-width: 25px) 100vw, 25px\" \/> sportarena@amenity.cz<br \/>\n<img loading=\"lazy\" decoding=\"async\" class=\"alignnone size-full wp-image-3772\" src=\"http:\/\/marinky.amenity.cz\/wp-content\/uploads\/sites\/16\/2019\/08\/telefon.png\" alt=\"\" width=\"25\" height=\"25\" \/> (+420) 725 991 991<\/p>\n<p><\/div><\/div><\/div><\/div><\/div><\/div>[\/vc_column][\/vc_row][vc_row full_width=&#8221;stretch_row_content_no_spaces&#8221;][vc_column]<div  class=\"hb-text-block__wrapper style1\"><div class=\"row\"><div class=\"col-md-6\"><div class=\"hb-image__block\"><img decoding=\"async\" src=\"https:\/\/marinky.amenity.cz\/wp-content\/uploads\/sites\/16\/2022\/03\/750x625_kava.jpg\" alt=\"\" \/><\/div><\/div><div class=\"col-md-6\"><div class=\"hb-text_block_content\"><div class=\"hb-text-block___inner_wrapper\"><div class=\"featured-rooms-slider__title title-color-black\"><\/div><div class=\"featured-rooms-slider__text content-color-grey\"><\/p>\n<p style=\"text-align: left\"><strong>Restaurant Blue Lipno<\/strong><\/p>\n<p style=\"text-align: left\"><img loading=\"lazy\" decoding=\"async\" class=\"alignnone size-full wp-image-3772\" src=\"http:\/\/marinky.amenity.cz\/wp-content\/uploads\/sites\/16\/2019\/08\/telefon.png\" alt=\"\" width=\"25\" height=\"25\" \/> \u00a0<a href=\"tel:+420770177222\">(+ 420) 770 177 222<\/a><\/p>\n<p><\/div><\/div><\/div><\/div><\/div><\/div>[\/vc_column][\/vc_row][vc_row full_width=&#8221;stretch_row_content_no_spaces&#8221;][vc_column]<div  class=\"empty-space  marg-lg-b25\"><\/div>[vc_gmaps link=&#8221;#E-8_JTNDaWZyYW1lJTIwc3JjJTNEJTIyaHR0cHMlM0ElMkYlMkZ3d3cuZ29vZ2xlLmNvbSUyRm1hcHMlMkZlbWJlZCUzRnBiJTNEJTIxMW0xOCUyMTFtMTIlMjExbTMlMjExZDEzMTguMjc5Njc1MDM2MTU5JTIxMmQxNC4yMDU2ODc1NTc2ODUxMDElMjEzZDQ4LjYzNzQxMzc2ODg5NzE0JTIxMm0zJTIxMWYwJTIxMmYwJTIxM2YwJTIxM20yJTIxMWkxMDI0JTIxMmk3NjglMjE0ZjEzLjElMjEzbTMlMjExbTIlMjExczB4NDc3MzdiMzA5ODE2NmI4NyUyNTNBMHhmNmIwNzJlMTA4NWFiZTNiJTIxMnNBbWVuaXR5JTI1MjBSZXNvcnQlMjUyMExpcG5vJTIxNWUwJTIxM20yJTIxMXNjcyUyMTJzY3olMjE0djE1NjY3MzIwODY2OTclMjE1bTIlMjExc2NzJTIxMnNjeiUyMiUyMHdpZHRoJTNEJTIyNjAwJTIyJTIwaGVpZ2h0JTNEJTIyNDUwJTIyJTIwZnJhbWVib3JkZXIlM0QlMjIwJTIyJTIwc3R5bGUlM0QlMjJib3JkZXIlM0EwJTNCJTIyJTIwYWxsb3dmdWxsc2NyZWVuJTNEJTIyJTIyJTNFJTNDJTJGaWZyYW1lJTNF&#8221;][\/vc_column][\/vc_row][vc_row full_width=&#8221;stretch_row_content_no_spaces&#8221; bg_type=&#8221;bg_color&#8221; bg_color_value=&#8221;#293635&#8243;][vc_column]<div  class=\"empty-space  marg-lg-b25\"><\/div>[vc_raw_js]JTNDc2NyaXB0JTNFJTBBJTIwJTIwJTIwJTIwJTIwJTIwJTIwJTIwJTI4ZnVuY3Rpb24lMjAlMjh3JTJDZCUyQ3MlMkNvJTJDZiUyQ2pzJTJDZmpzJTI5JTIwJTdCJTBBJTIwJTIwJTIwJTIwJTIwJTIwJTIwJTIwJTIwJTIwJTIwJTIwdyU1QiUyN2VjbS13aWRnZXQlMjclNUQlM0RvJTNCdyU1Qm8lNUQlMjAlM0QlMjB3JTVCbyU1RCUyMCU3QyU3QyUyMGZ1bmN0aW9uJTIwJTI4JTI5JTIwJTdCJTIwJTI4dyU1Qm8lNUQucSUyMCUzRCUyMHclNUJvJTVELnElMjAlN0MlN0MlMjAlNUIlNUQlMjkucHVzaCUyOGFyZ3VtZW50cyUyOSUyMCU3RCUzQiUwQSUyMCUyMCUyMCUyMCUyMCUyMCUyMCUyMCUyMCUyMCUyMCUyMGpzJTIwJTNEJTIwZC5jcmVhdGVFbGVtZW50JTI4cyUyOSUyQyUyMGZqcyUyMCUzRCUyMGQuZ2V0RWxlbWVudHNCeVRhZ05hbWUlMjhzJTI5JTVCMCU1RCUzQiUwQSUyMCUyMCUyMCUyMCUyMCUyMCUyMCUyMCUyMCUyMCUyMCUyMGpzLmlkJTIwJTNEJTIwJTI3MTgtZWViOTZlY2Q4ZWVmYzE1ZjIxOTgyNDZlNzI4NTEwZjElMjclM0IlMjBqcy5kYXRhc2V0LmElMjAlM0QlMjAlMjdhbWVuaXR5cmVzb3J0cyUyNyUzQiUyMGpzLnNyYyUyMCUzRCUyMGYlM0IlMjBqcy5hc3luYyUyMCUzRCUyMDElM0IlMjBmanMucGFyZW50Tm9kZS5pbnNlcnRCZWZvcmUlMjhqcyUyQyUyMGZqcyUyOSUzQiUwQSUyMCUyMCUyMCUyMCUyMCUyMCUyMCUyMCU3RCUyOHdpbmRvdyUyQyUyMGRvY3VtZW50JTJDJTIwJTI3c2NyaXB0JTI3JTJDJTIwJTI3ZWNtd2lkZ2V0JTI3JTJDJTIwJTI3aHR0cHMlM0ElMkYlMkZkNzBzaGw3dmlkdGZ0LmNsb3VkZnJvbnQubmV0JTJGd2lkZ2V0LmpzJTI3JTI5JTI5JTNCJTBBJTIwJTIwJTIwJTIwJTNDJTJGc2NyaXB0JTNFJTBBJTIwJTIwJTIwJTIwJTIwJTIwJTIwJTIwJTIwJTIwJTIwJTIwJTNDZGl2JTIwaWQlM0QlMjJmLTE4LWVlYjk2ZWNkOGVlZmMxNWYyMTk4MjQ2ZTcyODUxMGYxJTIyJTNFJTNDJTJGZGl2JTNF[\/vc_raw_js]<div  class=\"empty-space  marg-lg-b25\"><\/div>[\/vc_column][\/vc_row]<\/p>\n<\/div>","protected":false},"excerpt":{"rendered":"<p>[vc_row full_width=&#8221;stretch_row&#8221;][vc_column][\/vc_column][\/vc_row][vc_row full_width=&#8221;stretch_row_content_no_spaces&#8221; css=&#8221;.vc_custom_1680703698521{background-color: #293635 !important;}&#8221;][vc_column][\/vc_column][\/vc_row][vc_row full_width=&#8221;stretch_row_content_no_spaces&#8221; css=&#8221;.vc_custom_1680703705546{background-color: #293635 !important;}&#8221;][vc_column width=&#8221;1\/5&#8243; css=&#8221;.vc_custom_1566768630642{padding-left: 100px !important;}&#8221;][\/vc_column][vc_column width=&#8221;1\/5&#8243; css=&#8221;.vc_custom_1566768637811{padding-left: 100px !important;}&#8221;][\/vc_column][vc_column width=&#8221;1\/5&#8243; css=&#8221;.vc_custom_1566768647974{padding-left: 100px !important;}&#8221;][\/vc_column][vc_column width=&#8221;1\/5&#8243; css=&#8221;.vc_custom_1566768653962{padding-left: 100px !important;}&#8221;][\/vc_column][vc_column width=&#8221;1\/5&#8243; css=&#8221;.vc_custom_1649059867211{padding-left: 100px !important;}&#8221;][\/vc_column][\/vc_row][vc_row<\/p>\n","protected":false},"author":2,"featured_media":0,"parent":0,"menu_order":0,"comment_status":"closed","ping_status":"closed","template":"","meta":{"footnotes":""},"class_list":["post-4257","page","type-page","status-publish","hentry"],"yoast_head":"<!-- This site is optimized with the Yoast SEO Premium plugin v27.3 (Yoast SEO v27.3) - https:\/\/yoast.com\/product\/yoast-seo-premium-wordpress\/ -->\n<title>Kontakt \u2013 Amenity Hotel &amp; Resort Lipno - Lipno nad Vltavou - \u0160umava<\/title>\n<meta name=\"description\" content=\"Ben\u00f6tigen Sie Beratung, Hilfe mit der Buchung? Rufen Sie uns an oder senden Sie uns eine E-Mail. Wir helfen Ihnen gerne weiter.\" \/>\n<meta name=\"robots\" content=\"noindex, follow, max-snippet:-1, max-image-preview:large, max-video-preview:-1\" \/>\n<meta property=\"og:locale\" content=\"de_DE\" \/>\n<meta property=\"og:type\" content=\"article\" \/>\n<meta property=\"og:title\" content=\"KONTAKT\" \/>\n<meta property=\"og:description\" content=\"Ben\u00f6tigen Sie Beratung, Hilfe mit der Buchung? Rufen Sie uns an oder senden Sie uns eine E-Mail. Wir helfen Ihnen gerne weiter.\" \/>\n<meta property=\"og:url\" content=\"https:\/\/marinky.amenity.cz\/de\/kontakt\/\" \/>\n<meta property=\"og:site_name\" content=\"Amenity Marinky\" \/>\n<meta property=\"article:modified_time\" content=\"2024-11-01T11:35:44+00:00\" \/>\n<meta property=\"og:image\" content=\"http:\/\/marinky.amenity.cz\/wp-content\/uploads\/sites\/16\/2019\/08\/logo-Amenity-25x25.png\" \/>\n<meta name=\"twitter:card\" content=\"summary_large_image\" \/>\n<meta name=\"twitter:label1\" content=\"Gesch\u00e4tzte Lesezeit\" \/>\n\t<meta name=\"twitter:data1\" content=\"4\u00a0Minuten\" \/>\n<script type=\"application\/ld+json\" class=\"yoast-schema-graph\">{\"@context\":\"https:\\\/\\\/schema.org\",\"@graph\":[{\"@type\":\"WebPage\",\"@id\":\"https:\\\/\\\/marinky.amenity.cz\\\/de\\\/kontakt\\\/\",\"url\":\"https:\\\/\\\/marinky.amenity.cz\\\/de\\\/kontakt\\\/\",\"name\":\"Kontakt \u2013 Amenity Hotel & Resort Lipno - Lipno nad Vltavou - \u0160umava\",\"isPartOf\":{\"@id\":\"https:\\\/\\\/marinky.amenity.cz\\\/de\\\/cs\\\/#website\"},\"primaryImageOfPage\":{\"@id\":\"https:\\\/\\\/marinky.amenity.cz\\\/de\\\/kontakt\\\/#primaryimage\"},\"image\":{\"@id\":\"https:\\\/\\\/marinky.amenity.cz\\\/de\\\/kontakt\\\/#primaryimage\"},\"thumbnailUrl\":\"http:\\\/\\\/marinky.amenity.cz\\\/wp-content\\\/uploads\\\/sites\\\/16\\\/2019\\\/08\\\/logo-Amenity-25x25.png\",\"datePublished\":\"2019-10-28T13:21:09+00:00\",\"dateModified\":\"2024-11-01T11:35:44+00:00\",\"description\":\"Ben\u00f6tigen Sie Beratung, Hilfe mit der Buchung? Rufen Sie uns an oder senden Sie uns eine E-Mail. Wir helfen Ihnen gerne weiter.\",\"breadcrumb\":{\"@id\":\"https:\\\/\\\/marinky.amenity.cz\\\/de\\\/kontakt\\\/#breadcrumb\"},\"inLanguage\":\"de\",\"potentialAction\":[{\"@type\":\"ReadAction\",\"target\":[\"https:\\\/\\\/marinky.amenity.cz\\\/de\\\/kontakt\\\/\"]}]},{\"@type\":\"ImageObject\",\"inLanguage\":\"de\",\"@id\":\"https:\\\/\\\/marinky.amenity.cz\\\/de\\\/kontakt\\\/#primaryimage\",\"url\":\"http:\\\/\\\/marinky.amenity.cz\\\/wp-content\\\/uploads\\\/sites\\\/16\\\/2019\\\/08\\\/logo-Amenity-25x25.png\",\"contentUrl\":\"http:\\\/\\\/marinky.amenity.cz\\\/wp-content\\\/uploads\\\/sites\\\/16\\\/2019\\\/08\\\/logo-Amenity-25x25.png\"},{\"@type\":\"BreadcrumbList\",\"@id\":\"https:\\\/\\\/marinky.amenity.cz\\\/de\\\/kontakt\\\/#breadcrumb\",\"itemListElement\":[{\"@type\":\"ListItem\",\"position\":1,\"name\":\"Dom\u016f\",\"item\":\"https:\\\/\\\/marinky.amenity.cz\\\/de\\\/\"},{\"@type\":\"ListItem\",\"position\":2,\"name\":\"KONTAKT\"}]},{\"@type\":\"WebSite\",\"@id\":\"https:\\\/\\\/marinky.amenity.cz\\\/de\\\/cs\\\/#website\",\"url\":\"https:\\\/\\\/marinky.amenity.cz\\\/de\\\/cs\\\/\",\"name\":\"Amenity Marinky\",\"description\":\"\",\"potentialAction\":[{\"@type\":\"SearchAction\",\"target\":{\"@type\":\"EntryPoint\",\"urlTemplate\":\"https:\\\/\\\/marinky.amenity.cz\\\/de\\\/cs\\\/?s={search_term_string}\"},\"query-input\":{\"@type\":\"PropertyValueSpecification\",\"valueRequired\":true,\"valueName\":\"search_term_string\"}}],\"inLanguage\":\"de\"}]}<\/script>\n<!-- \/ Yoast SEO Premium plugin. -->","yoast_head_json":{"title":"Kontakt \u2013 Amenity Hotel & Resort Lipno - Lipno nad Vltavou - \u0160umava","description":"Ben\u00f6tigen Sie Beratung, Hilfe mit der Buchung? Rufen Sie uns an oder senden Sie uns eine E-Mail. Wir helfen Ihnen gerne weiter.","robots":{"index":"noindex","follow":"follow","max-snippet":"max-snippet:-1","max-image-preview":"max-image-preview:large","max-video-preview":"max-video-preview:-1"},"og_locale":"de_DE","og_type":"article","og_title":"KONTAKT","og_description":"Ben\u00f6tigen Sie Beratung, Hilfe mit der Buchung? Rufen Sie uns an oder senden Sie uns eine E-Mail. Wir helfen Ihnen gerne weiter.","og_url":"https:\/\/marinky.amenity.cz\/de\/kontakt\/","og_site_name":"Amenity Marinky","article_modified_time":"2024-11-01T11:35:44+00:00","og_image":[{"url":"http:\/\/marinky.amenity.cz\/wp-content\/uploads\/sites\/16\/2019\/08\/logo-Amenity-25x25.png","type":"","width":"","height":""}],"twitter_card":"summary_large_image","twitter_misc":{"Gesch\u00e4tzte Lesezeit":"4\u00a0Minuten"},"schema":{"@context":"https:\/\/schema.org","@graph":[{"@type":"WebPage","@id":"https:\/\/marinky.amenity.cz\/de\/kontakt\/","url":"https:\/\/marinky.amenity.cz\/de\/kontakt\/","name":"Kontakt \u2013 Amenity Hotel & Resort Lipno - Lipno nad Vltavou - \u0160umava","isPartOf":{"@id":"https:\/\/marinky.amenity.cz\/de\/cs\/#website"},"primaryImageOfPage":{"@id":"https:\/\/marinky.amenity.cz\/de\/kontakt\/#primaryimage"},"image":{"@id":"https:\/\/marinky.amenity.cz\/de\/kontakt\/#primaryimage"},"thumbnailUrl":"http:\/\/marinky.amenity.cz\/wp-content\/uploads\/sites\/16\/2019\/08\/logo-Amenity-25x25.png","datePublished":"2019-10-28T13:21:09+00:00","dateModified":"2024-11-01T11:35:44+00:00","description":"Ben\u00f6tigen Sie Beratung, Hilfe mit der Buchung? Rufen Sie uns an oder senden Sie uns eine E-Mail. Wir helfen Ihnen gerne weiter.","breadcrumb":{"@id":"https:\/\/marinky.amenity.cz\/de\/kontakt\/#breadcrumb"},"inLanguage":"de","potentialAction":[{"@type":"ReadAction","target":["https:\/\/marinky.amenity.cz\/de\/kontakt\/"]}]},{"@type":"ImageObject","inLanguage":"de","@id":"https:\/\/marinky.amenity.cz\/de\/kontakt\/#primaryimage","url":"http:\/\/marinky.amenity.cz\/wp-content\/uploads\/sites\/16\/2019\/08\/logo-Amenity-25x25.png","contentUrl":"http:\/\/marinky.amenity.cz\/wp-content\/uploads\/sites\/16\/2019\/08\/logo-Amenity-25x25.png"},{"@type":"BreadcrumbList","@id":"https:\/\/marinky.amenity.cz\/de\/kontakt\/#breadcrumb","itemListElement":[{"@type":"ListItem","position":1,"name":"Dom\u016f","item":"https:\/\/marinky.amenity.cz\/de\/"},{"@type":"ListItem","position":2,"name":"KONTAKT"}]},{"@type":"WebSite","@id":"https:\/\/marinky.amenity.cz\/de\/cs\/#website","url":"https:\/\/marinky.amenity.cz\/de\/cs\/","name":"Amenity Marinky","description":"","potentialAction":[{"@type":"SearchAction","target":{"@type":"EntryPoint","urlTemplate":"https:\/\/marinky.amenity.cz\/de\/cs\/?s={search_term_string}"},"query-input":{"@type":"PropertyValueSpecification","valueRequired":true,"valueName":"search_term_string"}}],"inLanguage":"de"}]}},"_links":{"self":[{"href":"https:\/\/marinky.amenity.cz\/de\/wp-json\/wp\/v2\/pages\/4257","targetHints":{"allow":["GET"]}}],"collection":[{"href":"https:\/\/marinky.amenity.cz\/de\/wp-json\/wp\/v2\/pages"}],"about":[{"href":"https:\/\/marinky.amenity.cz\/de\/wp-json\/wp\/v2\/types\/page"}],"author":[{"embeddable":true,"href":"https:\/\/marinky.amenity.cz\/de\/wp-json\/wp\/v2\/users\/2"}],"replies":[{"embeddable":true,"href":"https:\/\/marinky.amenity.cz\/de\/wp-json\/wp\/v2\/comments?post=4257"}],"version-history":[{"count":6,"href":"https:\/\/marinky.amenity.cz\/de\/wp-json\/wp\/v2\/pages\/4257\/revisions"}],"predecessor-version":[{"id":16370,"href":"https:\/\/marinky.amenity.cz\/de\/wp-json\/wp\/v2\/pages\/4257\/revisions\/16370"}],"wp:attachment":[{"href":"https:\/\/marinky.amenity.cz\/de\/wp-json\/wp\/v2\/media?parent=4257"}],"curies":[{"name":"wp","href":"https:\/\/api.w.org\/{rel}","templated":true}]}}