{"id":15871,"date":"2024-10-14T14:26:06","date_gmt":"2024-10-14T12:26:06","guid":{"rendered":"https:\/\/marinky.amenity.cz\/?page_id=15871"},"modified":"2025-10-31T14:36:15","modified_gmt":"2025-10-31T13:36:15","slug":"halbpension-paket-lipno","status":"publish","type":"page","link":"https:\/\/marinky.amenity.cz\/de\/halbpension-paket-lipno\/","title":{"rendered":"Halbpension-Paket Lipno"},"content":{"rendered":"<div class=\"wpb-content-wrapper\"><p>[vc_row full_width=&#8221;stretch_row_content_no_spaces&#8221; content_placement=&#8221;middle&#8221;][vc_column]<div  class=\"empty-space  marg-lg-b20\"><\/div>[\/vc_column][\/vc_row][vc_row full_width=&#8221;stretch_row_content_no_spaces&#8221; content_placement=&#8221;middle&#8221; bg_type=&#8221;bg_color&#8221; css=&#8221;.vc_custom_1726656012534{background-color: #7f5b23 !important;}&#8221; bg_color_value=&#8221;#7f5b23&#8243;][vc_column]<div  class=\"empty-space  marg-lg-b5\"><\/div>[\/vc_column][\/vc_row][vc_row full_width=&#8221;stretch_row_content_no_spaces&#8221; content_placement=&#8221;middle&#8221;][vc_column]<div  class=\"empty-space  marg-lg-b20\"><\/div>[\/vc_column][\/vc_row][vc_row full_width=&#8221;stretch_row_content_no_spaces&#8221; content_placement=&#8221;middle&#8221;][vc_column]<div class=\" ubtn-ctn-center \"><a class=\"ubtn-link ult-adjust-bottom-margin ubtn-center ubtn-large \" href=\"https:\/\/www.secure-hotel-booking.com\/Amenity-Hotel-Resort-Lipno\/J7PX\/de-DE?hotelId=23011\" title=\"BUCHEN\" ><button type=\"button\" id=\"ubtn-8289\"  class=\"ubtn ult-adjust-bottom-margin ult-responsive ubtn-large ubtn-fade-bg  ulta-grow  ubtn-sep-icon ubtn-sep-icon-top-push  ubtn-center   tooltip-69ea2de1daf36 ubtn-tooltip bottom\" data-toggle=\"tooltip\" data-placement=\"bottom\" title=\"Preise und Verf\u00fcgbarkeit\" data-hover=\"#ffffff\" data-border-color=\"\" data-bg=\"#7f5b23\" data-hover-bg=\"#293635\" data-border-hover=\"\" data-shadow-hover=\"\" data-shadow-click=\"none\" data-shadow=\"\" data-shd-shadow=\"\"  data-ultimate-target='#ubtn-8289'  data-responsive-json-new='{\"font-size\":\"\",\"line-height\":\"\"}'  style=\"font-weight:normal;border:none;background: #7f5b23;color: #ffffff;\"><span class=\"ubtn-data ubtn-icon\"><i class=\"Defaults-calendar\" style=\"font-size:32px;color:#ffffff;\"><\/i><\/span><span class=\"ubtn-hover\" style=\"background-color:#293635\"><\/span><span class=\"ubtn-data ubtn-text \" >BUCHEN<\/span><\/button><\/a><\/div>[\/vc_column][\/vc_row][vc_row full_width=&#8221;stretch_row_content_no_spaces&#8221; content_placement=&#8221;middle&#8221;][vc_column]<div  class=\"empty-space  marg-lg-b10\"><\/div>[\/vc_column][\/vc_row][vc_row full_width=&#8221;stretch_row_content_no_spaces&#8221; content_placement=&#8221;middle&#8221; bg_type=&#8221;bg_color&#8221; css=&#8221;.vc_custom_1726656012534{background-color: #7f5b23 !important;}&#8221; bg_color_value=&#8221;#7f5b23&#8243;][vc_column]<div  class=\"empty-space  marg-lg-b5\"><\/div>[\/vc_column][\/vc_row][vc_row full_width=&#8221;stretch_row_content_no_spaces&#8221; content_placement=&#8221;middle&#8221;][vc_column]<div  class=\"empty-space  marg-lg-b20\"><\/div>[\/vc_column][\/vc_row][vc_row][vc_column]<div class=\"text-block \" ><div class=\"simple-text \"><\/div><\/div>[\/vc_column][\/vc_row][vc_row full_width=&#8221;stretch_row_content_no_spaces&#8221;][vc_column]<div  class=\"empty-space  marg-lg-b35\"><\/div>[vc_separator color=&#8221;custom&#8221; border_width=&#8221;2&#8243; el_width=&#8221;50&#8243; accent_color=&#8221;#c7b39a&#8221;]<div class=\"text-block \" ><div class=\"simple-text \"><h1 style=\"text-align: center;\">URLAUB MIT HALBPENSION AM LIPNO-SEE<\/h1>\n<h1 style=\"text-align: center;\">IM AMENITY HOTEL &amp; RESORT LIPNO<\/h1>\n<\/div><\/div>[\/vc_column][\/vc_row][vc_row][vc_column offset=&#8221;vc_hidden-sm vc_hidden-xs&#8221;]<div class=\"text-block \" ><div class=\"simple-text \"><h3 style=\"text-align: center;\">Ihr Wunsch wurde erf\u00fcllt: Jetzt k\u00f6nnen Sie auch bei uns reichhaltige Abendessen genie\u00dfen.<\/h3>\n<p style=\"text-align: center;\"><b>Buchen Sie Ihren Aufenthalt im Amenity Resort Lipno und lassen Sie alle Sorgen hinter sich. <\/b><b><strong>Halbpension ist im Preis inbegriffen.<\/strong><\/b><\/p>\n<\/div><\/div><div  class=\"empty-space  marg-lg-b25\"><\/div>[\/vc_column][\/vc_row][vc_row][vc_column][vc_separator color=&#8221;custom&#8221; border_width=&#8221;2&#8243; el_width=&#8221;50&#8243; accent_color=&#8221;#c7b39a&#8221;]<div  class=\"empty-space  marg-lg-b10\"><\/div><script>console.log(\"Fotogalerie-polopenze-DE: Please register the Slider Revolution plugin to use premium templates.\")<\/script>\n[\/vc_column][\/vc_row][vc_row full_width=&#8221;stretch_row_content_no_spaces&#8221;][vc_column]<div  class=\"empty-space  marg-lg-b35\"><\/div>[vc_separator color=&#8221;custom&#8221; border_width=&#8221;2&#8243; el_width=&#8221;50&#8243; accent_color=&#8221;#c7b39a&#8221;]<div class=\"text-block \" ><div class=\"simple-text \"><h2 style=\"text-align: center;\">REICHHALTIGES FR\u00dcHST\u00dcCKSBUFFET UND ABENDESSEN F\u00dcR G\u00c4STE UND PASSANTEN<\/h2>\n<\/div><\/div><div  class=\"empty-space  marg-lg-b10\"><\/div>[vc_separator color=&#8221;custom&#8221; border_width=&#8221;2&#8243; el_width=&#8221;50&#8243; accent_color=&#8221;#c7b39a&#8221;][\/vc_column][\/vc_row][vc_row full_width=&#8221;stretch_row_content_no_spaces&#8221;][vc_column]<div  class=\"hb-text-block__wrapper style1\"><div class=\"row\"><div class=\"col-md-6\"><div class=\"hb-image__block\"><img decoding=\"async\" src=\"https:\/\/marinky.amenity.cz\/wp-content\/uploads\/sites\/16\/2024\/10\/polopenze-amenity-lipno_750x625.jpg\" alt=\"\" \/><\/div><\/div><div class=\"col-md-6\"><div class=\"hb-text_block_content\"><div class=\"hb-text-block___inner_wrapper\"><div class=\"featured-rooms-slider__title title-color-black\"><\/div><div class=\"featured-rooms-slider__text content-color-grey\"><b>Sie k\u00f6nnen warme und kalte Vorspeisen, eine Salatbar, zwei Suppen, drei Fleischgerichte und ein vegetarisches Hauptgericht, zwei Pizzas, warme und kalte Desserts und Obst der Saison genie\u00dfen.<\/b> <b>Einmal pro Woche servieren wir im Rahmen unseres Abendbuffets Grillspezialit\u00e4ten.<\/b><\/p>\n<p><b>Die Halbpension ist im Preis Ihres Aufenthalts inbegriffen:<\/b><br \/>\n&#8211; Fr\u00fchst\u00fccksbuffet von 7:30 bis 10:00 Uhr<br \/>\n&#8211; Abendbuffet (ohne Getr\u00e4nke) von 17:30 bis 20:00 Uhr<\/p>\n<p>Falls die Anzahl der G\u00e4ste unter die Grenze von 14 Personen f\u00e4llt, beh\u00e4lt sich das Amenity Hotel &amp; Resort Lipno das Recht vor, das Abendessen von einem Buffet mit Vorspeisen, Suppen und Desserts, Salatbar und Hauptgericht auf ein Tellerformat Ihrer Wahl umzustellen. In diesem Fall wird auch das Fr\u00fchst\u00fccksbuffet auf ein serviertes Fr\u00fchst\u00fcck umgestellt.<\/div><\/div><\/div><\/div><\/div><\/div><div  class=\"empty-space  marg-lg-b25\"><\/div><div class=\"text-block \" ><div class=\"simple-text \"><h3 style=\"text-align: center;\">PREISE F\u00dcR PASSANTEN<\/h3>\n<p style=\"text-align: center;\"><strong>Wir denken auch an all diejenigen, die sich f\u00fcr ihren Urlaub in Lipno eine andere Unterkunft ausgesucht haben.<\/strong><\/p>\n<p style=\"text-align: center;\"><b>Preis f\u00fcr Fr\u00fchst\u00fcck:<\/b><br \/>\n350 CZK\/1 Person<br \/>\nKinder bis 3,99 Jahre gratis<\/p>\n<p style=\"text-align: center;\"><b>Preis f\u00fcr Abendessen:<\/b><br \/>\n470 CZK\/1 Person<br \/>\nKinder bis 3,99 Jahre gratis<\/p>\n<\/div><\/div><div  class=\"empty-space  marg-lg-b10\"><\/div>[vc_separator color=&#8221;custom&#8221; border_width=&#8221;2&#8243; el_width=&#8221;50&#8243; accent_color=&#8221;#c7b39a&#8221;]<div  class=\"empty-space  marg-lg-b10\"><\/div><div class=\"text-block \" ><div class=\"simple-text \"><h3 style=\"text-align: center;\">ZUS\u00c4TZLICHE INFORMATIONEN ZUM PREIS DER UNTERKUNFT F\u00dcR G\u00c4STE<\/h3>\n<p style=\"text-align: center;\"><b>Weitere inbegriffene Leistungen und Steuern:<\/b><br \/>\nWLAN in allen Bereichen verf\u00fcgbar<br \/>\nZugang zum Schwimmbad bis 19:00 Uhr.<br \/>\n20 % Rabatt auf den Eintritt in die Wellness- und Sporteinrichtungen in der Sport Arena (Rabatt gilt nicht f\u00fcr Massagen und Bowling)<br \/>\nKostenloser Parkplatz im Freien<br \/>\nMwSt.<\/p>\n<p style=\"text-align: center;\"><strong>Steuern nicht inbegriffen:<\/strong><br \/>\nGeb\u00fchr f\u00fcr den Aufenthalt (Kurtaxe): 50 CZK\/Person \u00fcber 18 Jahre\/Nacht<\/p>\n<\/div><\/div><div  class=\"empty-space  marg-lg-b25\"><\/div>[vc_separator color=&#8221;custom&#8221; border_width=&#8221;2&#8243; el_width=&#8221;50&#8243; accent_color=&#8221;#c7b39a&#8221;]<div  class=\"empty-space  marg-lg-b25\"><\/div>[\/vc_column][\/vc_row][vc_column][\/vc_column][vc_column][\/vc_column]<\/p>\n<\/div>","protected":false},"excerpt":{"rendered":"<p>[vc_row full_width=&#8221;stretch_row_content_no_spaces&#8221; content_placement=&#8221;middle&#8221;][vc_column][\/vc_column][\/vc_row][vc_row full_width=&#8221;stretch_row_content_no_spaces&#8221; content_placement=&#8221;middle&#8221; bg_type=&#8221;bg_color&#8221; css=&#8221;.vc_custom_1726656012534{background-color: #7f5b23 !important;}&#8221; bg_color_value=&#8221;#7f5b23&#8243;][vc_column][\/vc_column][\/vc_row][vc_row full_width=&#8221;stretch_row_content_no_spaces&#8221; content_placement=&#8221;middle&#8221;][vc_column][\/vc_column][\/vc_row][vc_row full_width=&#8221;stretch_row_content_no_spaces&#8221; content_placement=&#8221;middle&#8221;][vc_column][\/vc_column][\/vc_row][vc_row full_width=&#8221;stretch_row_content_no_spaces&#8221; content_placement=&#8221;middle&#8221;][vc_column][\/vc_column][\/vc_row][vc_row full_width=&#8221;stretch_row_content_no_spaces&#8221; content_placement=&#8221;middle&#8221; bg_type=&#8221;bg_color&#8221; css=&#8221;.vc_custom_1726656012534{background-color: #7f5b23 !important;}&#8221; bg_color_value=&#8221;#7f5b23&#8243;][vc_column][\/vc_column][\/vc_row][vc_row full_width=&#8221;stretch_row_content_no_spaces&#8221; content_placement=&#8221;middle&#8221;][vc_column][\/vc_column][\/vc_row][vc_row][vc_column][\/vc_column][\/vc_row][vc_row full_width=&#8221;stretch_row_content_no_spaces&#8221;][vc_column][vc_separator color=&#8221;custom&#8221; border_width=&#8221;2&#8243; el_width=&#8221;50&#8243; accent_color=&#8221;#c7b39a&#8221;][\/vc_column][\/vc_row][vc_row][vc_column<\/p>\n","protected":false},"author":3,"featured_media":15856,"parent":0,"menu_order":0,"comment_status":"closed","ping_status":"closed","template":"","meta":{"footnotes":""},"class_list":["post-15871","page","type-page","status-publish","has-post-thumbnail","hentry"],"yoast_head":"<!-- This site is optimized with the Yoast SEO Premium plugin v27.3 (Yoast SEO v27.3) - https:\/\/yoast.com\/product\/yoast-seo-premium-wordpress\/ -->\n<title>Halbpension-Paket Lipno - Amenity Marinky<\/title>\n<meta name=\"description\" content=\"Halbpension voller Aromen im Amenity Hotel &amp; Resort Lipno. Ab dem 1. Dezember 2024 k\u00f6nnen alle G\u00e4ste und Passanten ein reichhaltiges Fr\u00fchst\u00fcck und Abendessen genie\u00dfen.\" \/>\n<meta name=\"robots\" content=\"noindex, follow, max-snippet:-1, max-image-preview:large, max-video-preview:-1\" \/>\n<meta property=\"og:locale\" content=\"de_DE\" \/>\n<meta property=\"og:type\" content=\"article\" \/>\n<meta property=\"og:title\" content=\"Halbpension-Paket Lipno\" \/>\n<meta property=\"og:description\" content=\"Halbpension voller Aromen im Amenity Hotel &amp; Resort Lipno. Ab dem 1. Dezember 2024 k\u00f6nnen alle G\u00e4ste und Passanten ein reichhaltiges Fr\u00fchst\u00fcck und Abendessen genie\u00dfen.\" \/>\n<meta property=\"og:url\" content=\"https:\/\/marinky.amenity.cz\/de\/halbpension-paket-lipno\/\" \/>\n<meta property=\"og:site_name\" content=\"Amenity Marinky\" \/>\n<meta property=\"article:modified_time\" content=\"2025-10-31T13:36:15+00:00\" \/>\n<meta property=\"og:image\" content=\"https:\/\/marinky.amenity.cz\/wp-content\/uploads\/sites\/16\/2024\/10\/IMG_9253.jpg\" \/>\n\t<meta property=\"og:image:width\" content=\"2500\" \/>\n\t<meta property=\"og:image:height\" content=\"1667\" \/>\n\t<meta property=\"og:image:type\" content=\"image\/jpeg\" \/>\n<meta name=\"twitter:card\" content=\"summary_large_image\" \/>\n<meta name=\"twitter:label1\" content=\"Gesch\u00e4tzte Lesezeit\" \/>\n\t<meta name=\"twitter:data1\" content=\"5\u00a0Minuten\" \/>\n<script type=\"application\/ld+json\" class=\"yoast-schema-graph\">{\"@context\":\"https:\\\/\\\/schema.org\",\"@graph\":[{\"@type\":\"WebPage\",\"@id\":\"https:\\\/\\\/marinky.amenity.cz\\\/de\\\/halbpension-paket-lipno\\\/\",\"url\":\"https:\\\/\\\/marinky.amenity.cz\\\/de\\\/halbpension-paket-lipno\\\/\",\"name\":\"Halbpension-Paket Lipno - Amenity Marinky\",\"isPartOf\":{\"@id\":\"https:\\\/\\\/marinky.amenity.cz\\\/de\\\/cs\\\/#website\"},\"primaryImageOfPage\":{\"@id\":\"https:\\\/\\\/marinky.amenity.cz\\\/de\\\/halbpension-paket-lipno\\\/#primaryimage\"},\"image\":{\"@id\":\"https:\\\/\\\/marinky.amenity.cz\\\/de\\\/halbpension-paket-lipno\\\/#primaryimage\"},\"thumbnailUrl\":\"https:\\\/\\\/marinky.amenity.cz\\\/wp-content\\\/uploads\\\/sites\\\/16\\\/2024\\\/10\\\/IMG_9253.jpg\",\"datePublished\":\"2024-10-14T12:26:06+00:00\",\"dateModified\":\"2025-10-31T13:36:15+00:00\",\"description\":\"Halbpension voller Aromen im Amenity Hotel & Resort Lipno. Ab dem 1. Dezember 2024 k\u00f6nnen alle G\u00e4ste und Passanten ein reichhaltiges Fr\u00fchst\u00fcck und Abendessen genie\u00dfen.\",\"breadcrumb\":{\"@id\":\"https:\\\/\\\/marinky.amenity.cz\\\/de\\\/halbpension-paket-lipno\\\/#breadcrumb\"},\"inLanguage\":\"de\",\"potentialAction\":[{\"@type\":\"ReadAction\",\"target\":[\"https:\\\/\\\/marinky.amenity.cz\\\/de\\\/halbpension-paket-lipno\\\/\"]}]},{\"@type\":\"ImageObject\",\"inLanguage\":\"de\",\"@id\":\"https:\\\/\\\/marinky.amenity.cz\\\/de\\\/halbpension-paket-lipno\\\/#primaryimage\",\"url\":\"https:\\\/\\\/marinky.amenity.cz\\\/wp-content\\\/uploads\\\/sites\\\/16\\\/2024\\\/10\\\/IMG_9253.jpg\",\"contentUrl\":\"https:\\\/\\\/marinky.amenity.cz\\\/wp-content\\\/uploads\\\/sites\\\/16\\\/2024\\\/10\\\/IMG_9253.jpg\",\"width\":2500,\"height\":1667,\"caption\":\"snidane amenity lipno\"},{\"@type\":\"BreadcrumbList\",\"@id\":\"https:\\\/\\\/marinky.amenity.cz\\\/de\\\/halbpension-paket-lipno\\\/#breadcrumb\",\"itemListElement\":[{\"@type\":\"ListItem\",\"position\":1,\"name\":\"Dom\u016f\",\"item\":\"https:\\\/\\\/marinky.amenity.cz\\\/de\\\/\"},{\"@type\":\"ListItem\",\"position\":2,\"name\":\"Halbpension-Paket Lipno\"}]},{\"@type\":\"WebSite\",\"@id\":\"https:\\\/\\\/marinky.amenity.cz\\\/de\\\/cs\\\/#website\",\"url\":\"https:\\\/\\\/marinky.amenity.cz\\\/de\\\/cs\\\/\",\"name\":\"Amenity Marinky\",\"description\":\"\",\"potentialAction\":[{\"@type\":\"SearchAction\",\"target\":{\"@type\":\"EntryPoint\",\"urlTemplate\":\"https:\\\/\\\/marinky.amenity.cz\\\/de\\\/cs\\\/?s={search_term_string}\"},\"query-input\":{\"@type\":\"PropertyValueSpecification\",\"valueRequired\":true,\"valueName\":\"search_term_string\"}}],\"inLanguage\":\"de\"}]}<\/script>\n<!-- \/ Yoast SEO Premium plugin. -->","yoast_head_json":{"title":"Halbpension-Paket Lipno - Amenity Marinky","description":"Halbpension voller Aromen im Amenity Hotel & Resort Lipno. Ab dem 1. Dezember 2024 k\u00f6nnen alle G\u00e4ste und Passanten ein reichhaltiges Fr\u00fchst\u00fcck und Abendessen genie\u00dfen.","robots":{"index":"noindex","follow":"follow","max-snippet":"max-snippet:-1","max-image-preview":"max-image-preview:large","max-video-preview":"max-video-preview:-1"},"og_locale":"de_DE","og_type":"article","og_title":"Halbpension-Paket Lipno","og_description":"Halbpension voller Aromen im Amenity Hotel & Resort Lipno. Ab dem 1. Dezember 2024 k\u00f6nnen alle G\u00e4ste und Passanten ein reichhaltiges Fr\u00fchst\u00fcck und Abendessen genie\u00dfen.","og_url":"https:\/\/marinky.amenity.cz\/de\/halbpension-paket-lipno\/","og_site_name":"Amenity Marinky","article_modified_time":"2025-10-31T13:36:15+00:00","og_image":[{"width":2500,"height":1667,"url":"https:\/\/marinky.amenity.cz\/wp-content\/uploads\/sites\/16\/2024\/10\/IMG_9253.jpg","type":"image\/jpeg"}],"twitter_card":"summary_large_image","twitter_misc":{"Gesch\u00e4tzte Lesezeit":"5\u00a0Minuten"},"schema":{"@context":"https:\/\/schema.org","@graph":[{"@type":"WebPage","@id":"https:\/\/marinky.amenity.cz\/de\/halbpension-paket-lipno\/","url":"https:\/\/marinky.amenity.cz\/de\/halbpension-paket-lipno\/","name":"Halbpension-Paket Lipno - Amenity Marinky","isPartOf":{"@id":"https:\/\/marinky.amenity.cz\/de\/cs\/#website"},"primaryImageOfPage":{"@id":"https:\/\/marinky.amenity.cz\/de\/halbpension-paket-lipno\/#primaryimage"},"image":{"@id":"https:\/\/marinky.amenity.cz\/de\/halbpension-paket-lipno\/#primaryimage"},"thumbnailUrl":"https:\/\/marinky.amenity.cz\/wp-content\/uploads\/sites\/16\/2024\/10\/IMG_9253.jpg","datePublished":"2024-10-14T12:26:06+00:00","dateModified":"2025-10-31T13:36:15+00:00","description":"Halbpension voller Aromen im Amenity Hotel & Resort Lipno. Ab dem 1. Dezember 2024 k\u00f6nnen alle G\u00e4ste und Passanten ein reichhaltiges Fr\u00fchst\u00fcck und Abendessen genie\u00dfen.","breadcrumb":{"@id":"https:\/\/marinky.amenity.cz\/de\/halbpension-paket-lipno\/#breadcrumb"},"inLanguage":"de","potentialAction":[{"@type":"ReadAction","target":["https:\/\/marinky.amenity.cz\/de\/halbpension-paket-lipno\/"]}]},{"@type":"ImageObject","inLanguage":"de","@id":"https:\/\/marinky.amenity.cz\/de\/halbpension-paket-lipno\/#primaryimage","url":"https:\/\/marinky.amenity.cz\/wp-content\/uploads\/sites\/16\/2024\/10\/IMG_9253.jpg","contentUrl":"https:\/\/marinky.amenity.cz\/wp-content\/uploads\/sites\/16\/2024\/10\/IMG_9253.jpg","width":2500,"height":1667,"caption":"snidane amenity lipno"},{"@type":"BreadcrumbList","@id":"https:\/\/marinky.amenity.cz\/de\/halbpension-paket-lipno\/#breadcrumb","itemListElement":[{"@type":"ListItem","position":1,"name":"Dom\u016f","item":"https:\/\/marinky.amenity.cz\/de\/"},{"@type":"ListItem","position":2,"name":"Halbpension-Paket Lipno"}]},{"@type":"WebSite","@id":"https:\/\/marinky.amenity.cz\/de\/cs\/#website","url":"https:\/\/marinky.amenity.cz\/de\/cs\/","name":"Amenity Marinky","description":"","potentialAction":[{"@type":"SearchAction","target":{"@type":"EntryPoint","urlTemplate":"https:\/\/marinky.amenity.cz\/de\/cs\/?s={search_term_string}"},"query-input":{"@type":"PropertyValueSpecification","valueRequired":true,"valueName":"search_term_string"}}],"inLanguage":"de"}]}},"_links":{"self":[{"href":"https:\/\/marinky.amenity.cz\/de\/wp-json\/wp\/v2\/pages\/15871","targetHints":{"allow":["GET"]}}],"collection":[{"href":"https:\/\/marinky.amenity.cz\/de\/wp-json\/wp\/v2\/pages"}],"about":[{"href":"https:\/\/marinky.amenity.cz\/de\/wp-json\/wp\/v2\/types\/page"}],"author":[{"embeddable":true,"href":"https:\/\/marinky.amenity.cz\/de\/wp-json\/wp\/v2\/users\/3"}],"replies":[{"embeddable":true,"href":"https:\/\/marinky.amenity.cz\/de\/wp-json\/wp\/v2\/comments?post=15871"}],"version-history":[{"count":12,"href":"https:\/\/marinky.amenity.cz\/de\/wp-json\/wp\/v2\/pages\/15871\/revisions"}],"predecessor-version":[{"id":18317,"href":"https:\/\/marinky.amenity.cz\/de\/wp-json\/wp\/v2\/pages\/15871\/revisions\/18317"}],"wp:featuredmedia":[{"embeddable":true,"href":"https:\/\/marinky.amenity.cz\/de\/wp-json\/wp\/v2\/media\/15856"}],"wp:attachment":[{"href":"https:\/\/marinky.amenity.cz\/de\/wp-json\/wp\/v2\/media?parent=15871"}],"curies":[{"name":"wp","href":"https:\/\/api.w.org\/{rel}","templated":true}]}}