{"id":15065,"date":"2024-03-15T10:22:06","date_gmt":"2024-03-15T09:22:06","guid":{"rendered":"https:\/\/marinky.amenity.cz\/?page_id=15065"},"modified":"2026-01-20T16:33:42","modified_gmt":"2026-01-20T15:33:42","slug":"dienstleistungen-resort","status":"publish","type":"page","link":"https:\/\/marinky.amenity.cz\/de\/dienstleistungen-resort\/","title":{"rendered":"Dienstleistungen &#8211; Resort"},"content":{"rendered":"<div class=\"wpb-content-wrapper\"><p>[vc_row full_width=&#8221;stretch_row&#8221;][vc_column]<script>console.log(\"Fotogalerie-sluzby-stranka-DE: Please register the Slider Revolution plugin to use premium templates.\")<\/script>\n[\/vc_column][\/vc_row][vc_row gap=&#8221;25&#8243; content_placement=&#8221;middle&#8221;][vc_column width=&#8221;1\/2&#8243;]<div  class=\"empty-space  marg-lg-b25\"><\/div><div class=\"text-block \" ><div class=\"simple-text \"><h1 style=\"text-align: center;\"><span style=\"color: #48492c;\">Dienstleistungen<br \/>\nAmenity Hotel &amp; Resort Lipno<\/span><\/h1>\n<p style=\"text-align: center;\">Restaurant \u00b7 Wellness \u00b7 Sportarena \u00b7 Fitnesscenter \u00b7 PLAYzone-Einrichtungen \u00b7 Bowling \u00b7 Verleih von Elektrofahrr\u00e4dern, Elektrobooten, Paddleboards und anderen Sportger\u00e4ten \u00b7 Wassersport \u00b7 Animationsprogramm \u00b7 Kinderspielplatz \u00b7 Strand \u00b7 Lego-Ausstellung \u00b7 Andere Aktivit\u00e4ten<\/p>\n<\/div><\/div><div  class=\"empty-space  marg-lg-b25\"><\/div>[vc_separator color=&#8221;custom&#8221; border_width=&#8221;2&#8243; el_width=&#8221;70&#8243; accent_color=&#8221;#7f5b23&#8243;]<div class=\"text-block \" ><div class=\"simple-text \"><p style=\"text-align: center;\"><strong>Die Preise der Aktivit\u00e4ten finden Sie in den einzelnen Links<\/strong><\/p>\n<\/div><\/div>[\/vc_column][vc_column width=&#8221;1\/2&#8243;]<div  class=\"empty-space  marg-lg-b25\"><\/div>\n<div tabindex=\"0\" id=\"interactive-banner-1-wrap-2193\" class=\"ult-banner-block ult-adjust-bottom-margin ult-bb-more  banner-style01 \"   style=\"\">\n\t<img decoding=\"async\" src=\"https:\/\/marinky.amenity.cz\/wp-content\/uploads\/sites\/16\/2024\/03\/533x300_check-in-info.jpg\" alt=\"null\">\n\t<h4  data-ultimate-target='#interactive-banner-1-wrap-2193 .bb-top-title '  data-responsive-json-new='{\"font-size\":\"\",\"line-height\":\"\"}'  class=\"title-center bb-top-title ult-responsive\" style=\"font-weight:normal;background:#48492c;color:#ffffff;\">Allgemeine Informationen \u00fcber das Resort<\/h4>\n\t<div class=\"mask opaque-background\" style=\"background:rgba(36,36,36,0.61);\">\n\t\t<div  data-ultimate-target='#interactive-banner-1-wrap-2193 .bb-description'  data-responsive-json-new='{\"font-size\":\"\",\"line-height\":\"\"}'  class=\"bb-description ult-responsive\" style=\"font-weight:normal;color:#ffffff;\">Zusammenfassung wichtiger Informationen f\u00fcr G\u00e4ste<\/div>\n\t\t<a class=\"bb-link\" href=\"https:\/\/marinky.amenity.cz\/de\/check-in-informationen-fuer-gaeste\/\"  style=\"background:#7f5b23;color:#ffffff;\">DETAIL<\/a>\n\t<\/div>\n<\/div><div  class=\"empty-space  marg-lg-b25\"><\/div>[\/vc_column][\/vc_row][vc_row full_width=&#8221;stretch_row_content_no_spaces&#8221; gap=&#8221;20&#8243;][vc_column width=&#8221;1\/5&#8243;]<div  class=\"empty-space  marg-lg-b25\"><\/div>\n<div tabindex=\"0\" id=\"interactive-banner-1-wrap-1842\" class=\"ult-banner-block ult-adjust-bottom-margin ult-bb-more  banner-style01 \"   style=\"\">\n\t<img decoding=\"async\" src=\"https:\/\/marinky.amenity.cz\/wp-content\/uploads\/sites\/16\/2025\/10\/foto-slider-fotogalery_533x300.jpg\" alt=\"null\">\n\t<h4  data-ultimate-target='#interactive-banner-1-wrap-1842 .bb-top-title '  data-responsive-json-new='{\"font-size\":\"\",\"line-height\":\"\"}'  class=\"title-center bb-top-title ult-responsive\" style=\"font-weight:normal;background:#606a59;color:#ffffff;\">Restaurant Blue Lipno<\/h4>\n\t<div class=\"mask opaque-background\" style=\"background:rgba(36,36,36,0.61);\">\n\t\t<div  data-ultimate-target='#interactive-banner-1-wrap-1842 .bb-description'  data-responsive-json-new='{\"font-size\":\"\",\"line-height\":\"\"}'  class=\"bb-description ult-responsive\" style=\"font-weight:normal;color:#ffffff;\">Nichtraucher-Restaurant mit Kamin, Bowling, Kinderecke und gro\u00dfer Au\u00dfenterrasse mit Blick auf Lipno.<\/div>\n\t\t<a class=\"bb-link\" href=\"http:\/\/marinky.amenity.cz\/de\/restaurant-blue-lipno\/\"  style=\"background:#7f5b23;color:#ffffff;\">DETAIL<\/a>\n\t<\/div>\n<\/div>[\/vc_column][vc_column width=&#8221;1\/5&#8243;]<div  class=\"empty-space  marg-lg-b25\"><\/div>\n<div tabindex=\"0\" id=\"interactive-banner-1-wrap-9950\" class=\"ult-banner-block ult-adjust-bottom-margin ult-bb-more  banner-style01 \"   style=\"\">\n\t<img decoding=\"async\" src=\"https:\/\/marinky.amenity.cz\/wp-content\/uploads\/sites\/16\/2019\/09\/novinky_3.jpg\" alt=\"null\">\n\t<h4  data-ultimate-target='#interactive-banner-1-wrap-9950 .bb-top-title '  data-responsive-json-new='{\"font-size\":\"\",\"line-height\":\"\"}'  class=\"title-center bb-top-title ult-responsive\" style=\"font-weight:normal;background:#48492c;color:#ffffff;\">Wellness Lipno<\/h4>\n\t<div class=\"mask opaque-background\" style=\"background:rgba(36,36,36,0.61);\">\n\t\t<div  data-ultimate-target='#interactive-banner-1-wrap-9950 .bb-description'  data-responsive-json-new='{\"font-size\":\"\",\"line-height\":\"\"}'  class=\"bb-description ult-responsive\" style=\"font-weight:normal;color:#ffffff;\">Entspannen Sie im gr\u00f6\u00dften Wellness-Bereich in Lipno mit herrlichem Blick auf den Lipno-Staudamm.<\/div>\n\t\t<a class=\"bb-link\" href=\"https:\/\/marinky.amenity.cz\/de\/wellness-lipno\/\"  style=\"background:#7f5b23;color:#ffffff;\">DETAIL<\/a>\n\t<\/div>\n<\/div>[\/vc_column][vc_column width=&#8221;1\/5&#8243;]<div  class=\"empty-space  marg-lg-b25\"><\/div>\n<div tabindex=\"0\" id=\"interactive-banner-1-wrap-8621\" class=\"ult-banner-block ult-adjust-bottom-margin ult-bb-none  banner-style01 \"   style=\"\">\n\t<img decoding=\"async\" src=\"https:\/\/marinky.amenity.cz\/wp-content\/uploads\/sites\/16\/2023\/04\/amenity-resort-lipno_2-533x300-1.jpg\" alt=\"null\">\n\t<h4  data-ultimate-target='#interactive-banner-1-wrap-8621 .bb-top-title '  data-responsive-json-new='{\"font-size\":\"\",\"line-height\":\"\"}'  class=\"title-center bb-top-title ult-responsive\" style=\"font-weight:normal;background:#48492c;color:#ffffff;\">Salzwasser-Hallenbad<\/h4>\n\t<div class=\"mask opaque-background\" style=\"background:rgba(36,36,36,0.61);\">\n\t\t<div  data-ultimate-target='#interactive-banner-1-wrap-8621 .bb-description'  data-responsive-json-new='{\"font-size\":\"\",\"line-height\":\"\"}'  class=\"bb-description ult-responsive\" style=\"font-weight:normal;color:#ffffff;\">Das Amenity Hotel Lipno verf\u00fcgt auch \u00fcber ein 20 Meter langes, beheiztes Salzwasser-Hallenbad.<\/div>\n\t<\/div>\n<\/div>[\/vc_column][vc_column width=&#8221;1\/5&#8243;]<div  class=\"empty-space  marg-lg-b25\"><\/div>\n<div tabindex=\"0\" id=\"interactive-banner-1-wrap-9404\" class=\"ult-banner-block ult-adjust-bottom-margin ult-bb-more  banner-style01 \"   style=\"\">\n\t<img decoding=\"async\" src=\"https:\/\/marinky.amenity.cz\/wp-content\/uploads\/sites\/16\/2021\/11\/533x300_zima_3.jpg\" alt=\"null\">\n\t<h4  data-ultimate-target='#interactive-banner-1-wrap-9404 .bb-top-title '  data-responsive-json-new='{\"font-size\":\"\",\"line-height\":\"\"}'  class=\"title-center bb-top-title ult-responsive\" style=\"font-weight:normal;background:#48492c;color:#ffffff;\">Sport Arena Lipno<\/h4>\n\t<div class=\"mask opaque-background\" style=\"background:rgba(36,36,36,0.61);\">\n\t\t<div  data-ultimate-target='#interactive-banner-1-wrap-9404 .bb-description'  data-responsive-json-new='{\"font-size\":\"\",\"line-height\":\"\"}'  class=\"bb-description ult-responsive\" style=\"font-weight:normal;color:#ffffff;\">Fitness \u2022 Bowling \u2022 Badminton \u2022 Squash \u2022 Tischtennis \u2022 Golfsimulator \u2022 Strandkurs<\/div>\n\t\t<a class=\"bb-link\" href=\"http:\/\/marinky.amenity.cz\/de\/sport-arena\/\"  style=\"background:#7f5b23;color:#ffffff;\">DETAIL<\/a>\n\t<\/div>\n<\/div>[\/vc_column][vc_column width=&#8221;1\/5&#8243;]<div  class=\"empty-space  marg-lg-b25\"><\/div>\n<div tabindex=\"0\" id=\"interactive-banner-1-wrap-5375\" class=\"ult-banner-block ult-adjust-bottom-margin ult-bb-more  banner-style01 \"   style=\"\">\n\t<img decoding=\"async\" src=\"https:\/\/marinky.amenity.cz\/wp-content\/uploads\/sites\/16\/2023\/09\/533x300_playzone-lipno.jpg\" alt=\"null\">\n\t<h4  data-ultimate-target='#interactive-banner-1-wrap-5375 .bb-top-title '  data-responsive-json-new='{\"font-size\":\"\",\"line-height\":\"\"}'  class=\"title-center bb-top-title ult-responsive\" style=\"font-weight:normal;background:#48492c;color:#ffffff;\">PLAYzone Lipno<\/h4>\n\t<div class=\"mask opaque-background\" style=\"background:rgba(36,36,36,0.61);\">\n\t\t<div  data-ultimate-target='#interactive-banner-1-wrap-5375 .bb-description'  data-responsive-json-new='{\"font-size\":\"\",\"line-height\":\"\"}'  class=\"bb-description ult-responsive\" style=\"font-weight:normal;color:#ffffff;\">PARADIES F\u00dcR GRO\u00dfE UND KLEINE SPIELER<\/div>\n\t\t<a class=\"bb-link\" href=\"https:\/\/marinky.amenity.cz\/en\/amenity-playzone-lipno\/\"  style=\"background:#7f5b23;color:#ffffff;\">DETAIL<\/a>\n\t<\/div>\n<\/div>[\/vc_column][\/vc_row][vc_row full_width=&#8221;stretch_row&#8221;][vc_column]<div class=\"text-block \" ><div class=\"simple-text \"><p style=\"text-align: center;\">Amenity Lipno ist ein Resort, in dem die einzelnen Bereiche des Areals in separaten Geb\u00e4uden untergebracht sind. Fr\u00fchst\u00fcck und Abendessen werden in unserem Restaurant serviert, das sich in einem anderen Geb\u00e4ude als das Hotel befindet. Auch das Wellnesszentrum ist separat gelegen, um Ihnen maximale Ruhe und Privatsph\u00e4re zur Entspannung zu bieten.<\/p>\n<\/div><\/div><div  class=\"empty-space  marg-lg-b25\"><\/div>[vc_separator color=&#8221;custom&#8221; border_width=&#8221;2&#8243; el_width=&#8221;70&#8243; accent_color=&#8221;#7f5b23&#8243;][\/vc_column][\/vc_row][vc_row full_width=&#8221;stretch_row_content_no_spaces&#8221; gap=&#8221;20&#8243;][vc_column][vc_single_image image=&#8221;14979&#8243; img_size=&#8221;1920&#215;1079&#8243; alignment=&#8221;center&#8221;][\/vc_column][\/vc_row][vc_row full_width=&#8221;stretch_row_content_no_spaces&#8221;][vc_column width=&#8221;1\/5&#8243; css=&#8221;.vc_custom_1697537776019{padding-right: 15px !important;padding-left: 15px !important;}&#8221;]<div class=\"text-block \" ><div class=\"simple-text \"><h3 style=\"text-align: center;\">Familienurlaub<\/h3>\n<\/div><\/div><div  class=\"empty-space  marg-lg-b20\"><\/div>[vc_video link=&#8221;https:\/\/youtu.be\/IjWHGXnKh7E&#8221; align=&#8221;center&#8221;]<div  class=\"empty-space  marg-lg-b20\"><\/div>[\/vc_column][vc_column width=&#8221;1\/5&#8243; css=&#8221;.vc_custom_1697537792041{padding-right: 15px !important;padding-left: 15px !important;}&#8221;]<div class=\"text-block \" ><div class=\"simple-text \"><h3 style=\"text-align: center;\">Nehmen Sie Lipno<\/h3>\n<\/div><\/div><div  class=\"empty-space  marg-lg-b20\"><\/div>[vc_video link=&#8221;https:\/\/youtu.be\/x4_3EDiR5Jw&#8221; align=&#8221;center&#8221;]<div  class=\"empty-space  marg-lg-b20\"><\/div>[\/vc_column][vc_column width=&#8221;1\/5&#8243; css=&#8221;.vc_custom_1697537808239{padding-right: 15px !important;padding-left: 15px !important;}&#8221;]<div class=\"text-block \" ><div class=\"simple-text \"><h3 style=\"text-align: center;\">Gastronomie<\/h3>\n<\/div><\/div><div  class=\"empty-space  marg-lg-b20\"><\/div>[vc_video link=&#8221;https:\/\/youtu.be\/hm9xTppWVBQ&#8221; align=&#8221;center&#8221;]<div  class=\"empty-space  marg-lg-b20\"><\/div>[\/vc_column][vc_column width=&#8221;1\/5&#8243; css=&#8221;.vc_custom_1697537818839{padding-right: 15px !important;padding-left: 15px !important;}&#8221;]<div class=\"text-block \" ><div class=\"simple-text \"><h3 style=\"text-align: center;\">PLAYzone<\/h3>\n<\/div><\/div><div  class=\"empty-space  marg-lg-b20\"><\/div>[vc_video link=&#8221;https:\/\/youtu.be\/OyZsSO6cmg8&#8243; align=&#8221;center&#8221;]<div  class=\"empty-space  marg-lg-b20\"><\/div>[\/vc_column][vc_column width=&#8221;1\/5&#8243; css=&#8221;.vc_custom_1697537827532{padding-right: 15px !important;padding-left: 15px !important;}&#8221;]<div class=\"text-block \" ><div class=\"simple-text \"><h3 style=\"text-align: center;\">Wellness<\/h3>\n<\/div><\/div><div  class=\"empty-space  marg-lg-b20\"><\/div>[vc_video link=&#8221;https:\/\/youtu.be\/-X8eaqTFO3U&#8221; align=&#8221;center&#8221;]<div  class=\"empty-space  marg-lg-b20\"><\/div>[\/vc_column][\/vc_row][vc_column][\/vc_column]<\/p>\n<\/div>","protected":false},"excerpt":{"rendered":"<p>[vc_row full_width=&#8221;stretch_row&#8221;][vc_column][\/vc_column][\/vc_row][vc_row gap=&#8221;25&#8243; content_placement=&#8221;middle&#8221;][vc_column width=&#8221;1\/2&#8243;][vc_separator color=&#8221;custom&#8221; border_width=&#8221;2&#8243; el_width=&#8221;70&#8243; accent_color=&#8221;#7f5b23&#8243;][\/vc_column][vc_column width=&#8221;1\/2&#8243;][\/vc_column][\/vc_row][vc_row full_width=&#8221;stretch_row_content_no_spaces&#8221; gap=&#8221;20&#8243;][vc_column width=&#8221;1\/5&#8243;][\/vc_column][vc_column width=&#8221;1\/5&#8243;][\/vc_column][vc_column width=&#8221;1\/5&#8243;][\/vc_column][vc_column width=&#8221;1\/5&#8243;][\/vc_column][vc_column width=&#8221;1\/5&#8243;][\/vc_column][\/vc_row][vc_row full_width=&#8221;stretch_row&#8221;][vc_column][vc_separator color=&#8221;custom&#8221; border_width=&#8221;2&#8243; el_width=&#8221;70&#8243; accent_color=&#8221;#7f5b23&#8243;][\/vc_column][\/vc_row][vc_row full_width=&#8221;stretch_row_content_no_spaces&#8221; gap=&#8221;20&#8243;][vc_column][vc_single_image image=&#8221;14979&#8243; img_size=&#8221;1920&#215;1079&#8243; alignment=&#8221;center&#8221;][\/vc_column][\/vc_row][vc_row full_width=&#8221;stretch_row_content_no_spaces&#8221;][vc_column width=&#8221;1\/5&#8243; css=&#8221;.vc_custom_1697537776019{padding-right:<\/p>\n","protected":false},"author":3,"featured_media":12275,"parent":0,"menu_order":0,"comment_status":"closed","ping_status":"closed","template":"","meta":{"footnotes":""},"class_list":["post-15065","page","type-page","status-publish","has-post-thumbnail","hentry"],"yoast_head":"<!-- This site is optimized with the Yoast SEO Premium plugin v27.3 (Yoast SEO v27.3) - https:\/\/yoast.com\/product\/yoast-seo-premium-wordpress\/ -->\n<title>Dienstleistungen - Resort - Amenity Marinky<\/title>\n<meta name=\"robots\" content=\"noindex, follow, max-snippet:-1, max-image-preview:large, max-video-preview:-1\" \/>\n<meta property=\"og:locale\" content=\"de_DE\" \/>\n<meta property=\"og:type\" content=\"article\" \/>\n<meta property=\"og:title\" content=\"Dienstleistungen - Resort\" \/>\n<meta property=\"og:description\" content=\"[vc_row full_width=&#8221;stretch_row&#8221;][vc_column][\/vc_column][\/vc_row][vc_row gap=&#8221;25&#8243; content_placement=&#8221;middle&#8221;][vc_column width=&#8221;1\/2&#8243;][vc_separator color=&#8221;custom&#8221; border_width=&#8221;2&#8243; el_width=&#8221;70&#8243; accent_color=&#8221;#7f5b23&#8243;][\/vc_column][vc_column width=&#8221;1\/2&#8243;][\/vc_column][\/vc_row][vc_row full_width=&#8221;stretch_row_content_no_spaces&#8221; gap=&#8221;20&#8243;][vc_column width=&#8221;1\/5&#8243;][\/vc_column][vc_column width=&#8221;1\/5&#8243;][\/vc_column][vc_column width=&#8221;1\/5&#8243;][\/vc_column][vc_column width=&#8221;1\/5&#8243;][\/vc_column][vc_column width=&#8221;1\/5&#8243;][\/vc_column][\/vc_row][vc_row full_width=&#8221;stretch_row&#8221;][vc_column][vc_separator color=&#8221;custom&#8221; border_width=&#8221;2&#8243; el_width=&#8221;70&#8243; accent_color=&#8221;#7f5b23&#8243;][\/vc_column][\/vc_row][vc_row full_width=&#8221;stretch_row_content_no_spaces&#8221; gap=&#8221;20&#8243;][vc_column][vc_single_image image=&#8221;14979&#8243; img_size=&#8221;1920&#215;1079&#8243; alignment=&#8221;center&#8221;][\/vc_column][\/vc_row][vc_row full_width=&#8221;stretch_row_content_no_spaces&#8221;][vc_column width=&#8221;1\/5&#8243; css=&#8221;.vc_custom_1697537776019{padding-right:\" \/>\n<meta property=\"og:url\" content=\"https:\/\/marinky.amenity.cz\/de\/dienstleistungen-resort\/\" \/>\n<meta property=\"og:site_name\" content=\"Amenity Marinky\" \/>\n<meta property=\"article:modified_time\" content=\"2026-01-20T15:33:42+00:00\" \/>\n<meta property=\"og:image\" content=\"https:\/\/marinky.amenity.cz\/wp-content\/uploads\/sites\/16\/2023\/01\/lipno-amenity-resort-zma-lipno_1600x630_2.jpg\" \/>\n\t<meta property=\"og:image:width\" content=\"1600\" \/>\n\t<meta property=\"og:image:height\" content=\"630\" \/>\n\t<meta property=\"og:image:type\" content=\"image\/jpeg\" \/>\n<meta name=\"twitter:card\" content=\"summary_large_image\" \/>\n<meta name=\"twitter:label1\" content=\"Gesch\u00e4tzte Lesezeit\" \/>\n\t<meta name=\"twitter:data1\" content=\"5\u00a0Minuten\" \/>\n<script type=\"application\/ld+json\" class=\"yoast-schema-graph\">{\"@context\":\"https:\\\/\\\/schema.org\",\"@graph\":[{\"@type\":\"WebPage\",\"@id\":\"https:\\\/\\\/marinky.amenity.cz\\\/de\\\/dienstleistungen-resort\\\/\",\"url\":\"https:\\\/\\\/marinky.amenity.cz\\\/de\\\/dienstleistungen-resort\\\/\",\"name\":\"Dienstleistungen - Resort - Amenity Marinky\",\"isPartOf\":{\"@id\":\"https:\\\/\\\/marinky.amenity.cz\\\/de\\\/cs\\\/#website\"},\"primaryImageOfPage\":{\"@id\":\"https:\\\/\\\/marinky.amenity.cz\\\/de\\\/dienstleistungen-resort\\\/#primaryimage\"},\"image\":{\"@id\":\"https:\\\/\\\/marinky.amenity.cz\\\/de\\\/dienstleistungen-resort\\\/#primaryimage\"},\"thumbnailUrl\":\"https:\\\/\\\/marinky.amenity.cz\\\/wp-content\\\/uploads\\\/sites\\\/16\\\/2023\\\/01\\\/lipno-amenity-resort-zma-lipno_1600x630_2.jpg\",\"datePublished\":\"2024-03-15T09:22:06+00:00\",\"dateModified\":\"2026-01-20T15:33:42+00:00\",\"breadcrumb\":{\"@id\":\"https:\\\/\\\/marinky.amenity.cz\\\/de\\\/dienstleistungen-resort\\\/#breadcrumb\"},\"inLanguage\":\"de\",\"potentialAction\":[{\"@type\":\"ReadAction\",\"target\":[\"https:\\\/\\\/marinky.amenity.cz\\\/de\\\/dienstleistungen-resort\\\/\"]}]},{\"@type\":\"ImageObject\",\"inLanguage\":\"de\",\"@id\":\"https:\\\/\\\/marinky.amenity.cz\\\/de\\\/dienstleistungen-resort\\\/#primaryimage\",\"url\":\"https:\\\/\\\/marinky.amenity.cz\\\/wp-content\\\/uploads\\\/sites\\\/16\\\/2023\\\/01\\\/lipno-amenity-resort-zma-lipno_1600x630_2.jpg\",\"contentUrl\":\"https:\\\/\\\/marinky.amenity.cz\\\/wp-content\\\/uploads\\\/sites\\\/16\\\/2023\\\/01\\\/lipno-amenity-resort-zma-lipno_1600x630_2.jpg\",\"width\":1600,\"height\":630},{\"@type\":\"BreadcrumbList\",\"@id\":\"https:\\\/\\\/marinky.amenity.cz\\\/de\\\/dienstleistungen-resort\\\/#breadcrumb\",\"itemListElement\":[{\"@type\":\"ListItem\",\"position\":1,\"name\":\"Dom\u016f\",\"item\":\"https:\\\/\\\/marinky.amenity.cz\\\/de\\\/\"},{\"@type\":\"ListItem\",\"position\":2,\"name\":\"Dienstleistungen &#8211; Resort\"}]},{\"@type\":\"WebSite\",\"@id\":\"https:\\\/\\\/marinky.amenity.cz\\\/de\\\/cs\\\/#website\",\"url\":\"https:\\\/\\\/marinky.amenity.cz\\\/de\\\/cs\\\/\",\"name\":\"Amenity Marinky\",\"description\":\"\",\"potentialAction\":[{\"@type\":\"SearchAction\",\"target\":{\"@type\":\"EntryPoint\",\"urlTemplate\":\"https:\\\/\\\/marinky.amenity.cz\\\/de\\\/cs\\\/?s={search_term_string}\"},\"query-input\":{\"@type\":\"PropertyValueSpecification\",\"valueRequired\":true,\"valueName\":\"search_term_string\"}}],\"inLanguage\":\"de\"}]}<\/script>\n<!-- \/ Yoast SEO Premium plugin. -->","yoast_head_json":{"title":"Dienstleistungen - Resort - Amenity Marinky","robots":{"index":"noindex","follow":"follow","max-snippet":"max-snippet:-1","max-image-preview":"max-image-preview:large","max-video-preview":"max-video-preview:-1"},"og_locale":"de_DE","og_type":"article","og_title":"Dienstleistungen - Resort","og_description":"[vc_row full_width=&#8221;stretch_row&#8221;][vc_column][\/vc_column][\/vc_row][vc_row gap=&#8221;25&#8243; content_placement=&#8221;middle&#8221;][vc_column width=&#8221;1\/2&#8243;][vc_separator color=&#8221;custom&#8221; border_width=&#8221;2&#8243; el_width=&#8221;70&#8243; accent_color=&#8221;#7f5b23&#8243;][\/vc_column][vc_column width=&#8221;1\/2&#8243;][\/vc_column][\/vc_row][vc_row full_width=&#8221;stretch_row_content_no_spaces&#8221; gap=&#8221;20&#8243;][vc_column width=&#8221;1\/5&#8243;][\/vc_column][vc_column width=&#8221;1\/5&#8243;][\/vc_column][vc_column width=&#8221;1\/5&#8243;][\/vc_column][vc_column width=&#8221;1\/5&#8243;][\/vc_column][vc_column width=&#8221;1\/5&#8243;][\/vc_column][\/vc_row][vc_row full_width=&#8221;stretch_row&#8221;][vc_column][vc_separator color=&#8221;custom&#8221; border_width=&#8221;2&#8243; el_width=&#8221;70&#8243; accent_color=&#8221;#7f5b23&#8243;][\/vc_column][\/vc_row][vc_row full_width=&#8221;stretch_row_content_no_spaces&#8221; gap=&#8221;20&#8243;][vc_column][vc_single_image image=&#8221;14979&#8243; img_size=&#8221;1920&#215;1079&#8243; alignment=&#8221;center&#8221;][\/vc_column][\/vc_row][vc_row full_width=&#8221;stretch_row_content_no_spaces&#8221;][vc_column width=&#8221;1\/5&#8243; css=&#8221;.vc_custom_1697537776019{padding-right:","og_url":"https:\/\/marinky.amenity.cz\/de\/dienstleistungen-resort\/","og_site_name":"Amenity Marinky","article_modified_time":"2026-01-20T15:33:42+00:00","og_image":[{"width":1600,"height":630,"url":"https:\/\/marinky.amenity.cz\/wp-content\/uploads\/sites\/16\/2023\/01\/lipno-amenity-resort-zma-lipno_1600x630_2.jpg","type":"image\/jpeg"}],"twitter_card":"summary_large_image","twitter_misc":{"Gesch\u00e4tzte Lesezeit":"5\u00a0Minuten"},"schema":{"@context":"https:\/\/schema.org","@graph":[{"@type":"WebPage","@id":"https:\/\/marinky.amenity.cz\/de\/dienstleistungen-resort\/","url":"https:\/\/marinky.amenity.cz\/de\/dienstleistungen-resort\/","name":"Dienstleistungen - Resort - Amenity Marinky","isPartOf":{"@id":"https:\/\/marinky.amenity.cz\/de\/cs\/#website"},"primaryImageOfPage":{"@id":"https:\/\/marinky.amenity.cz\/de\/dienstleistungen-resort\/#primaryimage"},"image":{"@id":"https:\/\/marinky.amenity.cz\/de\/dienstleistungen-resort\/#primaryimage"},"thumbnailUrl":"https:\/\/marinky.amenity.cz\/wp-content\/uploads\/sites\/16\/2023\/01\/lipno-amenity-resort-zma-lipno_1600x630_2.jpg","datePublished":"2024-03-15T09:22:06+00:00","dateModified":"2026-01-20T15:33:42+00:00","breadcrumb":{"@id":"https:\/\/marinky.amenity.cz\/de\/dienstleistungen-resort\/#breadcrumb"},"inLanguage":"de","potentialAction":[{"@type":"ReadAction","target":["https:\/\/marinky.amenity.cz\/de\/dienstleistungen-resort\/"]}]},{"@type":"ImageObject","inLanguage":"de","@id":"https:\/\/marinky.amenity.cz\/de\/dienstleistungen-resort\/#primaryimage","url":"https:\/\/marinky.amenity.cz\/wp-content\/uploads\/sites\/16\/2023\/01\/lipno-amenity-resort-zma-lipno_1600x630_2.jpg","contentUrl":"https:\/\/marinky.amenity.cz\/wp-content\/uploads\/sites\/16\/2023\/01\/lipno-amenity-resort-zma-lipno_1600x630_2.jpg","width":1600,"height":630},{"@type":"BreadcrumbList","@id":"https:\/\/marinky.amenity.cz\/de\/dienstleistungen-resort\/#breadcrumb","itemListElement":[{"@type":"ListItem","position":1,"name":"Dom\u016f","item":"https:\/\/marinky.amenity.cz\/de\/"},{"@type":"ListItem","position":2,"name":"Dienstleistungen &#8211; Resort"}]},{"@type":"WebSite","@id":"https:\/\/marinky.amenity.cz\/de\/cs\/#website","url":"https:\/\/marinky.amenity.cz\/de\/cs\/","name":"Amenity Marinky","description":"","potentialAction":[{"@type":"SearchAction","target":{"@type":"EntryPoint","urlTemplate":"https:\/\/marinky.amenity.cz\/de\/cs\/?s={search_term_string}"},"query-input":{"@type":"PropertyValueSpecification","valueRequired":true,"valueName":"search_term_string"}}],"inLanguage":"de"}]}},"_links":{"self":[{"href":"https:\/\/marinky.amenity.cz\/de\/wp-json\/wp\/v2\/pages\/15065","targetHints":{"allow":["GET"]}}],"collection":[{"href":"https:\/\/marinky.amenity.cz\/de\/wp-json\/wp\/v2\/pages"}],"about":[{"href":"https:\/\/marinky.amenity.cz\/de\/wp-json\/wp\/v2\/types\/page"}],"author":[{"embeddable":true,"href":"https:\/\/marinky.amenity.cz\/de\/wp-json\/wp\/v2\/users\/3"}],"replies":[{"embeddable":true,"href":"https:\/\/marinky.amenity.cz\/de\/wp-json\/wp\/v2\/comments?post=15065"}],"version-history":[{"count":7,"href":"https:\/\/marinky.amenity.cz\/de\/wp-json\/wp\/v2\/pages\/15065\/revisions"}],"predecessor-version":[{"id":18607,"href":"https:\/\/marinky.amenity.cz\/de\/wp-json\/wp\/v2\/pages\/15065\/revisions\/18607"}],"wp:featuredmedia":[{"embeddable":true,"href":"https:\/\/marinky.amenity.cz\/de\/wp-json\/wp\/v2\/media\/12275"}],"wp:attachment":[{"href":"https:\/\/marinky.amenity.cz\/de\/wp-json\/wp\/v2\/media?parent=15065"}],"curies":[{"name":"wp","href":"https:\/\/api.w.org\/{rel}","templated":true}]}}