{"id":14967,"date":"2024-03-14T15:01:17","date_gmt":"2024-03-14T14:01:17","guid":{"rendered":"https:\/\/marinky.amenity.cz\/?page_id=14967"},"modified":"2026-03-13T15:29:42","modified_gmt":"2026-03-13T14:29:42","slug":"check-in-informationen-fuer-gaeste","status":"publish","type":"page","link":"https:\/\/marinky.amenity.cz\/de\/check-in-informationen-fuer-gaeste\/","title":{"rendered":"Check-in \u2013 Informationen f\u00fcr G\u00e4ste"},"content":{"rendered":"<div class=\"wpb-content-wrapper\"><p>[vc_row full_width=&#8221;stretch_row&#8221;][vc_column]<script>console.log(\"Fotogalerie-sluzby-stranka-DE: Please register the Slider Revolution plugin to use premium templates.\")<\/script>\n[\/vc_column][\/vc_row][vc_row full_width=&#8221;stretch_row_content_no_spaces&#8221;][vc_column width=&#8221;1\/6&#8243;][\/vc_column][vc_column width=&#8221;4\/6&#8243;]<div  class=\"empty-space  marg-lg-b25 marg-xs-b50\"><\/div>[vc_separator color=&#8221;custom&#8221; border_width=&#8221;2&#8243; el_width=&#8221;50&#8243; accent_color=&#8221;#7f5b23&#8243;]<div class=\"text-block \" ><div class=\"simple-text \"><p style=\"text-align: center;\"><strong>Zusammenfassung wichtiger Informationen f\u00fcr G\u00e4ste<\/strong><\/p>\n<h1 style=\"text-align: center;\">Allgemeine Informationen \u00fcber resort<\/h1>\n<\/div><\/div><div class=\"text-block \" ><div class=\"simple-text \"><p style=\"text-align: center;\">Das breite Leistungsangebot unseres Resorts kann f\u00fcr Sie verwirrend sein. Aus diesem Grund haben wir einen \u00dcberblick \u00fcber die wichtigsten Dinge zusammengestellt, um Ihren Aufenthalt im Amenity Hotel &amp; Resort Lipno so angenehm wie m\u00f6glich zu gestalten.<\/p>\n<p style=\"text-align: center;\">Amenity Lipno ist ein Resort, in dem sich die einzelnen Teile der Anlage in separaten Geb\u00e4uden befinden. Fr\u00fchst\u00fcck und Abendessen werden in unserem Restaurant serviert, das sich in einem anderen Geb\u00e4ude als das Hotel befindet. Auch das Wellnesscenter befindet sich in einem separaten Geb\u00e4ude, um Ihnen maximale Ruhe und Privatsph\u00e4re zum Entspannen zu bieten.<\/p>\n<\/div><\/div>[vc_separator color=&#8221;custom&#8221; border_width=&#8221;2&#8243; el_width=&#8221;50&#8243; accent_color=&#8221;#7f5b23&#8243;]<div  class=\"empty-space  marg-lg-b25 marg-xs-b50\"><\/div><div class=\" ubtn-ctn-center \"><a class=\"ubtn-link ult-adjust-bottom-margin ubtn-center ubtn-normal \" href=\"https:\/\/marinky.amenity.cz\/de\/faq\/\" ><button type=\"button\" id=\"ubtn-7562\"  class=\"ubtn ult-adjust-bottom-margin ult-responsive ubtn-normal ubtn-no-hover-bg  ulta-grow  ubtn-center   tooltip-69ea1d62e0602\"  data-hover=\"\" data-border-color=\"#7f5b23\" data-bg=\"\" data-hover-bg=\"\" data-border-hover=\"\" data-shadow-hover=\"\" data-shadow-click=\"none\" data-shadow=\"\" data-shd-shadow=\"\"  data-ultimate-target='#ubtn-7562'  data-responsive-json-new='{\"font-size\":\"\",\"line-height\":\"\"}'  style=\"font-weight:normal;border-radius:3px;border-width:1px;border-color:#7f5b23;border-style:solid;color: #7f5b23;\"><span class=\"ubtn-hover\" style=\"background-color:\"><\/span><span class=\"ubtn-data ubtn-text \" >FAQ \u2013 Die h\u00e4ufigsten Fragen unserer G\u00e4ste<\/span><\/button><\/a><\/div><div  class=\"empty-space  marg-lg-b25 marg-xs-b50\"><\/div>[\/vc_column][vc_column width=&#8221;1\/6&#8243;][\/vc_column][\/vc_row][vc_row full_width=&#8221;stretch_row_content_no_spaces&#8221; bg_type=&#8221;bg_color&#8221; css=&#8221;.vc_custom_1710423558308{background-color: #293635 !important;}&#8221; bg_color_value=&#8221;#293635&#8243;][vc_column width=&#8221;1\/4&#8243;][\/vc_column][vc_column width=&#8221;1\/4&#8243;]<div  class=\"empty-space  marg-lg-b25 marg-xs-b50\"><\/div>[vc_separator color=&#8221;custom&#8221; border_width=&#8221;2&#8243; el_width=&#8221;50&#8243; accent_color=&#8221;#7f5b23&#8243;]<div  class=\"empty-space  marg-lg-b10 marg-xs-b50\"><\/div><div class=\"text-block \" ><div class=\"simple-text \"><h3 style=\"text-align: center;\"><span style=\"color: #ffffff;\"><b>GRUNDLEGENDE INFORMATIONEN<\/b><\/span><\/h3>\n<p style=\"text-align: center;\"><span style=\"color: #ffffff;\"><b><strong>Fr\u00fchst\u00fcck<br \/>\n<\/strong><\/b>7:30\u201310:00<\/span><br \/>\n<b><\/b><\/p>\n<p style=\"text-align: center;\"><span style=\"color: #ffffff;\"><b><strong>Abendessen<br \/>\n<\/strong><\/b>18:00\u201320:30<\/span><br \/>\n<b><\/b><\/p>\n<p style=\"text-align: center;\"><span style=\"color: #ffffff;\"><b><strong>Rezeption<br \/>\n<\/strong><\/b>6:30\u201322:30<\/span><br \/>\n<span style=\"color: #ffffff;\">22:30\u20136:30 nur telefonisch erreichbar<\/span><br \/>\n<span style=\"color: #ffffff;\">Tel: (+420) 380 731 777<\/span><br \/>\n<span style=\"color: #ffffff;\">E: <a style=\"color: #ffffff;\" href=\"mailto:lipno@amenity.cz\">lipno@amenity.cz<\/a><\/span><br \/>\n<span style=\"color: #ffffff;\">Nach Schlie\u00dfung der Rezeption k\u00f6nnen Sie den Seiteneingang im Untergeschoss nutzen, den Sie mit Ihrer Zimmerkarte \u00f6ffnen k\u00f6nnen.<\/span><\/p>\n<p style=\"text-align: center;\"><span style=\"color: #ffffff;\"><b><strong>Ankunftszeit<br \/>\n<\/strong><\/b><u>16:00<\/u><\/span><\/p>\n<p style=\"text-align: center;\"><span style=\"color: #ffffff;\"><b><strong>Abreisezeit<br \/>\n<\/strong><\/b><u>10:00<br \/>\n<\/u>Bitte geben Sie Ihren Schl\u00fcssel bei der Abreise an der Rezeption ab.<\/span><\/p>\n<p style=\"text-align: center;\"><span style=\"color: #ffffff;\"><b><strong>Safe<\/strong><\/b><\/span><\/p>\n<p style=\"text-align: center;\"><span style=\"color: #ffffff;\">In den Hotelzimmern und in den DeLuxe-H\u00e4usern k\u00f6nnen Sie einen Safe zur Aufbewahrung Ihrer Wertsachen nutzen<i>.<\/i><\/span><\/p>\n<p style=\"text-align: center;\"><span style=\"color: #ffffff;\"><b><strong>Lobby-Bar<\/strong><\/b><\/span><\/p>\n<p style=\"text-align: center;\"><span style=\"color: #ffffff;\">Befindet sich neben der Hotelrezeption.<\/span><br \/>\n<span style=\"color: #ffffff;\">6:30\u201322:30<\/span><\/p>\n<p style=\"text-align: center;\"><span style=\"color: #ffffff;\"><b><strong>Brettspiele<\/strong><\/b><\/span><\/p>\n<p style=\"text-align: center;\"><span style=\"color: #ffffff;\">Kostenlos an der Hotelrezeption erh\u00e4ltlich.<\/span><\/p>\n<p style=\"text-align: center;\"><span style=\"color: #ffffff;\"><b><strong>Wir beraten Sie gerne<\/strong><\/b><\/span><\/p>\n<p style=\"text-align: center;\"><span style=\"color: #ffffff;\">Wenn Ihnen etwas fehlt, Sie Beratung zu einem Ausflug ben\u00f6tigen oder einen Mangel feststellen, wenden Sie sich bitte an die Rezeption. Wir werden alles in unserer Macht Stehende tun, um Ihnen einen m\u00f6glichst angenehmen Aufenthalt zu bieten.<\/span><\/p>\n<p style=\"text-align: center;\"><span style=\"color: #ffffff;\"><b><strong>Schlafen Sie wie auf Wolken<\/strong><\/b><\/span><\/p>\n<p style=\"text-align: center;\"><span style=\"color: #ffffff;\">Sind Sie mit Ihrer Matratze oder Ihrem Kissen nicht zufrieden? Wenden Sie sich bitte an die Rezeption. Wir haben verschiedene Arten von Matratzenauflagen und Kissen zur Verf\u00fcgung.<\/span><\/p>\n<p style=\"text-align: center;\"><span style=\"color: #ffffff;\"><b>Geb\u00fchr f\u00fcr Haustiere<\/b><\/span><\/p>\n<p style=\"text-align: center;\"><span style=\"color: #ffffff;\"><u>500 CZK\/1 Nacht<br \/>\n<\/u>Wir empfehlen Ihnen, sich vorab an der Rezeption nach der Verf\u00fcgbarkeit von Zimmern f\u00fcr Haustiere zu erkundigen. Geben Sie bei der Buchung unter \u201eSonderw\u00fcnsche\u201d die Anzahl der Haustiere an. Die Zahlung erfolgt bei der Ankunft an der Rezeption.<\/span><\/p>\n<\/div><\/div><div  class=\"empty-space  marg-lg-b25 marg-xs-b50\"><\/div>[\/vc_column][vc_column width=&#8221;1\/4&#8243;]<div  class=\"empty-space  marg-lg-b25 marg-xs-b50\"><\/div>[vc_separator color=&#8221;custom&#8221; border_width=&#8221;2&#8243; el_width=&#8221;50&#8243; accent_color=&#8221;#7f5b23&#8243;]<div  class=\"empty-space  marg-lg-b10 marg-xs-b50\"><\/div><div class=\"text-block \" ><div class=\"simple-text \"><h3 style=\"text-align: center;\"><span style=\"color: #ffffff;\"><b>DIENSTLEISTUNGEN UND AKTIVIT\u00c4TEN<\/b><\/span><\/h3>\n<p style=\"text-align: center;\"><span style=\"color: #ffffff;\"><b><strong>Amenity Restaurant Blue Lipno<\/strong><\/b><\/span><\/p>\n<p style=\"text-align: center;\"><span style=\"color: #ffffff;\">11:00 \u2013 22:00<\/span><br \/>\n<span style=\"color: #ffffff;\">K\u00fcche eingeschr\u00e4nkt | Limited kitchen<\/span><br \/>\n<span style=\"color: #ffffff;\">16:00\u201318:00 | 20:30\u201321:30<\/span><br \/>\n<span style=\"color: #ffffff;\">K\u00fcche geschlossen | Kitchen closed<\/span><br \/>\n<span style=\"color: #ffffff;\">21:30\u201322:00<\/span><br \/>\n<span style=\"color: #ffffff;\">Reservierung (+ 420) 770 177 222<\/span><\/p>\n<p style=\"text-align: center;\"><span style=\"color: #ffffff;\"><b><strong>Wellness (Whirlpools ohne Saunen)<\/strong><\/b><\/span><\/p>\n<p style=\"text-align: center;\"><span style=\"color: #ffffff;\">10:00\u201316:00 Uhr (Di\u2013So)<\/span><\/p>\n<p style=\"text-align: center;\"><span style=\"color: #ffffff;\"><b><strong>Wellness (Whirlpools und Saunen)<\/strong><\/b><\/span><\/p>\n<p style=\"text-align: center;\"><span style=\"color: #ffffff;\">16:00\u201320:00 Uhr (Di\u2013So)<\/span><\/p>\n<p style=\"text-align: center;\"><span style=\"color: #ffffff;\"><b><strong>Massagen<\/strong><\/b><\/span><\/p>\n<p style=\"text-align: center;\"><span style=\"color: #ffffff;\">Reservierung 24 Stunden im Voraus.<\/span><br \/>\n<span style=\"color: #ffffff;\">Tel.: (+420) 725 991 991<\/span><\/p>\n<p style=\"text-align: center;\"><span style=\"color: #ffffff;\"><b><strong>Schwimmbad<\/strong><\/b><\/span><\/p>\n<p style=\"text-align: center;\"><span style=\"color: #ffffff;\">Die Eintrittskarte und das Handtuch erhalten Sie an der Hotelrezeption.<\/span><br \/>\n<span style=\"color: #ffffff;\">7:00\u201321:00 Uhr | 7:00\u201319:00 Uhr Eintritt frei<\/span><br \/>\n<span style=\"color: #ffffff;\">Nach 19:00 Uhr betr\u00e4gt der Eintritt 200 CZK\/Person.<\/span><\/p>\n<p style=\"text-align: center;\"><span style=\"color: #ffffff;\"><b><strong>Ausstattung Sport Arena Lipno<\/strong><\/b><\/span><\/p>\n<p style=\"text-align: center;\"><span style=\"color: #ffffff;\">Fitness, Badminton, Squash, Tischtennis, PLAYzone.<\/span><br \/>\n<span style=\"color: #ffffff;\">9:00\u201320:00<\/span><\/p>\n<p style=\"text-align: center;\"><span style=\"color: #ffffff;\"><b><strong>Bowling<\/strong><\/b><\/span><\/p>\n<p style=\"text-align: center;\"><span style=\"color: #ffffff;\">11:00\u201322:00<\/span><br \/>\n<span style=\"color: #ffffff;\">Reservierung (+ 420) 770 177 222<\/span><\/p>\n<p style=\"text-align: center;\"><span style=\"color: #ffffff;\"><strong>LEGO Ausstellung Czech RepuBRICK<br \/>\n<\/strong>Fr-So 10:00-18:00<\/span><\/p>\n<p style=\"text-align: center;\"><span style=\"color: #ffffff;\"><b><strong>Reservierung von Resortaktivit\u00e4ten<\/strong><\/b><\/span><\/p>\n<p style=\"text-align: center;\"><span style=\"color: #ffffff;\">Bei hoher Auslastung des Resorts empfehlen wir, Aktivit\u00e4ten im Voraus zu reservieren.<\/span><\/p>\n<p style=\"text-align: center;\"><span style=\"color: #ffffff;\"><b><strong>Nichtraucherzimmer<\/strong><\/b><\/span><\/p>\n<p style=\"text-align: center;\"><span style=\"color: #ffffff;\">Sehr geehrte G\u00e4ste, das Amenity Hotel &amp; Resort Lipno ist ein striktes Nichtraucherhotel. Bei Verst\u00f6\u00dfen gegen das Rauchverbot wird Ihnen eine Geb\u00fchr in H\u00f6he von 5.000 CZK f\u00fcr die Gef\u00e4hrdung der Brandschutzsicherheit und die gr\u00fcndliche Reinigung des Zimmers in Rechnung gestellt.<\/span><\/p>\n<\/div><\/div><div  class=\"empty-space  marg-lg-b25 marg-xs-b50\"><\/div>[\/vc_column][vc_column width=&#8221;1\/4&#8243;][\/vc_column][\/vc_row][vc_row full_width=&#8221;stretch_row_content_no_spaces&#8221;][vc_column][vc_single_image image=&#8221;14979&#8243; img_size=&#8221;1920&#215;1079&#8243; alignment=&#8221;center&#8221;][\/vc_column][\/vc_row][vc_row full_width=&#8221;stretch_row_content_no_spaces&#8221;][vc_column width=&#8221;1\/6&#8243;][\/vc_column][vc_column width=&#8221;4\/6&#8243;]<div  class=\"empty-space  marg-lg-b25 marg-xs-b50\"><\/div><div class=\"text-block \" ><div class=\"simple-text \"><h3 style=\"text-align: center;\">Wir w\u00fcnschen Ihnen einen angenehmen Aufenthalt<\/h3>\n<\/div><\/div><div  class=\"empty-space  marg-lg-b25 marg-xs-b50\"><\/div>[\/vc_column][vc_column width=&#8221;1\/6&#8243;][\/vc_column][\/vc_row][vc_row full_width=&#8221;stretch_row_content_no_spaces&#8221; bg_type=&#8221;bg_color&#8221; css=&#8221;.vc_custom_1710423600487{background-color: #293635 !important;}&#8221; bg_color_value=&#8221;#293635&#8243;][vc_column][vc_raw_js]JTNDc2NyaXB0JTNFJTBBJTIwJTIwJTIwJTIwJTIwJTIwJTIwJTIwJTI4ZnVuY3Rpb24lMjAlMjh3JTJDZCUyQ3MlMkNvJTJDZiUyQ2pzJTJDZmpzJTI5JTIwJTdCJTBBJTIwJTIwJTIwJTIwJTIwJTIwJTIwJTIwJTIwJTIwJTIwJTIwdyU1QiUyN2VjbS13aWRnZXQlMjclNUQlM0RvJTNCdyU1Qm8lNUQlMjAlM0QlMjB3JTVCbyU1RCUyMCU3QyU3QyUyMGZ1bmN0aW9uJTIwJTI4JTI5JTIwJTdCJTIwJTI4dyU1Qm8lNUQucSUyMCUzRCUyMHclNUJvJTVELnElMjAlN0MlN0MlMjAlNUIlNUQlMjkucHVzaCUyOGFyZ3VtZW50cyUyOSUyMCU3RCUzQiUwQSUyMCUyMCUyMCUyMCUyMCUyMCUyMCUyMCUyMCUyMCUyMCUyMGpzJTIwJTNEJTIwZC5jcmVhdGVFbGVtZW50JTI4cyUyOSUyQyUyMGZqcyUyMCUzRCUyMGQuZ2V0RWxlbWVudHNCeVRhZ05hbWUlMjhzJTI5JTVCMCU1RCUzQiUwQSUyMCUyMCUyMCUyMCUyMCUyMCUyMCUyMCUyMCUyMCUyMCUyMGpzLmlkJTIwJTNEJTIwJTI3MTgtZWViOTZlY2Q4ZWVmYzE1ZjIxOTgyNDZlNzI4NTEwZjElMjclM0IlMjBqcy5kYXRhc2V0LmElMjAlM0QlMjAlMjdhbWVuaXR5cmVzb3J0cyUyNyUzQiUyMGpzLnNyYyUyMCUzRCUyMGYlM0IlMjBqcy5hc3luYyUyMCUzRCUyMDElM0IlMjBmanMucGFyZW50Tm9kZS5pbnNlcnRCZWZvcmUlMjhqcyUyQyUyMGZqcyUyOSUzQiUwQSUyMCUyMCUyMCUyMCUyMCUyMCUyMCUyMCU3RCUyOHdpbmRvdyUyQyUyMGRvY3VtZW50JTJDJTIwJTI3c2NyaXB0JTI3JTJDJTIwJTI3ZWNtd2lkZ2V0JTI3JTJDJTIwJTI3aHR0cHMlM0ElMkYlMkZkNzBzaGw3dmlkdGZ0LmNsb3VkZnJvbnQubmV0JTJGd2lkZ2V0LmpzJTI3JTI5JTI5JTNCJTBBJTIwJTIwJTIwJTIwJTNDJTJGc2NyaXB0JTNFJTBBJTIwJTIwJTIwJTIwJTIwJTIwJTIwJTIwJTIwJTIwJTIwJTIwJTNDZGl2JTIwaWQlM0QlMjJmLTE4LWVlYjk2ZWNkOGVlZmMxNWYyMTk4MjQ2ZTcyODUxMGYxJTIyJTNFJTNDJTJGZGl2JTNF[\/vc_raw_js][\/vc_column][\/vc_row]<\/p>\n<\/div>","protected":false},"excerpt":{"rendered":"<p>[vc_row full_width=&#8221;stretch_row&#8221;][vc_column][\/vc_column][\/vc_row][vc_row full_width=&#8221;stretch_row_content_no_spaces&#8221;][vc_column width=&#8221;1\/6&#8243;][\/vc_column][vc_column width=&#8221;4\/6&#8243;][vc_separator color=&#8221;custom&#8221; border_width=&#8221;2&#8243; el_width=&#8221;50&#8243; accent_color=&#8221;#7f5b23&#8243;][vc_separator color=&#8221;custom&#8221; border_width=&#8221;2&#8243; el_width=&#8221;50&#8243; accent_color=&#8221;#7f5b23&#8243;][\/vc_column][vc_column width=&#8221;1\/6&#8243;][\/vc_column][\/vc_row][vc_row full_width=&#8221;stretch_row_content_no_spaces&#8221; bg_type=&#8221;bg_color&#8221; css=&#8221;.vc_custom_1710423558308{background-color: #293635 !important;}&#8221; bg_color_value=&#8221;#293635&#8243;][vc_column width=&#8221;1\/4&#8243;][\/vc_column][vc_column width=&#8221;1\/4&#8243;][vc_separator color=&#8221;custom&#8221; border_width=&#8221;2&#8243; el_width=&#8221;50&#8243; accent_color=&#8221;#7f5b23&#8243;][\/vc_column][vc_column width=&#8221;1\/4&#8243;][vc_separator color=&#8221;custom&#8221; border_width=&#8221;2&#8243; el_width=&#8221;50&#8243;<\/p>\n","protected":false},"author":3,"featured_media":0,"parent":0,"menu_order":0,"comment_status":"closed","ping_status":"closed","template":"","meta":{"footnotes":""},"class_list":["post-14967","page","type-page","status-publish","hentry"],"yoast_head":"<!-- This site is optimized with the Yoast SEO Premium plugin v27.3 (Yoast SEO v27.3) - https:\/\/yoast.com\/product\/yoast-seo-premium-wordpress\/ -->\n<title>Check-in \u2013 Informationen f\u00fcr G\u00e4ste - Amenity Marinky<\/title>\n<meta name=\"description\" content=\"Wir w\u00fcnschen Ihnen einen angenehmen Aufenthalt\" \/>\n<meta name=\"robots\" content=\"noindex, nofollow\" \/>\n<meta property=\"og:locale\" content=\"de_DE\" \/>\n<meta property=\"og:type\" content=\"article\" \/>\n<meta property=\"og:title\" content=\"Check-in \u2013 Informationen f\u00fcr G\u00e4ste\" \/>\n<meta property=\"og:description\" content=\"Wir w\u00fcnschen Ihnen einen angenehmen Aufenthalt\" \/>\n<meta property=\"og:url\" content=\"https:\/\/marinky.amenity.cz\/de\/check-in-informationen-fuer-gaeste\/\" \/>\n<meta property=\"og:site_name\" content=\"Amenity Marinky\" \/>\n<meta property=\"article:modified_time\" content=\"2026-03-13T14:29:42+00:00\" \/>\n<meta name=\"twitter:card\" content=\"summary_large_image\" \/>\n<meta name=\"twitter:label1\" content=\"Gesch\u00e4tzte Lesezeit\" \/>\n\t<meta name=\"twitter:data1\" content=\"5\u00a0Minuten\" \/>\n<script type=\"application\/ld+json\" class=\"yoast-schema-graph\">{\"@context\":\"https:\\\/\\\/schema.org\",\"@graph\":[{\"@type\":\"WebPage\",\"@id\":\"https:\\\/\\\/marinky.amenity.cz\\\/de\\\/check-in-informationen-fuer-gaeste\\\/\",\"url\":\"https:\\\/\\\/marinky.amenity.cz\\\/de\\\/check-in-informationen-fuer-gaeste\\\/\",\"name\":\"Check-in \u2013 Informationen f\u00fcr G\u00e4ste - Amenity Marinky\",\"isPartOf\":{\"@id\":\"https:\\\/\\\/marinky.amenity.cz\\\/de\\\/cs\\\/#website\"},\"datePublished\":\"2024-03-14T14:01:17+00:00\",\"dateModified\":\"2026-03-13T14:29:42+00:00\",\"description\":\"Wir w\u00fcnschen Ihnen einen angenehmen Aufenthalt\",\"breadcrumb\":{\"@id\":\"https:\\\/\\\/marinky.amenity.cz\\\/de\\\/check-in-informationen-fuer-gaeste\\\/#breadcrumb\"},\"inLanguage\":\"de\",\"potentialAction\":[{\"@type\":\"ReadAction\",\"target\":[\"https:\\\/\\\/marinky.amenity.cz\\\/de\\\/check-in-informationen-fuer-gaeste\\\/\"]}]},{\"@type\":\"BreadcrumbList\",\"@id\":\"https:\\\/\\\/marinky.amenity.cz\\\/de\\\/check-in-informationen-fuer-gaeste\\\/#breadcrumb\",\"itemListElement\":[{\"@type\":\"ListItem\",\"position\":1,\"name\":\"Dom\u016f\",\"item\":\"https:\\\/\\\/marinky.amenity.cz\\\/de\\\/\"},{\"@type\":\"ListItem\",\"position\":2,\"name\":\"Check-in \u2013 Informationen f\u00fcr G\u00e4ste\"}]},{\"@type\":\"WebSite\",\"@id\":\"https:\\\/\\\/marinky.amenity.cz\\\/de\\\/cs\\\/#website\",\"url\":\"https:\\\/\\\/marinky.amenity.cz\\\/de\\\/cs\\\/\",\"name\":\"Amenity Marinky\",\"description\":\"\",\"potentialAction\":[{\"@type\":\"SearchAction\",\"target\":{\"@type\":\"EntryPoint\",\"urlTemplate\":\"https:\\\/\\\/marinky.amenity.cz\\\/de\\\/cs\\\/?s={search_term_string}\"},\"query-input\":{\"@type\":\"PropertyValueSpecification\",\"valueRequired\":true,\"valueName\":\"search_term_string\"}}],\"inLanguage\":\"de\"}]}<\/script>\n<!-- \/ Yoast SEO Premium plugin. -->","yoast_head_json":{"title":"Check-in \u2013 Informationen f\u00fcr G\u00e4ste - Amenity Marinky","description":"Wir w\u00fcnschen Ihnen einen angenehmen Aufenthalt","robots":{"index":"noindex","follow":"nofollow"},"og_locale":"de_DE","og_type":"article","og_title":"Check-in \u2013 Informationen f\u00fcr G\u00e4ste","og_description":"Wir w\u00fcnschen Ihnen einen angenehmen Aufenthalt","og_url":"https:\/\/marinky.amenity.cz\/de\/check-in-informationen-fuer-gaeste\/","og_site_name":"Amenity Marinky","article_modified_time":"2026-03-13T14:29:42+00:00","twitter_card":"summary_large_image","twitter_misc":{"Gesch\u00e4tzte Lesezeit":"5\u00a0Minuten"},"schema":{"@context":"https:\/\/schema.org","@graph":[{"@type":"WebPage","@id":"https:\/\/marinky.amenity.cz\/de\/check-in-informationen-fuer-gaeste\/","url":"https:\/\/marinky.amenity.cz\/de\/check-in-informationen-fuer-gaeste\/","name":"Check-in \u2013 Informationen f\u00fcr G\u00e4ste - Amenity Marinky","isPartOf":{"@id":"https:\/\/marinky.amenity.cz\/de\/cs\/#website"},"datePublished":"2024-03-14T14:01:17+00:00","dateModified":"2026-03-13T14:29:42+00:00","description":"Wir w\u00fcnschen Ihnen einen angenehmen Aufenthalt","breadcrumb":{"@id":"https:\/\/marinky.amenity.cz\/de\/check-in-informationen-fuer-gaeste\/#breadcrumb"},"inLanguage":"de","potentialAction":[{"@type":"ReadAction","target":["https:\/\/marinky.amenity.cz\/de\/check-in-informationen-fuer-gaeste\/"]}]},{"@type":"BreadcrumbList","@id":"https:\/\/marinky.amenity.cz\/de\/check-in-informationen-fuer-gaeste\/#breadcrumb","itemListElement":[{"@type":"ListItem","position":1,"name":"Dom\u016f","item":"https:\/\/marinky.amenity.cz\/de\/"},{"@type":"ListItem","position":2,"name":"Check-in \u2013 Informationen f\u00fcr G\u00e4ste"}]},{"@type":"WebSite","@id":"https:\/\/marinky.amenity.cz\/de\/cs\/#website","url":"https:\/\/marinky.amenity.cz\/de\/cs\/","name":"Amenity Marinky","description":"","potentialAction":[{"@type":"SearchAction","target":{"@type":"EntryPoint","urlTemplate":"https:\/\/marinky.amenity.cz\/de\/cs\/?s={search_term_string}"},"query-input":{"@type":"PropertyValueSpecification","valueRequired":true,"valueName":"search_term_string"}}],"inLanguage":"de"}]}},"_links":{"self":[{"href":"https:\/\/marinky.amenity.cz\/de\/wp-json\/wp\/v2\/pages\/14967","targetHints":{"allow":["GET"]}}],"collection":[{"href":"https:\/\/marinky.amenity.cz\/de\/wp-json\/wp\/v2\/pages"}],"about":[{"href":"https:\/\/marinky.amenity.cz\/de\/wp-json\/wp\/v2\/types\/page"}],"author":[{"embeddable":true,"href":"https:\/\/marinky.amenity.cz\/de\/wp-json\/wp\/v2\/users\/3"}],"replies":[{"embeddable":true,"href":"https:\/\/marinky.amenity.cz\/de\/wp-json\/wp\/v2\/comments?post=14967"}],"version-history":[{"count":16,"href":"https:\/\/marinky.amenity.cz\/de\/wp-json\/wp\/v2\/pages\/14967\/revisions"}],"predecessor-version":[{"id":18199,"href":"https:\/\/marinky.amenity.cz\/de\/wp-json\/wp\/v2\/pages\/14967\/revisions\/18199"}],"wp:attachment":[{"href":"https:\/\/marinky.amenity.cz\/de\/wp-json\/wp\/v2\/media?parent=14967"}],"curies":[{"name":"wp","href":"https:\/\/api.w.org\/{rel}","templated":true}]}}